
{"id":11712,"date":"2023-10-10T17:19:50","date_gmt":"2023-10-10T15:19:50","guid":{"rendered":"https:\/\/dev.tandemmadrid.com\/shop\/buchen-sie-den-kurs-spanisch-fuer-leidenschaftliche-kunstliebhaber\/"},"modified":"2024-02-08T11:13:16","modified_gmt":"2024-02-08T10:13:16","slug":"spanisch-kunstliebhaber","status":"publish","type":"product","link":"https:\/\/dev.tandemmadrid.com\/de\/shop-2\/spanisch-kunstliebhaber\/","title":{"rendered":"Buchen Sie den Kurs: Spanisch f\u00fcr Leidenschaftliche Kunstliebhaber"},"content":{"rendered":"<table class=\"tabla-cursos\" border=\"1px\">\n<tbody>\n<tr>\n<td class=\"celdas-izq\">Unterrichtsbeginn des Spanischkurses<\/td>\n<td class=\"celdas-dcha\">JEDEN MONTAG, W\u00c4HREND DES GESAMTEN JAHRESAnf\u00e4nger k\u00f6nnen den Kurs jeden ersten und dritten Montag des Monats beginnen.<\/td>\n<\/tr>\n<tr class=\"fondo-color\">\n<td class=\"celdas-izq\">Unterrichtseinheiten pro Woche<\/td>\n<td class=\"celdas-dcha\">20 Lektionen Spanisch pro Woche \u2013 4 Lektionen pro Tag + 2 Lektionen pro Woche Spanisch und Konversation ab A2 Niveau.<\/td>\n<\/tr>\n<tr>\n<td class=\"celdas-izq\">Dauer<\/td>\n<td class=\"celdas-dcha\">Mindestens 1 Woche Spanischkurs + 2 Museumsbesuche, begleitet von einer Kunstlehrkraft<\/td>\n<\/tr>\n<tr class=\"fondo-color\">\n<td class=\"celdas-izq\">Niveau<\/td>\n<td class=\"celdas-dcha\">Alle Niveaus<\/td>\n<\/tr>\n<tr class=\"fondo-color\">\n<td class=\"celdas-izq\">Dauer einer Unterrichtseinheit<\/td>\n<td class=\"celdas-dcha\">45 Minuten<\/td>\n<\/tr>\n<tr>\n<td class=\"celdas-izq\">Mindestalter<\/td>\n<td class=\"celdas-dcha\">+ 18 Jahre<\/td>\n<\/tr>\n<tr class=\"fondo-color\">\n<td class=\"celdas-izq\">Kulturelle Aktivit\u00e4ten<\/td>\n<td class=\"celdas-dcha\">\n<p>1 Besuch des Prado Museums<\/p>\n<p>+ 1 Besuch des Thyssen Museums<\/p>\n<p>oder Besuch des Reina Sof\u00eda Museums<\/p>\n<\/td>\n<\/tr>\n<tr>\n<td class=\"celdas-izq\">Verf\u00fcgbarkeit<\/td>\n<td class=\"celdas-dcha\">Das ganze Jahr \u00fcber<\/td>\n<\/tr>\n<tr>\n<td class=\"celdas-izq\">Anmeldegeb\u00fchr<\/td>\n<td class=\"celdas-dcha\"><strong>50\u20ac<\/strong><\/td>\n<\/tr>\n<\/tbody>\n<\/table>\n","protected":false},"excerpt":{"rendered":"<p>Damit Sie wissen, wo Sie leben und die Kultur in gro\u00dfem Umfang zusammen mit der Leidenschaft erleben k\u00f6nnen, l\u00e4dt TANDEM Madrid Sie ein, drei gro\u00dfen Museen zu besuchen. Das Thyssen-Museum, das Prado-Museum und das Reina-Sofia-Museum befinden sich in unmitin der N\u00e4he unserer Schule.<\/p>\n<p>Beinhaltet 2 Museumsbesuche pro Woche. W\u00e4hlen Sie gern auch zus\u00e4tzliche Leistungen f\u00fcr weitere Besuche.<\/p>\n<p style=\"text-align:center;\"><a href=\"\/de\/c\/spanisch-fur-leidenschaftliche-kunstliebhaber\/\" title=\"Mehr \u00fcber den Kurs: Spanisch f\u00fcr Leidenschaftliche Kunstliebhaber\" class=\"buttonaction\">Mehr \u00fcber diesen Kurs<\/a><\/p>\n","protected":false},"featured_media":6656,"template":"","meta":[],"product_cat":[169,172],"product_tag":[],"_links":{"self":[{"href":"https:\/\/dev.tandemmadrid.com\/de\/wp-json\/wp\/v2\/product\/11712"}],"collection":[{"href":"https:\/\/dev.tandemmadrid.com\/de\/wp-json\/wp\/v2\/product"}],"about":[{"href":"https:\/\/dev.tandemmadrid.com\/de\/wp-json\/wp\/v2\/types\/product"}],"version-history":[{"count":0,"href":"https:\/\/dev.tandemmadrid.com\/de\/wp-json\/wp\/v2\/product\/11712\/revisions"}],"wp:featuredmedia":[{"embeddable":true,"href":"https:\/\/dev.tandemmadrid.com\/de\/wp-json\/wp\/v2\/media\/6656"}],"wp:attachment":[{"href":"https:\/\/dev.tandemmadrid.com\/de\/wp-json\/wp\/v2\/media?parent=11712"}],"wp:term":[{"taxonomy":"product_cat","embeddable":true,"href":"https:\/\/dev.tandemmadrid.com\/de\/wp-json\/wp\/v2\/product_cat?post=11712"},{"taxonomy":"product_tag","embeddable":true,"href":"https:\/\/dev.tandemmadrid.com\/de\/wp-json\/wp\/v2\/product_tag?post=11712"}],"curies":[{"name":"wp","href":"https:\/\/api.w.org\/{rel}","templated":true}]}}