
{"id":11713,"date":"2023-10-10T18:49:00","date_gmt":"2023-10-10T16:49:00","guid":{"rendered":"https:\/\/dev.tandemmadrid.com\/shop\/buchen-sie-den-kurs-spanisch-passion-fuer-das-nachtleben-madrids\/"},"modified":"2024-02-08T11:22:44","modified_gmt":"2024-02-08T10:22:44","slug":"nachtleben-madrids","status":"publish","type":"product","link":"https:\/\/dev.tandemmadrid.com\/de\/shop-2\/nachtleben-madrids\/","title":{"rendered":"Buchen Sie den Kurs: Spanisch &#038; Passion f\u00fcr das Nachtleben Madrids"},"content":{"rendered":"<table class=\"tabla-cursos\" width=\"100%\">\n<tbody>\n<tr>\n<td class=\"celdas-izq\"><strong>Beginn<\/strong><\/td>\n<td class=\"celdas-dcha\">Jeden Montag, das ganze Jahr<\/td>\n<\/tr>\n<tr>\n<td class=\"celdas-izq\"><strong>W\u00f6chtentliche Unterrichtseinheiten<\/strong><\/td>\n<td class=\"celdas-dcha\">20 Einheiten\/Woche \u2013 4 Einheiten\/Tag + 2 Lektionen\/Woche Spanisch und Konversation ab A2 Niveau<\/td>\n<\/tr>\n<tr>\n<td class=\"celdas-izq\"><strong>Dauer<\/strong><\/td>\n<td class=\"celdas-dcha\">min. 1 Woche Spanischkurs + Freizeitprogramm an 2 Abenden, die von \u201cInsidern\u201d begleitet werden<\/td>\n<\/tr>\n<tr>\n<td class=\"celdas-izq\"><strong>Level<\/strong><\/td>\n<td class=\"celdas-dcha\">Alle Level<\/td>\n<\/tr>\n<tr>\n<td class=\"celdas-izq\"><strong>Dauer einer Einheit<\/strong><\/td>\n<td class=\"celdas-dcha\">45 Minuten<\/td>\n<\/tr>\n<tr>\n<td class=\"celdas-izq\"><strong>Mindestalter<\/strong><\/td>\n<td class=\"celdas-dcha\">18 Jahre<\/td>\n<\/tr>\n<tr>\n<td class=\"celdas-izq\"><strong>Freizeitprogramm<\/strong><\/td>\n<td class=\"celdas-dcha\">\n<p>Ab 20.00 Uhr<\/p>\n<p>Gef\u00fchrte Tour durch Malasa\u00f1a + gef\u00fchrte Tour durch Chueca<\/p>\n<\/td>\n<\/tr>\n<tr>\n<td class=\"celdas-izq\"><strong>Verf\u00fcgbarkeit<\/strong><\/td>\n<td class=\"celdas-dcha\">Das ganze Jahr<\/td>\n<\/tr>\n<tr>\n<td class=\"celdas-izq\"><strong>Einschreibegeb\u00fchren<\/strong><\/td>\n<td class=\"celdas-dcha\">50\u20ac.<\/td>\n<\/tr>\n<\/tbody>\n<\/table>\n","protected":false},"excerpt":{"rendered":"<p>Der Kurs \u201eSpanisch und die Leidenschaft f\u00fcr das Madrider Nachtleben\u201c umfasst 20 Lektionen pro Woche (4 Lektionen \u00e0 45 Minuten pro Tag) und zwei Lektionen in Begleitung eines spezialisierten Lehrenden und Guides.<br \/>\nUm sich f\u00fcr dieses Programm anzumelden, m\u00fcssen Sie mindestens 18 Jahre alt sein. Es spielt keine Rolle, ob Sie Vorkenntnisse in Spanisch haben oder nicht, da der Kurs f\u00fcr alle Niveaus geeignet ist.<\/p>\n<p style=\"text-align:center;\"><a href=\"\/de\/c\/spanisch-nachtleben-madrids\/\" title=\"Mehr \u00fcber den Kurs: Spanisch &#038; Passion f\u00fcr das Nachtleben Madrids\" class=\"buttonaction\">Mehr \u00fcber diesen Kurs<\/a><\/p>\n","protected":false},"featured_media":7383,"template":"","meta":[],"product_cat":[169,172],"product_tag":[],"_links":{"self":[{"href":"https:\/\/dev.tandemmadrid.com\/de\/wp-json\/wp\/v2\/product\/11713"}],"collection":[{"href":"https:\/\/dev.tandemmadrid.com\/de\/wp-json\/wp\/v2\/product"}],"about":[{"href":"https:\/\/dev.tandemmadrid.com\/de\/wp-json\/wp\/v2\/types\/product"}],"version-history":[{"count":0,"href":"https:\/\/dev.tandemmadrid.com\/de\/wp-json\/wp\/v2\/product\/11713\/revisions"}],"wp:featuredmedia":[{"embeddable":true,"href":"https:\/\/dev.tandemmadrid.com\/de\/wp-json\/wp\/v2\/media\/7383"}],"wp:attachment":[{"href":"https:\/\/dev.tandemmadrid.com\/de\/wp-json\/wp\/v2\/media?parent=11713"}],"wp:term":[{"taxonomy":"product_cat","embeddable":true,"href":"https:\/\/dev.tandemmadrid.com\/de\/wp-json\/wp\/v2\/product_cat?post=11713"},{"taxonomy":"product_tag","embeddable":true,"href":"https:\/\/dev.tandemmadrid.com\/de\/wp-json\/wp\/v2\/product_tag?post=11713"}],"curies":[{"name":"wp","href":"https:\/\/api.w.org\/{rel}","templated":true}]}}