
{"id":11715,"date":"2023-10-10T16:50:08","date_gmt":"2023-10-10T14:50:08","guid":{"rendered":"https:\/\/dev.tandemmadrid.com\/shop\/buchen-sie-den-kurs-spanisch-und-die-leidenschaft-fuer-madrid-und-seine-stadtteile\/"},"modified":"2024-02-08T11:38:40","modified_gmt":"2024-02-08T10:38:40","slug":"madrid-stadtteile","status":"publish","type":"product","link":"https:\/\/dev.tandemmadrid.com\/de\/shop-2\/madrid-stadtteile\/","title":{"rendered":"Buchen Sie den Kurs: Spanisch und die Leidenschaft f\u00fcr Madrid und Seine Stadtteile"},"content":{"rendered":"<table class=\"tabla-cursos\" border=\"1px\">\n<tbody>\n<tr>\n<td class=\"celdas-izq\">Kursbeginn Spanischkurs<\/td>\n<td class=\"celdas-dcha\">Jeden Montag im Jahr<\/td>\n<\/tr>\n<tr class=\"fondo-color\">\n<td class=\"celdas-izq\">Unterrichtseinheiten Woche<\/td>\n<td class=\"celdas-dcha\">20 Unterrichtseinheiten \/Woche \u2013 4 Einheiten \/Tag + 2 Lektionen\/Woche Spanisch und Konversation ab A2 Niveau<\/td>\n<\/tr>\n<tr>\n<td class=\"celdas-izq\">Dauer<\/td>\n<td class=\"celdas-dcha\">Mindestens 1 Woche Spanischkurs<\/td>\n<\/tr>\n<tr class=\"fondo-color\">\n<td class=\"celdas-izq\">Niveaus<\/td>\n<td class=\"celdas-dcha\">Alle Niveaus<\/td>\n<\/tr>\n<tr class=\"fondo-color\">\n<td class=\"celdas-izq\">Dauer von 1 Unterrichtseinheit<\/td>\n<td class=\"celdas-dcha\">45 Minuten<\/td>\n<\/tr>\n<tr>\n<td class=\"celdas-izq\">Mindestalter<\/td>\n<td class=\"celdas-dcha\">18 Jahre<\/td>\n<\/tr>\n<tr class=\"fondo-color\">\n<td class=\"celdas-izq\">Kulturelle Aktivit\u00e4ten<\/td>\n<td class=\"celdas-dcha\">\n<p>Beispiele: Rundgang durch den Stadtteil Chueca, Rundgang durch den Stadtteil Salamanca, Rundgang durch das Habsburger Madrid der Bourbonen<\/p>\n<\/td>\n<\/tr>\n<tr>\n<td class=\"celdas-izq\">Verf\u00fcgbarkeit<\/td>\n<td class=\"celdas-dcha\">Das ganze Jahr hindurch<\/td>\n<\/tr>\n<tr>\n<td class=\"celdas-izq\">Anmeldegeb\u00fchr<\/td>\n<td class=\"celdas-dcha\"><strong>50\u20ac<\/strong><\/td>\n<\/tr>\n<\/tbody>\n<\/table>\n","protected":false},"excerpt":{"rendered":"<p>Die Stadtteile Madrids repr\u00e4sentieren die Essenz des Lebens in dieser pulsierenden Stadt. In Madrid finden Sie ein fr\u00f6hliches, besonderes und einzigartiges Stra\u00dfenleben, in dem jeder willkommen ist.<br \/>\nDer Kurs besteht aus 20 Lektionen pro Woche, vier 45-min\u00fctigen Spanischlektionen jeden Morgen und kulturellen Aktivit\u00e4ten am Nachmittag, wie z. B. dem Besuch der Viertel Chueca und Salamanca, dem Madrid der Austrias und der Borbones sowie anderen interessanten Orten.<\/p>\n<p style=\"text-align:center;\"><a href=\"\/de\/c\/spanisch-und-die-leidenschaft-fur-madrid-und-seine-stadtteile\/\" title=\"Mehr \u00fcber den Kurs: Spanisch und die Leidenschaft f\u00fcr Madrid und Seine Stadtteile\" class=\"buttonaction\">Mehr \u00fcber diesen Kurs<\/a><\/p>\n","protected":false},"featured_media":7398,"template":"","meta":[],"product_cat":[169,172],"product_tag":[],"_links":{"self":[{"href":"https:\/\/dev.tandemmadrid.com\/de\/wp-json\/wp\/v2\/product\/11715"}],"collection":[{"href":"https:\/\/dev.tandemmadrid.com\/de\/wp-json\/wp\/v2\/product"}],"about":[{"href":"https:\/\/dev.tandemmadrid.com\/de\/wp-json\/wp\/v2\/types\/product"}],"version-history":[{"count":0,"href":"https:\/\/dev.tandemmadrid.com\/de\/wp-json\/wp\/v2\/product\/11715\/revisions"}],"wp:featuredmedia":[{"embeddable":true,"href":"https:\/\/dev.tandemmadrid.com\/de\/wp-json\/wp\/v2\/media\/7398"}],"wp:attachment":[{"href":"https:\/\/dev.tandemmadrid.com\/de\/wp-json\/wp\/v2\/media?parent=11715"}],"wp:term":[{"taxonomy":"product_cat","embeddable":true,"href":"https:\/\/dev.tandemmadrid.com\/de\/wp-json\/wp\/v2\/product_cat?post=11715"},{"taxonomy":"product_tag","embeddable":true,"href":"https:\/\/dev.tandemmadrid.com\/de\/wp-json\/wp\/v2\/product_tag?post=11715"}],"curies":[{"name":"wp","href":"https:\/\/api.w.org\/{rel}","templated":true}]}}