
{"id":11716,"date":"2023-10-10T16:47:05","date_gmt":"2023-10-10T14:47:05","guid":{"rendered":"https:\/\/dev.tandemmadrid.com\/shop\/buchen-sie-den-kurs-spanisch-und-die-leidenschaft-fuer-almodovar\/"},"modified":"2024-02-08T11:45:16","modified_gmt":"2024-02-08T10:45:16","slug":"spanisch-almodovar","status":"publish","type":"product","link":"https:\/\/dev.tandemmadrid.com\/de\/shop-2\/spanisch-almodovar\/","title":{"rendered":"Buchen Sie den Kurs: Spanisch und die Leidenschaft f\u00fcr Almod\u00f3var"},"content":{"rendered":"<table class=\"tabla-cursos\" border=\"1px\">\n<tbody>\n<tr>\n<td class=\"celdas-izq\">Kursbeginn Spanischkurs<\/td>\n<td class=\"celdas-dcha\">Jeden Montag im Jahr<\/td>\n<\/tr>\n<tr class=\"fondo-color\">\n<td class=\"celdas-izq\">Unterrichtseinheiten Woche<\/td>\n<td class=\"celdas-dcha\">20 Unterrichtseinheiten \/Woche \u2013 4 Unterrichtseinheiten \/Tag + 2 Lektionen\/Woche Spanisch und Konversation ab A2 Niveau<\/td>\n<\/tr>\n<tr>\n<td class=\"celdas-izq\">Dauer<\/td>\n<td class=\"celdas-dcha\">Mindestens 1 Woche Spanischkurs<\/td>\n<\/tr>\n<tr class=\"fondo-color\">\n<td class=\"celdas-izq\">Niveaus<\/td>\n<td class=\"celdas-dcha\">Alle Niveaus<\/td>\n<\/tr>\n<tr class=\"fondo-color\">\n<td class=\"celdas-izq\">Dauer von 1 Unterrichtseinheit<\/td>\n<td class=\"celdas-dcha\">45 Minuten<\/td>\n<\/tr>\n<tr>\n<td class=\"celdas-izq\">Mindestalter<\/td>\n<td class=\"celdas-dcha\">18 Jahre<\/td>\n<\/tr>\n<tr class=\"fondo-color\">\n<td class=\"celdas-izq\">Kulturelle Aktivit\u00e4ten<\/td>\n<td class=\"celdas-dcha\">Eine Tour zu den ber\u00fchmtesten Orten Madrids, die in den Filmen Almod\u00f3vars zu sehen sind + Einblick in Almod\u00f3vars Denken + eine Almod\u00f3var-Filmsitzung.<\/td>\n<\/tr>\n<tr>\n<td class=\"celdas-izq\">Verf\u00fcgbarkeit<\/td>\n<td class=\"celdas-dcha\">Das ganze Jahr hindurch<\/td>\n<\/tr>\n<tr>\n<td class=\"celdas-izq\">Anmeldegeb\u00fchr<\/td>\n<td class=\"celdas-dcha\"><strong>50\u20ac<\/strong><\/td>\n<\/tr>\n<\/tbody>\n<\/table>\n","protected":false},"excerpt":{"rendered":"<p>Im Kurs &#8222;Spanisch und die Leidenschaft f\u00fcr Almodovar&#8220; von TANDEM Madrid haben Sie nicht nur die M\u00f6glichkeit, in einer der besten Sprachschulen Madrids Spanisch zu lernen, sondern auch die Stadt Madrid durch die Filme dieses wunderbaren Filmemachers kennen zu lernen.<br \/>\nDieses Programm, das ausschlie\u00dflich f\u00fcr Personen \u00fcber 18 Jahren angeboten wird, besteht aus 20 Vormittagsstunden pro Woche, 4 Stunden pro Tag \u00e0 45 Minuten. An den Nachmittagen stehen kulturelle Aktivit\u00e4ten auf dem Programm. Dazu geh\u00f6ren eine Besichtigung der bedeutendsten Orte Madrids, die in Almodovars Filmen vorkommen, ein Kurs \u00fcber das Kino und ein Filmabend \u00fcber Almodovars Madrid und die &#8222;Movida Madrile\u00f1a&#8220;.<\/p>\n<p style=\"text-align:center;\"><a href=\"\/de\/c\/spanisch-und-die-leidenschaft-fur-almodovar\/\" title=\"Mehr \u00fcber den Kurs: Spanisch und die Leidenschaft f\u00fcr Almod\u00f3var\" class=\"buttonaction\">Mehr \u00fcber diesen Kurs<\/a><\/p>\n","protected":false},"featured_media":7405,"template":"","meta":[],"product_cat":[169,172],"product_tag":[],"_links":{"self":[{"href":"https:\/\/dev.tandemmadrid.com\/de\/wp-json\/wp\/v2\/product\/11716"}],"collection":[{"href":"https:\/\/dev.tandemmadrid.com\/de\/wp-json\/wp\/v2\/product"}],"about":[{"href":"https:\/\/dev.tandemmadrid.com\/de\/wp-json\/wp\/v2\/types\/product"}],"version-history":[{"count":0,"href":"https:\/\/dev.tandemmadrid.com\/de\/wp-json\/wp\/v2\/product\/11716\/revisions"}],"wp:featuredmedia":[{"embeddable":true,"href":"https:\/\/dev.tandemmadrid.com\/de\/wp-json\/wp\/v2\/media\/7405"}],"wp:attachment":[{"href":"https:\/\/dev.tandemmadrid.com\/de\/wp-json\/wp\/v2\/media?parent=11716"}],"wp:term":[{"taxonomy":"product_cat","embeddable":true,"href":"https:\/\/dev.tandemmadrid.com\/de\/wp-json\/wp\/v2\/product_cat?post=11716"},{"taxonomy":"product_tag","embeddable":true,"href":"https:\/\/dev.tandemmadrid.com\/de\/wp-json\/wp\/v2\/product_tag?post=11716"}],"curies":[{"name":"wp","href":"https:\/\/api.w.org\/{rel}","templated":true}]}}