
{"id":11720,"date":"2023-10-10T16:44:13","date_gmt":"2023-10-10T14:44:13","guid":{"rendered":"https:\/\/dev.tandemmadrid.com\/shop\/buchen-sie-den-kurs-spanisch-und-die-leidenschaft-fuer-wein\/"},"modified":"2024-02-08T12:08:51","modified_gmt":"2024-02-08T11:08:51","slug":"spanisch-wein","status":"publish","type":"product","link":"https:\/\/dev.tandemmadrid.com\/de\/shop-2\/spanisch-wein\/","title":{"rendered":"Buchen Sie den Kurs: Spanisch und die Leidenschaft f\u00fcr Wein"},"content":{"rendered":"<table class=\"tabla-cursos\" border=\"1px\">\n<tbody>\n<tr>\n<td class=\"celdas-izq\">Kursbeginn Spanischkurs<\/td>\n<td class=\"celdas-dcha\">Jeden Montag im Jahr<\/td>\n<\/tr>\n<tr class=\"fondo-color\">\n<td class=\"celdas-izq\">Unterrichtseinheiten Woche<\/td>\n<td class=\"celdas-dcha\">20 Unterrichtseinheiten \/Woche \u2013 4 Lektionen \/Tag + 2 Lektionen\/Woche Spanisch und Konversation ab A2 Niveau<\/td>\n<\/tr>\n<tr>\n<td class=\"celdas-izq\">Dauer<\/td>\n<td class=\"celdas-dcha\">Mindestens 1 Woche Spanischkurs<\/td>\n<\/tr>\n<tr class=\"fondo-color\">\n<td class=\"celdas-izq\">Niveaus<\/td>\n<td class=\"celdas-dcha\">Alle Niveaus<\/td>\n<\/tr>\n<tr class=\"fondo-color\">\n<td class=\"celdas-izq\">Dauer von 1 Unterrichtseinheit<\/td>\n<td class=\"celdas-dcha\">45 Minuten<\/td>\n<\/tr>\n<tr>\n<td class=\"celdas-izq\">Mindestalter<\/td>\n<td class=\"celdas-dcha\">18 Jahre<\/td>\n<\/tr>\n<tr class=\"fondo-color\">\n<td class=\"celdas-izq\">Kulturelle Aktivit\u00e4ten<\/td>\n<td class=\"celdas-dcha\">\n<p>Beispiele: Weinprobe, Besuch in einem Weinkeller, Einf\u00fchrung zum Thema Kunst und Weinkultur im Prado Museum<\/p>\n<\/td>\n<\/tr>\n<tr>\n<td class=\"celdas-izq\">Verf\u00fcgbarkeit<\/td>\n<td class=\"celdas-dcha\">das ganze Jahr hindurch<\/td>\n<\/tr>\n<tr>\n<td class=\"celdas-izq\">Anmeldegeb\u00fchr<\/td>\n<td class=\"celdas-dcha\"><strong>50\u20ac<\/strong><\/td>\n<\/tr>\n<\/tbody>\n<\/table>\n","protected":false},"excerpt":{"rendered":"<p>In diesem speziellen Programm wird das Erlernen der spanischen Sprache mit all dem Wissen kombiniert, das Sie im Zusammenhang mit der spanischen Weinkultur erwerben m\u00fcssen. Vormittags werden t\u00e4glich 4 Lektionen Spanisch unterrichtet, w\u00e4hrend die Nachmittage kulturellen Aktivit\u00e4ten im Zusammenhang mit der Weinkunde gewidmet sind: Weinverkostungen, der Besuch einer Weinkellerei oder eine Einf\u00fchrungsveranstaltung zum Thema Kunst und Wein im Prado-Museum.<\/p>\n<p style=\"text-align:center;\"><a href=\"de\/c\/spanisch-und-die-leidenschaft-fur-wein\/\" title=\"Mehr \u00fcber den Kurs: Spanisch und die Leidenschaft f\u00fcr Wein\" class=\"buttonaction\">Mehr \u00fcber den Kurs<\/a><\/p>\n","protected":false},"featured_media":6617,"template":"","meta":[],"product_cat":[169,172],"product_tag":[],"_links":{"self":[{"href":"https:\/\/dev.tandemmadrid.com\/de\/wp-json\/wp\/v2\/product\/11720"}],"collection":[{"href":"https:\/\/dev.tandemmadrid.com\/de\/wp-json\/wp\/v2\/product"}],"about":[{"href":"https:\/\/dev.tandemmadrid.com\/de\/wp-json\/wp\/v2\/types\/product"}],"version-history":[{"count":0,"href":"https:\/\/dev.tandemmadrid.com\/de\/wp-json\/wp\/v2\/product\/11720\/revisions"}],"wp:featuredmedia":[{"embeddable":true,"href":"https:\/\/dev.tandemmadrid.com\/de\/wp-json\/wp\/v2\/media\/6617"}],"wp:attachment":[{"href":"https:\/\/dev.tandemmadrid.com\/de\/wp-json\/wp\/v2\/media?parent=11720"}],"wp:term":[{"taxonomy":"product_cat","embeddable":true,"href":"https:\/\/dev.tandemmadrid.com\/de\/wp-json\/wp\/v2\/product_cat?post=11720"},{"taxonomy":"product_tag","embeddable":true,"href":"https:\/\/dev.tandemmadrid.com\/de\/wp-json\/wp\/v2\/product_tag?post=11720"}],"curies":[{"name":"wp","href":"https:\/\/api.w.org\/{rel}","templated":true}]}}