
{"id":11724,"date":"2023-10-10T17:00:29","date_gmt":"2023-10-10T15:00:29","guid":{"rendered":"https:\/\/dev.tandemmadrid.com\/shop\/buchen-sie-den-kurs-spanisch-und-die-leidenschaft-fuer-flamenco\/"},"modified":"2024-02-08T12:18:47","modified_gmt":"2024-02-08T11:18:47","slug":"spanisch-flamenco","status":"publish","type":"product","link":"https:\/\/dev.tandemmadrid.com\/de\/shop-2\/spanisch-flamenco\/","title":{"rendered":"Buchen Sie den Kurs: Spanisch und die Leidenschaft f\u00fcr Flamenco"},"content":{"rendered":"<table class=\"tabla-cursos\" border=\"1px\">\n<tbody>\n<tr>\n<td class=\"celdas-izq\">Kursbeginn Spanischkurs<\/td>\n<td class=\"celdas-dcha\">Jeden Montag im Jahr<\/td>\n<\/tr>\n<tr class=\"fondo-color\">\n<td class=\"celdas-izq\">Unterrichtseinheiten Woche<\/td>\n<td class=\"celdas-dcha\">20 Lektionen Spanisch pro Woche \u2013 4 Lektionen pro Tag + 2 Lektionen pro Woche Spanisch und Konversation ab A2 Level + 1 Einzelunterricht Flamenco von 1 Stunde + 1 Flamenco-Show<\/td>\n<\/tr>\n<tr>\n<td class=\"celdas-izq\">Dauer<\/td>\n<td class=\"celdas-dcha\">Mindestens 1 Woche Spanischkurs<\/td>\n<\/tr>\n<tr class=\"fondo-color\">\n<td class=\"celdas-izq\">Niveaus<\/td>\n<td class=\"celdas-dcha\">Alle Niveaus<\/td>\n<\/tr>\n<tr class=\"fondo-color\">\n<td class=\"celdas-izq\">Dauer von 1 Unterrichtseinheit<\/td>\n<td class=\"celdas-dcha\">45 Minuten<\/td>\n<\/tr>\n<tr>\n<td class=\"celdas-izq\">Mindestalter<\/td>\n<td class=\"celdas-dcha\">18 Jahre<\/td>\n<\/tr>\n<tr class=\"fondo-color\">\n<td class=\"celdas-izq\">Kulturelle Aktivit\u00e4ten<\/td>\n<td class=\"celdas-dcha\">\n<p>1 Einzelunterricht Flamenco von 1 Stunde + 1 Flamenco-Show pro Woche.<\/p>\n<\/td>\n<\/tr>\n<tr>\n<td class=\"celdas-izq\">Verf\u00fcgbarkeit<\/td>\n<td class=\"celdas-dcha\">Das ganze Jahr hindurch<\/td>\n<\/tr>\n<tr>\n<td class=\"celdas-izq\">Anmeldegeb\u00fchr<\/td>\n<td class=\"celdas-dcha\"><strong>50\u20ac<\/strong><\/td>\n<\/tr>\n<\/tbody>\n<\/table>\n","protected":false},"excerpt":{"rendered":"<p>In diesem Kurs werden Sie nicht nur unabh\u00e4ngig von Ihrem Sprachniveau lernen, wie Sie sich auf Spanisch verst\u00e4ndigen k\u00f6nnen, sondern auch in die Grundlagen des Flamenco eintauchen.<br \/>\nDieses Programm besteht aus 20 Sprachstunden pro Woche. 4 Spanischstunden am Vormittag zu je 45 Minuten und 5 Flamenco-Stunden am Nachmittag zu je 1 Stunde.<\/p>\n<p style=\"text-align:center;\"><a href=\"\/de\/c\/spanisch-und-die-leidenschaft-fur-flamenco\/\" title=\"Mehr \u00fcber den Kurs: Spanisch und die Leidenschaft f\u00fcr Flamenco\" class=\"buttonaction\">Mehr \u00fcber diesen Kurs<\/a><\/p>\n","protected":false},"featured_media":7617,"template":"","meta":[],"product_cat":[169,172],"product_tag":[],"_links":{"self":[{"href":"https:\/\/dev.tandemmadrid.com\/de\/wp-json\/wp\/v2\/product\/11724"}],"collection":[{"href":"https:\/\/dev.tandemmadrid.com\/de\/wp-json\/wp\/v2\/product"}],"about":[{"href":"https:\/\/dev.tandemmadrid.com\/de\/wp-json\/wp\/v2\/types\/product"}],"version-history":[{"count":0,"href":"https:\/\/dev.tandemmadrid.com\/de\/wp-json\/wp\/v2\/product\/11724\/revisions"}],"wp:featuredmedia":[{"embeddable":true,"href":"https:\/\/dev.tandemmadrid.com\/de\/wp-json\/wp\/v2\/media\/7617"}],"wp:attachment":[{"href":"https:\/\/dev.tandemmadrid.com\/de\/wp-json\/wp\/v2\/media?parent=11724"}],"wp:term":[{"taxonomy":"product_cat","embeddable":true,"href":"https:\/\/dev.tandemmadrid.com\/de\/wp-json\/wp\/v2\/product_cat?post=11724"},{"taxonomy":"product_tag","embeddable":true,"href":"https:\/\/dev.tandemmadrid.com\/de\/wp-json\/wp\/v2\/product_tag?post=11724"}],"curies":[{"name":"wp","href":"https:\/\/api.w.org\/{rel}","templated":true}]}}