
{"id":11725,"date":"2023-10-10T15:12:40","date_gmt":"2023-10-10T13:12:40","guid":{"rendered":"https:\/\/dev.tandemmadrid.com\/shop\/kombinierter-spanischkurs\/"},"modified":"2024-02-08T12:22:56","modified_gmt":"2024-02-08T11:22:56","slug":"kombinierter","status":"publish","type":"product","link":"https:\/\/dev.tandemmadrid.com\/de\/shop-2\/kombinierter\/","title":{"rendered":"Kombinierter Spanischkurs"},"content":{"rendered":"<table class=\"tabla-cursos\" border=\"1px\">\n<tbody>\n<tr>\n<td class=\"celdas-izq\">Unterrichtsbeginn<\/td>\n<td class=\"celdas-dcha\">JEDEN MONTAG, W\u00c4HREND DES GESAMTEN JAHRES<\/td>\n<\/tr>\n<tr class=\"fondo-color\">\n<td class=\"celdas-izq\">Unterrichtseinheiten pro Woche<\/td>\n<td class=\"celdas-dcha\"><strong>Gruppenunterricht<\/strong>: 20 Lektionen Spanisch pro Woche (4 Lektionen\/Tag) + 2 Lektionen\/Woche Spanisch und Konversation ab Niveau A2. Insgesamt: 22 Lektionen\/Woche.<br \/><strong>Privatunterricht<\/strong>: 10 Lektionen\/Woche.<\/td>\n<\/tr>\n<tr>\n<td class=\"celdas-izq\">Dauer<\/td>\n<td class=\"celdas-dcha\">Minimum 1 Woche<\/td>\n<\/tr>\n<tr class=\"fondo-color\">\n<td class=\"celdas-izq\">Niveau<\/td>\n<td class=\"celdas-dcha\">Alle Niveaus<\/td>\n<\/tr>\n<tr class=\"fondo-color\">\n<td class=\"celdas-izq\">Dauer 1 Unterrichtseinheit<\/td>\n<td class=\"celdas-dcha\">45 Minuten<\/td>\n<\/tr>\n<tr>\n<td class=\"celdas-izq\">Anmeldegeb\u00fchr<\/td>\n<td class=\"celdas-dcha\"><strong>50\u20ac<\/strong><\/td>\n<\/tr>\n<\/tbody>\n<\/table>\n","protected":false},"excerpt":{"rendered":"<p>TANDEM Madrid bietet einen Kurs an, der speziell f\u00fcr diejenigen gedacht ist, die in kleinen Gruppen lernen und Leute mit \u00e4hnlichen Interessen treffen m\u00f6chten.<br \/>\nDie kombinierten Spanischkurse von TANDEM sind f\u00fcr alle Niveaus offen und bestehen aus 20 Gruppenstunden sowie 10 Privatstunden pro Woche, die Sie mit Hilfe Ihres Coaches an Ihre spezifischen Bed\u00fcrfnisse anpassen k\u00f6nnen.<\/p>\n<p style=\"text-align:center;\"><a href=\"\/de\/c\/kombinierter-sprachkurs\/\" title=\"Mehr \u00fcber den Kurs: Kombinierter Spanischkurs\" class=\"buttonaction\">Mehr \u00fcber diesen Kurs<\/a><\/p>\n","protected":false},"featured_media":6609,"template":"","meta":[],"product_cat":[160],"product_tag":[],"_links":{"self":[{"href":"https:\/\/dev.tandemmadrid.com\/de\/wp-json\/wp\/v2\/product\/11725"}],"collection":[{"href":"https:\/\/dev.tandemmadrid.com\/de\/wp-json\/wp\/v2\/product"}],"about":[{"href":"https:\/\/dev.tandemmadrid.com\/de\/wp-json\/wp\/v2\/types\/product"}],"version-history":[{"count":0,"href":"https:\/\/dev.tandemmadrid.com\/de\/wp-json\/wp\/v2\/product\/11725\/revisions"}],"wp:featuredmedia":[{"embeddable":true,"href":"https:\/\/dev.tandemmadrid.com\/de\/wp-json\/wp\/v2\/media\/6609"}],"wp:attachment":[{"href":"https:\/\/dev.tandemmadrid.com\/de\/wp-json\/wp\/v2\/media?parent=11725"}],"wp:term":[{"taxonomy":"product_cat","embeddable":true,"href":"https:\/\/dev.tandemmadrid.com\/de\/wp-json\/wp\/v2\/product_cat?post=11725"},{"taxonomy":"product_tag","embeddable":true,"href":"https:\/\/dev.tandemmadrid.com\/de\/wp-json\/wp\/v2\/product_tag?post=11725"}],"curies":[{"name":"wp","href":"https:\/\/api.w.org\/{rel}","templated":true}]}}