
{"id":11730,"date":"2023-10-09T17:20:57","date_gmt":"2023-10-09T15:20:57","guid":{"rendered":"https:\/\/dev.tandemmadrid.com\/shop\/buchen-sie-den-kurs-vorbereitungskurs-fuer-die-ccse-pruefung\/"},"modified":"2024-02-08T12:35:07","modified_gmt":"2024-02-08T11:35:07","slug":"ccse-pruefung","status":"publish","type":"product","link":"https:\/\/dev.tandemmadrid.com\/de\/shop-2\/ccse-pruefung\/","title":{"rendered":"Buchen Sie den Kurs: Vorbereitungskurs f\u00fcr die CCSE-Pr\u00fcfung"},"content":{"rendered":"<table class=\"tabla-cursos\">\n<tbody>\n<tr>\n<td class=\"celdas-izq\">Starting dates of our courses<\/td>\n<td class=\"celdas-dcha\">\n<p><strong>We recommend you start your course at least 4 weeks before the exam date you\u2019ve applied for.<\/strong><\/p>\n<\/td>\n<\/tr>\n<tr class=\"fondo-color\">\n<td class=\"celdas-izq\">Lessons<\/td>\n<td class=\"celdas-dcha\">1 day a week (3 lessons in the same day)<\/p>\n<p>4 weeks \u2013 12 lessons in total<\/p>\n<p>45&nbsp;minutes\/lesson<\/p>\n<\/td>\n<\/tr>\n<tr>\n<td class=\"celdas-izq\">Times: 1 day\/week<\/td>\n<td class=\"celdas-dcha\"><strong>Two options:<\/strong><strong>Friday evening<\/strong> \u2013 18.00-21.00<\/p>\n<p>or<\/p>\n<p><strong>Saturday morning<\/strong> \u2013 10.00-13.00<\/p>\n<\/td>\n<\/tr>\n<tr class=\"fondo-color\">\n<td class=\"celdas-izq\">Duration<\/td>\n<td class=\"celdas-dcha\">4 weeks<\/td>\n<\/tr>\n<tr>\n<td class=\"celdas-izq\">Anmeldegeb\u00fchr<\/td>\n<td class=\"celdas-dcha\"><strong>30\u20ac<\/strong>, includes: enrollment service for the CCSE exam, course material, welcome pack, internet access and Wi-Fi, certificate of course attendance and level achieved<\/td>\n<\/tr>\n<\/tbody>\n<\/table>\n","protected":false},"excerpt":{"rendered":"<p>TANDEM Madrid hilft Ihnen bei der Vorbereitung und Anmeldung zur CCSE-Pr\u00fcfung (Sie k\u00f6nnen die Pr\u00fcfung direkt an unserer Schule ablegen). Die CCSE-Pr\u00fcfung bescheinigt Ihre Kenntnisse der spanischen Verfassung sowie der sozialen und kulturellen Gegebenheiten Spaniens, was eine zwingende Voraussetzung f\u00fcr die Erlangung der spanischen Staatsb\u00fcrgerschaft ist, wie es das Gesetz vorschreibt.<\/p>\n<p style=\"text-align:center;\"><a href=\"\/c\/preparation-course-ccse-exam\/\" title=\"Mehr \u00fcber den Kurs: Vorbereitungskurs f\u00fcr die CCSE-Pr\u00fcfung\" class=\"buttonaction\">Mehr \u00fcber den Kurs<\/a><\/p>\n","protected":false},"featured_media":6793,"template":"","meta":[],"product_cat":[146],"product_tag":[],"_links":{"self":[{"href":"https:\/\/dev.tandemmadrid.com\/de\/wp-json\/wp\/v2\/product\/11730"}],"collection":[{"href":"https:\/\/dev.tandemmadrid.com\/de\/wp-json\/wp\/v2\/product"}],"about":[{"href":"https:\/\/dev.tandemmadrid.com\/de\/wp-json\/wp\/v2\/types\/product"}],"version-history":[{"count":0,"href":"https:\/\/dev.tandemmadrid.com\/de\/wp-json\/wp\/v2\/product\/11730\/revisions"}],"wp:featuredmedia":[{"embeddable":true,"href":"https:\/\/dev.tandemmadrid.com\/de\/wp-json\/wp\/v2\/media\/6793"}],"wp:attachment":[{"href":"https:\/\/dev.tandemmadrid.com\/de\/wp-json\/wp\/v2\/media?parent=11730"}],"wp:term":[{"taxonomy":"product_cat","embeddable":true,"href":"https:\/\/dev.tandemmadrid.com\/de\/wp-json\/wp\/v2\/product_cat?post=11730"},{"taxonomy":"product_tag","embeddable":true,"href":"https:\/\/dev.tandemmadrid.com\/de\/wp-json\/wp\/v2\/product_tag?post=11730"}],"curies":[{"name":"wp","href":"https:\/\/api.w.org\/{rel}","templated":true}]}}