
{"id":11734,"date":"2023-10-09T13:36:54","date_gmt":"2023-10-09T11:36:54","guid":{"rendered":"https:\/\/dev.tandemmadrid.com\/shop\/buchen-sie-den-kurs-spanisch-abendkurs-2-tage-pro-woche\/"},"modified":"2024-02-08T12:44:15","modified_gmt":"2024-02-08T11:44:15","slug":"2-tage-woche","status":"publish","type":"product","link":"https:\/\/dev.tandemmadrid.com\/de\/shop-2\/2-tage-woche\/","title":{"rendered":"Buchen Sie den Kurs: Spanisch Abendkurs 2 Tage pro Woche"},"content":{"rendered":"<table class=\"tabla-cursos\" border=\"1px\">\n<tbody>\n<tr>\n<td class=\"celdas-izq\">Kursbeginn<\/td>\n<td class=\"celdas-dcha\">JEDEN MONTAG<\/td>\n<\/tr>\n<tr class=\"fondo-color\">\n<td class=\"celdas-izq\">Unterrichtseinheit \/ Woche<\/td>\n<td class=\"celdas-dcha\">4 WOCHEN: 16 Unterrichtseinheiten<\/td>\n<\/tr>\n<tr>\n<td class=\"celdas-izq\">Dauer<\/td>\n<td class=\"celdas-dcha\">Ab 4 Wochen<\/td>\n<\/tr>\n<tr class=\"fondo-color\">\n<td class=\"celdas-izq\">Niveaus<\/td>\n<td class=\"celdas-dcha\">Alle Niveaustufen<\/td>\n<\/tr>\n<tr class=\"fondo-color\">\n<td class=\"celdas-izq\">Dauer 1 Unterrichtseinheit<\/td>\n<td class=\"celdas-dcha\">45 Minuten<\/td>\n<\/tr>\n<tr>\n<td class=\"celdas-izq\">Anmeldegeb\u00fchr<\/td>\n<td class=\"celdas-dcha\"><strong>30\u20ac<\/strong><\/td>\n<\/tr>\n<\/tbody>\n<\/table>\n","protected":false},"excerpt":{"rendered":"<p>So wie der Wochenendkurs bietet auch dieser Kurs eine sehr gute Balance zwischen Unterrichtszeiten, die notwendig sind um fl\u00fcssig Spanisch sprechen zu k\u00f6nnen, und gen\u00fcgend Freizeit, um die unz\u00e4hligen, interessanten Dinge in Madrid zu erleben.<\/p>\n<p style=\"text-align:center;\"><a href=\"\/de\/c\/zwei-tage-pro-woche\/\" title=\"Mehr \u00fcber den Kurs: Zwei Tage pro Woche\" class=\"buttonaction\">Mehr \u00fcber diesen Kurs<\/a><\/p>\n","protected":false},"featured_media":6843,"template":"","meta":[],"product_cat":[150],"product_tag":[],"_links":{"self":[{"href":"https:\/\/dev.tandemmadrid.com\/de\/wp-json\/wp\/v2\/product\/11734"}],"collection":[{"href":"https:\/\/dev.tandemmadrid.com\/de\/wp-json\/wp\/v2\/product"}],"about":[{"href":"https:\/\/dev.tandemmadrid.com\/de\/wp-json\/wp\/v2\/types\/product"}],"version-history":[{"count":0,"href":"https:\/\/dev.tandemmadrid.com\/de\/wp-json\/wp\/v2\/product\/11734\/revisions"}],"wp:featuredmedia":[{"embeddable":true,"href":"https:\/\/dev.tandemmadrid.com\/de\/wp-json\/wp\/v2\/media\/6843"}],"wp:attachment":[{"href":"https:\/\/dev.tandemmadrid.com\/de\/wp-json\/wp\/v2\/media?parent=11734"}],"wp:term":[{"taxonomy":"product_cat","embeddable":true,"href":"https:\/\/dev.tandemmadrid.com\/de\/wp-json\/wp\/v2\/product_cat?post=11734"},{"taxonomy":"product_tag","embeddable":true,"href":"https:\/\/dev.tandemmadrid.com\/de\/wp-json\/wp\/v2\/product_tag?post=11734"}],"curies":[{"name":"wp","href":"https:\/\/api.w.org\/{rel}","templated":true}]}}