
{"id":11736,"date":"2023-10-09T16:39:14","date_gmt":"2023-10-09T14:39:14","guid":{"rendered":"https:\/\/dev.tandemmadrid.com\/shop\/buchen-sie-den-kurs-sommerkurs-fuer-juniorinnen-und-junioren-360o-fussball-programm-von-generation-adidas\/"},"modified":"2024-02-08T12:59:54","modified_gmt":"2024-02-08T11:59:54","slug":"sommerkurs-fussball-adidas","status":"publish","type":"product","link":"https:\/\/dev.tandemmadrid.com\/de\/shop-2\/sommerkurs-fussball-adidas\/","title":{"rendered":"Buchen Sie den Kurs: Sommerkurs f\u00fcr Juniorinnen und Junioren + 360\u00ba Fu\u00dfball-Programm von Generation Adidas"},"content":{"rendered":"","protected":false},"excerpt":{"rendered":"<p>TANDEM Escuela Internacional, Generation Adidas International und The Spanish Way sind stolz, Ihnen einen exklusiven 2-w\u00f6chigen Spanischkurs an einem der besten Standorte Madrids anbieten zu k\u00f6nnen \u2013 inklusive eines Fu\u00dfballerlebnisses f\u00fcr geschlossene Gruppen. Sie lernen Spanisch mit gro\u00dfartigen Lehrenden und trainieren mit qualifizierten Trainern sowie Trainerinnen in Top-Sportanlagen.<\/p>\n<p style=\"text-align:center;\"><a href=\"\/de\/c\/sommerkurs-juniorinnen-fusball-programm-generation-adidas\/\" title=\"Mehr \u00fcber den Kurs: Sommerkurs f\u00fcr Juniorinnen und Junioren + 360\u00ba Fu\u00dfball-Programm von Generation Adidas\" class=\"buttonaction\">Mehr \u00fcber diesen Kurs<\/a><\/p>\n","protected":false},"featured_media":8519,"template":"","meta":[],"product_cat":[175],"product_tag":[],"_links":{"self":[{"href":"https:\/\/dev.tandemmadrid.com\/de\/wp-json\/wp\/v2\/product\/11736"}],"collection":[{"href":"https:\/\/dev.tandemmadrid.com\/de\/wp-json\/wp\/v2\/product"}],"about":[{"href":"https:\/\/dev.tandemmadrid.com\/de\/wp-json\/wp\/v2\/types\/product"}],"version-history":[{"count":0,"href":"https:\/\/dev.tandemmadrid.com\/de\/wp-json\/wp\/v2\/product\/11736\/revisions"}],"wp:featuredmedia":[{"embeddable":true,"href":"https:\/\/dev.tandemmadrid.com\/de\/wp-json\/wp\/v2\/media\/8519"}],"wp:attachment":[{"href":"https:\/\/dev.tandemmadrid.com\/de\/wp-json\/wp\/v2\/media?parent=11736"}],"wp:term":[{"taxonomy":"product_cat","embeddable":true,"href":"https:\/\/dev.tandemmadrid.com\/de\/wp-json\/wp\/v2\/product_cat?post=11736"},{"taxonomy":"product_tag","embeddable":true,"href":"https:\/\/dev.tandemmadrid.com\/de\/wp-json\/wp\/v2\/product_tag?post=11736"}],"curies":[{"name":"wp","href":"https:\/\/api.w.org\/{rel}","templated":true}]}}