
{"id":11737,"date":"2023-10-10T17:58:26","date_gmt":"2023-10-10T15:58:26","guid":{"rendered":"https:\/\/dev.tandemmadrid.com\/shop\/buchen-sie-den-kurs-intensivspanischkurs\/"},"modified":"2024-02-08T13:04:51","modified_gmt":"2024-02-08T12:04:51","slug":"intensivspanischkurs","status":"publish","type":"product","link":"https:\/\/dev.tandemmadrid.com\/de\/shop-2\/intensivspanischkurs\/","title":{"rendered":"Buchen Sie den Kurs: Intensivspanischkurs"},"content":{"rendered":"<table class=\"tabla-cursos\" border=\"1px\">\n<tbody>\n<tr>\n<td class=\"celdas-izq\">Unterrichtsbeginn<\/td>\n<td class=\"celdas-dcha\">Jeden Montag, w\u00e4hrend des gesamten Jahres<\/td>\n<\/tr>\n<tr class=\"fondo-color\">\n<td class=\"celdas-izq\">Unterrichtseinheiten pro Woche<\/td>\n<td class=\"celdas-dcha\">20 Lektionen Spanisch pro Woche \u2013 4 Lektionen pro Tag + 2 Lektionen pro Woche Spanisch und Konversation ab A2 Niveau. Insgesamt:22 Einheiten\/Woche<\/td>\n<\/tr>\n<tr>\n<td class=\"celdas-izq\">Dauer<\/td>\n<td class=\"celdas-dcha\">Minimum 1 Woche<\/td>\n<\/tr>\n<tr class=\"fondo-color\">\n<td class=\"celdas-izq\">Niveau<\/td>\n<td class=\"celdas-dcha\">Alle Niveaus<\/td>\n<\/tr>\n<tr class=\"fondo-color\">\n<td class=\"celdas-izq\">Dauer 1 Unterrichtseinheit<\/td>\n<td class=\"celdas-dcha\">45 min<\/td>\n<\/tr>\n<tr class=\"fondo-color\">\n<td class=\"celdas-izq\">Anmeldegeb\u00fchr<\/td>\n<td class=\"celdas-dcha\">50 \u20ac<\/td>\n<\/tr>\n<\/tbody>\n<\/table>\n","protected":false},"excerpt":{"rendered":"<p>Unser Spanisch-Intensivkurs findet vormittags von 9:30 bis 13:00 Uhr statt, sodass Ihnen der Nachmittag und Abend zur Verf\u00fcgung steht, um die unz\u00e4hligen Freizeit- und Kulturangebote in Madrid zu genie\u00dfen. Da unsere Schule im Herzen der Stadt liegt, k\u00f6nnen Sie jeden Tag in der Woche Museen, Schl\u00f6sser oder Ausstellungen besuchen, durch Madrids Parks schlendern oder mit Ihren Klassenkameraden oder Ihrem Tandempartner Tapas essen gehen.<br \/>\nMit 20 Unterrichtsstunden pro Woche, die im Spanisch-Intensivkurs enthalten sind, machen Sie allm\u00e4hlich und kontinuierlich Fortschritte beim Erlernen der spanischen Sprache und nehmen die spanische Kultur in sich auf.<\/p>\n<p style=\"text-align:center;\"><a href=\"\/de\/c\/intensivspanischkurse\/\" title=\"Mehr \u00fcber den Kurs: Intensivspanischkurs\" class=\"buttonaction\">Mehr \u00fcber diesen Kurs<\/a><\/p>\n","protected":false},"featured_media":6014,"template":"","meta":[],"product_cat":[160],"product_tag":[],"_links":{"self":[{"href":"https:\/\/dev.tandemmadrid.com\/de\/wp-json\/wp\/v2\/product\/11737"}],"collection":[{"href":"https:\/\/dev.tandemmadrid.com\/de\/wp-json\/wp\/v2\/product"}],"about":[{"href":"https:\/\/dev.tandemmadrid.com\/de\/wp-json\/wp\/v2\/types\/product"}],"version-history":[{"count":0,"href":"https:\/\/dev.tandemmadrid.com\/de\/wp-json\/wp\/v2\/product\/11737\/revisions"}],"wp:featuredmedia":[{"embeddable":true,"href":"https:\/\/dev.tandemmadrid.com\/de\/wp-json\/wp\/v2\/media\/6014"}],"wp:attachment":[{"href":"https:\/\/dev.tandemmadrid.com\/de\/wp-json\/wp\/v2\/media?parent=11737"}],"wp:term":[{"taxonomy":"product_cat","embeddable":true,"href":"https:\/\/dev.tandemmadrid.com\/de\/wp-json\/wp\/v2\/product_cat?post=11737"},{"taxonomy":"product_tag","embeddable":true,"href":"https:\/\/dev.tandemmadrid.com\/de\/wp-json\/wp\/v2\/product_tag?post=11737"}],"curies":[{"name":"wp","href":"https:\/\/api.w.org\/{rel}","templated":true}]}}