
{"id":11746,"date":"2023-10-10T12:17:29","date_gmt":"2023-10-10T10:17:29","guid":{"rendered":"https:\/\/dev.tandemmadrid.com\/shop\/angebot-fuer-den-kurs-2-spanische-staedte-kombiniert\/"},"modified":"2024-02-08T13:45:07","modified_gmt":"2024-02-08T12:45:07","slug":"spanische-staedte-kombiniert","status":"publish","type":"product","link":"https:\/\/dev.tandemmadrid.com\/de\/shop-2\/spanische-staedte-kombiniert\/","title":{"rendered":"Angebot f\u00fcr den Kurs: 2 Spanische St\u00e4dte Kombiniert"},"content":{"rendered":"<p>TANDEM Madrid bietet das ganze Jahr \u00fcber die M\u00f6glichkeit, an Spanischprogrammen in Madrid teilzunehmen, die mit unseren Partnerschulen in San Sebastian, Granada und Barcelona kombiniert werden. Dies ist eine wirklich gute Alternative f\u00fcr diejenigen, die das Beste aus ihrem Aufenthalt in Spanien machen und verschiedene Orte des Landes kennenlernen m\u00f6chten.<\/p>\n<p>Die Mindestaufenthaltsdauer des Programms in den St\u00e4dten Spaniens betr\u00e4gt 2 Wochen.<\/p>\n","protected":false},"excerpt":{"rendered":"<p>Dies ist ein ma\u00dfgeschneiderter Kurs. Bitte fordern Sie einen Kostenvoranschlag an. Darin erhalten Sie alle Details wie Dauer, Teilnehmerzahl und Startdaten. Unser Team wird Sie mit einem Angebot und allen Informationen kontaktieren, damit Sie den Kurs sp\u00e4ter buchen k\u00f6nnen.<\/p>\n<p style=\"text-align:center;\"><a href=\"\/de\/c\/2-spanische-stadte-kombiniert\/\" title=\"Mehr \u00fcber den Kurs: 2 Spanische St\u00e4dte Kombiniert\" class=\"buttonaction\">Mehr \u00fcber diesen Kurs<\/a><\/p>\n","protected":false},"featured_media":6704,"template":"","meta":[],"product_cat":[169],"product_tag":[],"_links":{"self":[{"href":"https:\/\/dev.tandemmadrid.com\/de\/wp-json\/wp\/v2\/product\/11746"}],"collection":[{"href":"https:\/\/dev.tandemmadrid.com\/de\/wp-json\/wp\/v2\/product"}],"about":[{"href":"https:\/\/dev.tandemmadrid.com\/de\/wp-json\/wp\/v2\/types\/product"}],"version-history":[{"count":0,"href":"https:\/\/dev.tandemmadrid.com\/de\/wp-json\/wp\/v2\/product\/11746\/revisions"}],"wp:featuredmedia":[{"embeddable":true,"href":"https:\/\/dev.tandemmadrid.com\/de\/wp-json\/wp\/v2\/media\/6704"}],"wp:attachment":[{"href":"https:\/\/dev.tandemmadrid.com\/de\/wp-json\/wp\/v2\/media?parent=11746"}],"wp:term":[{"taxonomy":"product_cat","embeddable":true,"href":"https:\/\/dev.tandemmadrid.com\/de\/wp-json\/wp\/v2\/product_cat?post=11746"},{"taxonomy":"product_tag","embeddable":true,"href":"https:\/\/dev.tandemmadrid.com\/de\/wp-json\/wp\/v2\/product_tag?post=11746"}],"curies":[{"name":"wp","href":"https:\/\/api.w.org\/{rel}","templated":true}]}}