
{"id":11747,"date":"2024-01-28T12:42:56","date_gmt":"2024-01-28T11:42:56","guid":{"rendered":"https:\/\/dev.tandemmadrid.com\/shop\/buchen-sie-den-kurs-staedtische-sommercamps-fuer-kinder-7-12-jahre-alt\/"},"modified":"2024-02-08T13:54:35","modified_gmt":"2024-02-08T12:54:35","slug":"ferienlager","status":"publish","type":"product","link":"https:\/\/dev.tandemmadrid.com\/de\/shop-2\/ferienlager\/","title":{"rendered":"Buchen Sie den Kurs: St\u00e4dtische Ferienlager f\u00fcr Kinder (7-12 Jahre alt)"},"content":{"rendered":"","protected":false},"excerpt":{"rendered":"<p>Unterhaltsame und lehrreiche Ferien auf Spanisch f\u00fcr Kinder von 7 bis 12 Jahren, die im Juni, Juli und August angeboten werden. Von Montag bis Freitag. Kleine Gruppen in einer anregenden Umgebung. <\/p>\n<p style=\"text-align:center;\"><a href=\"\/de\/c\/spanisches-ferienlager-junior\/\" title=\"Mehr \u00fcber den Kurs: St\u00e4dtische Sommercamps f\u00fcr Kinder\" class=\"buttonaction\">Mehr \u00fcber den Kurs<\/a><\/p>\n","protected":false},"featured_media":7344,"template":"","meta":[],"product_cat":[175],"product_tag":[],"_links":{"self":[{"href":"https:\/\/dev.tandemmadrid.com\/de\/wp-json\/wp\/v2\/product\/11747"}],"collection":[{"href":"https:\/\/dev.tandemmadrid.com\/de\/wp-json\/wp\/v2\/product"}],"about":[{"href":"https:\/\/dev.tandemmadrid.com\/de\/wp-json\/wp\/v2\/types\/product"}],"version-history":[{"count":0,"href":"https:\/\/dev.tandemmadrid.com\/de\/wp-json\/wp\/v2\/product\/11747\/revisions"}],"wp:featuredmedia":[{"embeddable":true,"href":"https:\/\/dev.tandemmadrid.com\/de\/wp-json\/wp\/v2\/media\/7344"}],"wp:attachment":[{"href":"https:\/\/dev.tandemmadrid.com\/de\/wp-json\/wp\/v2\/media?parent=11747"}],"wp:term":[{"taxonomy":"product_cat","embeddable":true,"href":"https:\/\/dev.tandemmadrid.com\/de\/wp-json\/wp\/v2\/product_cat?post=11747"},{"taxonomy":"product_tag","embeddable":true,"href":"https:\/\/dev.tandemmadrid.com\/de\/wp-json\/wp\/v2\/product_tag?post=11747"}],"curies":[{"name":"wp","href":"https:\/\/api.w.org\/{rel}","templated":true}]}}