
{"id":11759,"date":"2023-10-09T16:07:10","date_gmt":"2023-10-09T14:07:10","guid":{"rendered":"https:\/\/dev.tandemmadrid.com\/shop\/buchen-sie-den-kurs-intensivkurs-wirtschaftsspanisch\/"},"modified":"2024-02-08T14:24:31","modified_gmt":"2024-02-08T13:24:31","slug":"wirtschaftsspanisch","status":"publish","type":"product","link":"https:\/\/dev.tandemmadrid.com\/de\/shop-2\/wirtschaftsspanisch\/","title":{"rendered":"Buchen Sie den Kurs: Intensivkurs Wirtschaftsspanisch"},"content":{"rendered":"<table class=\"tabla-cursos\" border=\"1px\">\n<tbody>\n<tr>\n<td class=\"celdas-izq\">Kursbeginn<\/td>\n<td class=\"celdas-dcha\">Jeden Montag im Jahr<\/td>\n<\/tr>\n<tr class=\"fondo-color\">\n<td class=\"celdas-izq\">Unterrichtseinheiten pro Woche<\/td>\n<td class=\"celdas-dcha\">20 Einheiten + 10 individuelle Einheiten\/Woche<\/td>\n<\/tr>\n<tr>\n<td class=\"celdas-izq\">Dauer<\/td>\n<td class=\"celdas-dcha\">Mindestens 1 Woche<\/td>\n<\/tr>\n<tr class=\"fondo-color\">\n<td class=\"celdas-izq\">Niveaus<\/td>\n<td class=\"celdas-dcha\"><i>Grundstufenzertifikat Wirtschaftsspanisch<\/p>\n<p>Oberstufenzertifikat Wirtschaftsspanisch<\/p>\n<p><\/i><\/p>\n<p><i>Diplom Wirtschaftsspanisch<\/i><\/p>\n<\/td>\n<\/tr>\n<tr class=\"fondo-color\">\n<td class=\"celdas-izq\">Dauer 1 Unterrichtseinheit<\/td>\n<td class=\"celdas-dcha\">45 Minuten<\/td>\n<\/tr>\n<\/tbody>\n<\/table>\n","protected":false},"excerpt":{"rendered":"<p>Das Intensivprogramm f\u00fcr Wirtschaftsspanisch, das mindestens eine Woche dauert, umfasst insgesamt 20 Gruppenstunden und 10 Einzelstunden pro Woche \u00e0 45 Minuten. Dies erm\u00f6glicht es jedem Teilnehmenden, pers\u00f6nliche Ziele zu erreichen, da er sowohl vom Gruppen- als auch vom Einzelunterricht profitiert.<br \/>\nVon 9:30 bis 11:00 Uhr und von 11:30 bis 13:00 Uhr findet der Unterricht in der Gruppe statt. Der Schwerpunkt liegt auf dem allgemeinen Spanisch. Von 13:30 bis 15:00 Uhr liegt der Schwerpunkt auf spezifischen Aspekten der Handels- und Gesch\u00e4ftssprache.<\/p>\n<p style=\"text-align:center;\"><a href=\"\/de\/c\/wirtschaftsspanisch-2\/\" title=\"Mehr \u00fcber den Kurs: Intensivkurs Wirtschaftsspanisch\" class=\"buttonaction\">Mehr \u00fcber diesen Kurs<\/a><\/p>\n","protected":false},"featured_media":6759,"template":"","meta":[],"product_cat":[160,165],"product_tag":[],"_links":{"self":[{"href":"https:\/\/dev.tandemmadrid.com\/de\/wp-json\/wp\/v2\/product\/11759"}],"collection":[{"href":"https:\/\/dev.tandemmadrid.com\/de\/wp-json\/wp\/v2\/product"}],"about":[{"href":"https:\/\/dev.tandemmadrid.com\/de\/wp-json\/wp\/v2\/types\/product"}],"version-history":[{"count":0,"href":"https:\/\/dev.tandemmadrid.com\/de\/wp-json\/wp\/v2\/product\/11759\/revisions"}],"wp:featuredmedia":[{"embeddable":true,"href":"https:\/\/dev.tandemmadrid.com\/de\/wp-json\/wp\/v2\/media\/6759"}],"wp:attachment":[{"href":"https:\/\/dev.tandemmadrid.com\/de\/wp-json\/wp\/v2\/media?parent=11759"}],"wp:term":[{"taxonomy":"product_cat","embeddable":true,"href":"https:\/\/dev.tandemmadrid.com\/de\/wp-json\/wp\/v2\/product_cat?post=11759"},{"taxonomy":"product_tag","embeddable":true,"href":"https:\/\/dev.tandemmadrid.com\/de\/wp-json\/wp\/v2\/product_tag?post=11759"}],"curies":[{"name":"wp","href":"https:\/\/api.w.org\/{rel}","templated":true}]}}