
{"id":11761,"date":"2023-10-09T18:57:55","date_gmt":"2023-10-09T16:57:55","guid":{"rendered":"https:\/\/dev.tandemmadrid.com\/shop\/buchen-sie-den-kurs-immersionsseminar-in-madrid\/"},"modified":"2024-02-08T14:34:08","modified_gmt":"2024-02-08T13:34:08","slug":"immersionsseminar","status":"publish","type":"product","link":"https:\/\/dev.tandemmadrid.com\/de\/shop-2\/immersionsseminar\/","title":{"rendered":"Buchen Sie den Kurs: Immersionsseminar in Madrid"},"content":{"rendered":"<table class=\"tabla-cursos\" border=\"1px\">\n<tbody>\n<tr>\n<td class=\"celdas-izq\">Unterrichtsbeginn<\/td>\n<td class=\"celdas-dcha\">Jederzeit m\u00f6glich<\/td>\n<\/tr>\n<tr class=\"fondo-color\">\n<td class=\"celdas-izq\">Unterrichtseinheiten pro Woche<\/td>\n<td class=\"celdas-dcha\">20, 30 zus\u00e4tzlich der weiteren Wochen, die Sie w\u00fcnschen<\/td>\n<\/tr>\n<tr>\n<td class=\"celdas-izq\">Dauer<\/td>\n<td class=\"celdas-dcha\">Minimum 1 Woche<\/td>\n<\/tr>\n<tr class=\"fondo-color\">\n<td class=\"celdas-izq\">Niveau<\/td>\n<td class=\"celdas-dcha\">Alle Niveaus<\/td>\n<\/tr>\n<tr class=\"fondo-color\">\n<td class=\"celdas-izq\">Optional<\/td>\n<td class=\"celdas-dcha\">Essen mit der Lehrkraft \/ Kulturelles Programm, Kulturelle Aktivit\u00e4ten am Nachmittag\/Abend<\/td>\n<\/tr>\n<tr>\n<td class=\"celdas-izq\">Mindestalter<\/td>\n<td class=\"celdas-dcha\">+ 18<\/td>\n<\/tr>\n<tr class=\"fondo-color\">\n<td class=\"celdas-izq\">Dauer einer Unterrichtseinheit<\/td>\n<td class=\"celdas-dcha\">45 Minuten<\/td>\n<\/tr>\n<tr>\n<td class=\"celdas-izq\"><strong>Anmeldegeb\u00fchr<\/strong><\/td>\n<td class=\"celdas-dcha\">\n<p><strong>50\u20ac<\/strong>.<\/p>\n<\/p>\n<\/td>\n<\/tr>\n<\/tbody>\n<\/table>\n","protected":false},"excerpt":{"rendered":"<p>Dieser Kurs ist eine gro\u00dfartige Option f\u00fcr diejenigen, die an individuellem und ma\u00dfgeschneidertem Lernen interessiert sind, um schnelle Ergebnisse zu erzielen. Sie k\u00f6nnen sich immer auf einen Spanischlehrer verlassen, der auf das Berufsfeld spezialisiert ist, f\u00fcr das Sie sich angemeldet haben. Dank der 20\/30 Lektionen \u00e0 45 Minuten pro Woche k\u00f6nnen Sie an jedem Tag des Jahres in den Kurs einsteigen.<\/p>\n<p style=\"text-align:center;\"><a href=\"\/de\/c\/immersionsseminar-in-madrid\/\" title=\"Mehr \u00fcber den Kurs: Immersionsseminar in Madrid\" class=\"buttonaction\">Mehr \u00fcber diesen Kurs<\/a><\/p>\n","protected":false},"featured_media":6825,"template":"","meta":[],"product_cat":[165],"product_tag":[],"_links":{"self":[{"href":"https:\/\/dev.tandemmadrid.com\/de\/wp-json\/wp\/v2\/product\/11761"}],"collection":[{"href":"https:\/\/dev.tandemmadrid.com\/de\/wp-json\/wp\/v2\/product"}],"about":[{"href":"https:\/\/dev.tandemmadrid.com\/de\/wp-json\/wp\/v2\/types\/product"}],"version-history":[{"count":0,"href":"https:\/\/dev.tandemmadrid.com\/de\/wp-json\/wp\/v2\/product\/11761\/revisions"}],"wp:featuredmedia":[{"embeddable":true,"href":"https:\/\/dev.tandemmadrid.com\/de\/wp-json\/wp\/v2\/media\/6825"}],"wp:attachment":[{"href":"https:\/\/dev.tandemmadrid.com\/de\/wp-json\/wp\/v2\/media?parent=11761"}],"wp:term":[{"taxonomy":"product_cat","embeddable":true,"href":"https:\/\/dev.tandemmadrid.com\/de\/wp-json\/wp\/v2\/product_cat?post=11761"},{"taxonomy":"product_tag","embeddable":true,"href":"https:\/\/dev.tandemmadrid.com\/de\/wp-json\/wp\/v2\/product_tag?post=11761"}],"curies":[{"name":"wp","href":"https:\/\/api.w.org\/{rel}","templated":true}]}}