
{"id":11762,"date":"2023-10-09T13:54:54","date_gmt":"2023-10-09T11:54:54","guid":{"rendered":"https:\/\/dev.tandemmadrid.com\/shop\/buchen-sie-den-kurs-sommerkurs-fuer-jugendliche-in-madrid\/"},"modified":"2024-02-08T14:39:43","modified_gmt":"2024-02-08T13:39:43","slug":"jugendliche-madrid","status":"publish","type":"product","link":"https:\/\/dev.tandemmadrid.com\/de\/shop-2\/jugendliche-madrid\/","title":{"rendered":"Buchen Sie den Kurs: Sommerkurs f\u00fcr Jugendliche in Madrid"},"content":{"rendered":"<table class=\"tabla-cursos\" border=\"1px\">\n<tbody>\n<tr>\n<td class=\"celdas-izq\">Kursdauer<\/td>\n<td class=\"celdas-dcha\">Jeden Montag vom Juni bis zum Juli.<\/td>\n<\/tr>\n<tr class=\"fondo-color\">\n<td class=\"celdas-izq\">Unterrichtseinheiten pro Woche<\/td>\n<td class=\"celdas-dcha\">20 Unterrichtseinheiten\/Woche \u2013 4 Unterrichtseinheiten\/Tag<\/td>\n<\/tr>\n<tr>\n<td class=\"celdas-izq\">Dauer<\/td>\n<td class=\"celdas-dcha\">Minimum: zwei Wochen<\/td>\n<\/tr>\n<tr class=\"fondo-color\">\n<td class=\"celdas-izq\">Niveaus<\/td>\n<td class=\"celdas-dcha\">Alle Niveaus<\/td>\n<\/tr>\n<tr>\n<td class=\"celdas-izq\">Zeitplan<\/td>\n<td class=\"celdas-dcha\">\n<p style=\"display: block; text-align: center;\" id=\"txtelink2\"><a target=\"_self\" class=\"dt-sc-button small\" style=\"background-color: #1e73be; border-color: #1e73be; color: #ffffff;\" onclick=\"JavaScript:toggle_visibility('txtexp2');JavaScript:toggle_visibility('txtelink2');\" rel=\"noopener\">siehe Zeitplan<\/a><\/p>\n<div id=\"txtexp2\" style=\"display: none;\">\n<div style=\"width: 100%;text-align: center\">\n<p><b> Vormittags <\/b><\/p>\n<p>09:30 bis 11:00 Intensivkurs<\/p>\n<p>11:00 bis 11:30 Pause<\/p>\n<p>11:30 bis 13:00 Intensivkurs<\/p>\n<p><b> Nachmittags <\/b><\/p>\n<p>15:00 bis 16:30 Intensivkurs<\/p>\n<p>16:30 bis 17:00 Pause<\/p>\n<p>17:00 bis 18:30 Intensivkurs\n<\/p>\n<\/div>\n<div>\n<ol style=\"text-align: left\">\n<li><strong>Von Januar bis Mai:<\/strong> nur vormittags.<\/li>\n<li><strong>Von Juni bis September: <\/strong> Einige Gruppen haben einen Vormittagsplan, andere werden am Nachmittag programmiert. <\/li>\n<li>Die maximale Teilnehmerzahl pro Klasse betr\u00e4gt 10, die Mindestteilnehmerzahl 4. Wenn die Anzahl der Sch\u00fcler pro Klasse weniger als 4 betr\u00e4gt, reduziert die Schule die Anzahl der Klassen auf die H\u00e4lfte der Gesamtzahl.<\/li>\n<\/ol>\n<\/div>\n<p><a target=\"_self\" class=\"dt-sc-button small\" style=\"background-color: #1e73be; border-color: #1e73be; color: #ffffff;\" onclick=\"JavaScript:toggle_visibility('txtexp2');JavaScript:toggle_visibility('txtelink2');\" rel=\"noopener\">Schlie\u00dfen<\/a><\/p>\n<\/div>\n<\/td>\n<\/tr>\n<tr class=\"fondo-color\">\n<td class=\"celdas-izq\">Dauer von einer Unterrichtseinheit<\/td>\n<td class=\"celdas-dcha\">45 min<\/td>\n<\/tr>\n<tr>\n<td class=\"celdas-izq\">Kulturprogramm<\/td>\n<td class=\"celdas-dcha\">T\u00e4glich eine Aktivit\u00e4t am Nachmittag oder am Abend + 1 Ausflug am Wochenende<\/td>\n<\/tr>\n<tr class=\"fondo-color\">\n<td class=\"celdas-izq\">Unterkunft<\/td>\n<td class=\"celdas-dcha\">Gastfamilie, Vollpension, Einzelzimmer<\/td>\n<\/tr>\n<\/tbody>\n<\/table>\n","protected":false},"excerpt":{"rendered":"<p>Wenn Sie zwischen 13 und 17 Jahre alt sind und einen Spanisch-Sommerkurs in Madrid besuchen m\u00f6chten, dann ist der Spanisch-Junior-Kurs (13-17) von TANDEM Madrid eine gute Option.<br \/>\nDieses akademische Programm findet im Sommer statt und besteht aus 4 Unterrichtsstunden \u00e0 45 Minuten pro Woche \u00fcber einen Zeitraum von mindestens zwei Wochen. In diesen 15 oder mehr Tagen besuchen Sie den Spanischunterricht in einer Schule im Zentrum Madrids mit anderen Teilnehmenden aus verschiedenen L\u00e4ndern in Ihrem Alter.<\/p>\n<p style=\"text-align:center;\"><a href=\"\/de\/c\/sommerkurs-fur-jugendliche-in-madrid-fur-15-17jahrige\/\" title=\"Mehr \u00fcber den Kurs: Sommerkurs f\u00fcr Jugendliche in Madrid\" class=\"buttonaction\">Mehr \u00fcber diesen Kurs<\/a><\/p>\n","protected":false},"featured_media":6744,"template":"","meta":[],"product_cat":[175],"product_tag":[],"_links":{"self":[{"href":"https:\/\/dev.tandemmadrid.com\/de\/wp-json\/wp\/v2\/product\/11762"}],"collection":[{"href":"https:\/\/dev.tandemmadrid.com\/de\/wp-json\/wp\/v2\/product"}],"about":[{"href":"https:\/\/dev.tandemmadrid.com\/de\/wp-json\/wp\/v2\/types\/product"}],"version-history":[{"count":0,"href":"https:\/\/dev.tandemmadrid.com\/de\/wp-json\/wp\/v2\/product\/11762\/revisions"}],"wp:featuredmedia":[{"embeddable":true,"href":"https:\/\/dev.tandemmadrid.com\/de\/wp-json\/wp\/v2\/media\/6744"}],"wp:attachment":[{"href":"https:\/\/dev.tandemmadrid.com\/de\/wp-json\/wp\/v2\/media?parent=11762"}],"wp:term":[{"taxonomy":"product_cat","embeddable":true,"href":"https:\/\/dev.tandemmadrid.com\/de\/wp-json\/wp\/v2\/product_cat?post=11762"},{"taxonomy":"product_tag","embeddable":true,"href":"https:\/\/dev.tandemmadrid.com\/de\/wp-json\/wp\/v2\/product_tag?post=11762"}],"curies":[{"name":"wp","href":"https:\/\/api.w.org\/{rel}","templated":true}]}}