
{"id":11764,"date":"2023-10-10T16:45:30","date_gmt":"2023-10-10T14:45:30","guid":{"rendered":"https:\/\/dev.tandemmadrid.com\/shop\/buchen-sie-den-kurs-spanisches-hochschulzugangsprogramm\/"},"modified":"2024-02-08T15:21:19","modified_gmt":"2024-02-08T14:21:19","slug":"spanisches-hochschulzugangsprogramm","status":"publish","type":"product","link":"https:\/\/dev.tandemmadrid.com\/de\/shop-2\/spanisches-hochschulzugangsprogramm\/","title":{"rendered":"Buchen Sie den Kurs: Spanisches Hochschulzugangsprogramm"},"content":{"rendered":"<p>Optionen f\u00fcr den Reiseverlauf<\/p>\n<ul>\n<li>14-monatiges Standardprogramm: Innerhalb von 6 Monaten (von April bis September) besuchen Sie unsere Intensivkurse von Montag bis Freitag von 09.30 bis 13.00 Uhr (20 Unterrichtsstunden pro Woche). Wenn Sie das Niveau B1 erreicht haben, k\u00f6nnen Sie einen 8-monatigen Kurs bei unserer Partnerschule beginnen (von Oktober bis Dezember, 10 Lektionen pro Woche, oder von Januar bis Mai mit 20 Lektionen pro Woche). Die Aufnahmepr\u00fcfung findet im Juni statt. <\/li>\n<li>11-monatiges Intensivprogramm: W\u00e4hrend 6 Monaten (von Juli bis Dezember) besuchen Sie unsere Intensivkurse, von Montag bis Freitag von 09.30 bis 13.00 Uhr (20 Lektionen pro Woche). Wenn Sie das Niveau B1 erreicht haben, k\u00f6nnen Sie einen 5-monatigen Intensivkurs bei unserer Partnerschule beginnen (von Januar bis Mai, 20 Unterrichtsstunden pro Woche). Auch hier findet die Aufnahmepr\u00fcfung im Juni statt. <\/li>\n<li>8-monatiges B1-Programm: Wenn Sie bereits \u00fcber ein B1-Niveau in Spanisch verf\u00fcgen, besuchen Sie 8 Monate lang vormittags den Pr\u00fcfungsvorbereitungskurs und kommen nachmittags zweimal pro Woche zum Spanischunterricht zu TANDEM. <\/li>\n<\/ul>\n","protected":false},"excerpt":{"rendered":"<p>Wenn Sie an einer spanischen Universit\u00e4t studieren m\u00f6chten, bietet Ihnen TANDEM ein Programm an, das die Verwaltung des Studentenvisums, einen Spanischkurs und Vorbereitungskurse f\u00fcr die Aufnahmepr\u00fcfung in einem spezialisierten Zentrum sowie die Orientierung der Studierenden umfasst. Wir k\u00f6nnen au\u00dferdem Ihre Unterkunft in Gastfamilien oder Wohnheimen organisieren und Sie mit spanischen Studierenden in Kontakt bringen, um Konversation zu betreiben und zu \u00fcben.<\/p>\n<p style=\"text-align:center;\"><a href=\"\/de\/c\/spanisches-hochschulzugangsprogramm\/\" title=\"Mehr \u00fcber den Kurs: Spanisches Hochschulzugangsprogramm\" class=\"buttonaction\">Mehr \u00fcber diesen Kurs<\/a><\/p>\n","protected":false},"featured_media":6694,"template":"","meta":[],"product_cat":[169],"product_tag":[],"_links":{"self":[{"href":"https:\/\/dev.tandemmadrid.com\/de\/wp-json\/wp\/v2\/product\/11764"}],"collection":[{"href":"https:\/\/dev.tandemmadrid.com\/de\/wp-json\/wp\/v2\/product"}],"about":[{"href":"https:\/\/dev.tandemmadrid.com\/de\/wp-json\/wp\/v2\/types\/product"}],"version-history":[{"count":0,"href":"https:\/\/dev.tandemmadrid.com\/de\/wp-json\/wp\/v2\/product\/11764\/revisions"}],"wp:featuredmedia":[{"embeddable":true,"href":"https:\/\/dev.tandemmadrid.com\/de\/wp-json\/wp\/v2\/media\/6694"}],"wp:attachment":[{"href":"https:\/\/dev.tandemmadrid.com\/de\/wp-json\/wp\/v2\/media?parent=11764"}],"wp:term":[{"taxonomy":"product_cat","embeddable":true,"href":"https:\/\/dev.tandemmadrid.com\/de\/wp-json\/wp\/v2\/product_cat?post=11764"},{"taxonomy":"product_tag","embeddable":true,"href":"https:\/\/dev.tandemmadrid.com\/de\/wp-json\/wp\/v2\/product_tag?post=11764"}],"curies":[{"name":"wp","href":"https:\/\/api.w.org\/{rel}","templated":true}]}}