
{"id":11768,"date":"2024-01-28T13:43:54","date_gmt":"2024-01-28T12:43:54","guid":{"rendered":"https:\/\/dev.tandemmadrid.com\/shop\/angebot-fuer-den-kurs-spanisch-fuer-familien\/"},"modified":"2024-02-08T15:26:14","modified_gmt":"2024-02-08T14:26:14","slug":"spanisch-familien","status":"publish","type":"product","link":"https:\/\/dev.tandemmadrid.com\/de\/shop-2\/spanisch-familien\/","title":{"rendered":"Angebot f\u00fcr den Kurs: Spanisch f\u00fcr Familien"},"content":{"rendered":"","protected":false},"excerpt":{"rendered":"<p>Kurs f\u00fcr Familien, die gemeinsam Zeit in Madrid verbringen und das Erlernen der spanischen Sprache mit lustigen und kulturellen Aktivit\u00e4ten verbinden m\u00f6chten.<\/p>\n<p style=\"text-align:center;\"><a href=\"\/de\/c\/spanisch-familien\/\" title=\"Mehr \u00fcber den Kurs: Spanisch f\u00fcr Familien\" class=\"buttonaction\">Mehr \u00fcber den Kurs<\/a><\/p>\n","protected":false},"featured_media":7362,"template":"","meta":[],"product_cat":[157,169],"product_tag":[],"_links":{"self":[{"href":"https:\/\/dev.tandemmadrid.com\/de\/wp-json\/wp\/v2\/product\/11768"}],"collection":[{"href":"https:\/\/dev.tandemmadrid.com\/de\/wp-json\/wp\/v2\/product"}],"about":[{"href":"https:\/\/dev.tandemmadrid.com\/de\/wp-json\/wp\/v2\/types\/product"}],"version-history":[{"count":0,"href":"https:\/\/dev.tandemmadrid.com\/de\/wp-json\/wp\/v2\/product\/11768\/revisions"}],"wp:featuredmedia":[{"embeddable":true,"href":"https:\/\/dev.tandemmadrid.com\/de\/wp-json\/wp\/v2\/media\/7362"}],"wp:attachment":[{"href":"https:\/\/dev.tandemmadrid.com\/de\/wp-json\/wp\/v2\/media?parent=11768"}],"wp:term":[{"taxonomy":"product_cat","embeddable":true,"href":"https:\/\/dev.tandemmadrid.com\/de\/wp-json\/wp\/v2\/product_cat?post=11768"},{"taxonomy":"product_tag","embeddable":true,"href":"https:\/\/dev.tandemmadrid.com\/de\/wp-json\/wp\/v2\/product_tag?post=11768"}],"curies":[{"name":"wp","href":"https:\/\/api.w.org\/{rel}","templated":true}]}}