
{"id":11770,"date":"2023-10-10T13:20:26","date_gmt":"2023-10-10T11:20:26","guid":{"rendered":"https:\/\/dev.tandemmadrid.com\/shop\/buchen-sie-den-kurs-dele-vorbereitungskurs-persoenlich-oder-online\/"},"modified":"2024-02-08T15:32:54","modified_gmt":"2024-02-08T14:32:54","slug":"dele-vorbereitungskurs","status":"publish","type":"product","link":"https:\/\/dev.tandemmadrid.com\/de\/shop-2\/dele-vorbereitungskurs\/","title":{"rendered":"Buchen Sie den Kurs: DELE-Vorbereitungskurs (pers\u00f6nlich oder online)"},"content":{"rendered":"","protected":false},"excerpt":{"rendered":"<p>DELE ist das offizielle Diplom f\u00fcr das Erlernen der spanischen Sprache des Cervantes-Instituts. Diese Diplome sind auf der ganzen Welt anerkannt und werden sowohl in der Bildung als auch in der Wirtschaft respektiert. Um die spanische Staatsb\u00fcrgerschaft zu erhalten, muss man mindestens ein DELE-Diplom der Stufe A2 besitzen. Pers\u00f6nlich oder online, Privatunterricht (Einzelunterricht) oder Unterricht f\u00fcr 2 Personen.<\/p>\n<p style=\"text-align:center;\"><a href=\"\/de\/c\/vorbereitungskurs-auf-die-dele-prufung\/\" title=\"Mehr \u00fcber den Kurs: DELE-Vorbereitungskurs am Nachmittag\" class=\"buttonaction\">Mehr \u00fcber diesen Kurs<\/a><\/p>\n","protected":false},"featured_media":4574,"template":"","meta":[],"product_cat":[146,163],"product_tag":[],"_links":{"self":[{"href":"https:\/\/dev.tandemmadrid.com\/de\/wp-json\/wp\/v2\/product\/11770"}],"collection":[{"href":"https:\/\/dev.tandemmadrid.com\/de\/wp-json\/wp\/v2\/product"}],"about":[{"href":"https:\/\/dev.tandemmadrid.com\/de\/wp-json\/wp\/v2\/types\/product"}],"version-history":[{"count":0,"href":"https:\/\/dev.tandemmadrid.com\/de\/wp-json\/wp\/v2\/product\/11770\/revisions"}],"wp:featuredmedia":[{"embeddable":true,"href":"https:\/\/dev.tandemmadrid.com\/de\/wp-json\/wp\/v2\/media\/4574"}],"wp:attachment":[{"href":"https:\/\/dev.tandemmadrid.com\/de\/wp-json\/wp\/v2\/media?parent=11770"}],"wp:term":[{"taxonomy":"product_cat","embeddable":true,"href":"https:\/\/dev.tandemmadrid.com\/de\/wp-json\/wp\/v2\/product_cat?post=11770"},{"taxonomy":"product_tag","embeddable":true,"href":"https:\/\/dev.tandemmadrid.com\/de\/wp-json\/wp\/v2\/product_tag?post=11770"}],"curies":[{"name":"wp","href":"https:\/\/api.w.org\/{rel}","templated":true}]}}