
{"id":11775,"date":"2024-01-28T11:48:26","date_gmt":"2024-01-28T10:48:26","guid":{"rendered":"https:\/\/dev.tandemmadrid.com\/shop\/buchen-sie-den-kurs-tutorenstudent-und-praxiserfahrung-fuer-lehrer\/"},"modified":"2024-02-08T15:53:10","modified_gmt":"2024-02-08T14:53:10","slug":"tutorenstudent-praxiserfahrung-lehrer","status":"publish","type":"product","link":"https:\/\/dev.tandemmadrid.com\/de\/shop-2\/tutorenstudent-praxiserfahrung-lehrer\/","title":{"rendered":"Buchen Sie den Kurs: Tutorenstudent und Praxiserfahrung f\u00fcr Lehrer"},"content":{"rendered":"<table class=\"tabla-cursos\">\n<tbody>\n<tr>\n<td class=\"celdas-izq\">Dauer<\/td>\n<td class=\"celdas-dcha\">Mindestens 1 Woche, 30 Lektionen \u00e0 45 Minuten.<\/td>\n<\/tr>\n<tr>\n<td class=\"celdas-izq\">Daten<\/td>\n<td class=\"celdas-dcha\">Das ganze Jahr, Montag bis Freitag<\/td>\n<\/tr>\n<\/tbody>\n<\/table>\n","protected":false},"excerpt":{"rendered":"<p>Eine oder zwei Wochen Hospitation im Klassenzimmer und praktische Unterrichts\u00fcbungen mit erfahrenen Spanischlehrern von TANDEM Madrid.<\/p>\n<p>Die Teilnehmer werden von einem der Lehrerausbilder unseres Teams angeleitet, der sie w\u00e4hrend der Unterrichtsbeobachtung und der praktischen Unterrichts\u00fcbungen begleiten wird. Sie k\u00f6nnen bei der Unterrichtsvorbereitung anwesend sein, ihren Tutor im Unterricht beobachten, kurze Unterrichtseinheiten halten und nach dem Unterricht Feedback erhalten.<\/p>\n<p style=\"text-align:center;\"><a href=\"\/de\/c\/tutorenstunden-und-praxiserfahrung-fur-lehrer\/\" title=\"Mehr \u00fcber den Kurs: Tutorenstudent und Praxiserfahrung f\u00fcr Lehrer\" class=\"buttonaction\">Mehr \u00fcber den Kurs<\/a><\/p>\n","protected":false},"featured_media":7328,"template":"","meta":[],"product_cat":[179],"product_tag":[],"_links":{"self":[{"href":"https:\/\/dev.tandemmadrid.com\/de\/wp-json\/wp\/v2\/product\/11775"}],"collection":[{"href":"https:\/\/dev.tandemmadrid.com\/de\/wp-json\/wp\/v2\/product"}],"about":[{"href":"https:\/\/dev.tandemmadrid.com\/de\/wp-json\/wp\/v2\/types\/product"}],"version-history":[{"count":0,"href":"https:\/\/dev.tandemmadrid.com\/de\/wp-json\/wp\/v2\/product\/11775\/revisions"}],"wp:featuredmedia":[{"embeddable":true,"href":"https:\/\/dev.tandemmadrid.com\/de\/wp-json\/wp\/v2\/media\/7328"}],"wp:attachment":[{"href":"https:\/\/dev.tandemmadrid.com\/de\/wp-json\/wp\/v2\/media?parent=11775"}],"wp:term":[{"taxonomy":"product_cat","embeddable":true,"href":"https:\/\/dev.tandemmadrid.com\/de\/wp-json\/wp\/v2\/product_cat?post=11775"},{"taxonomy":"product_tag","embeddable":true,"href":"https:\/\/dev.tandemmadrid.com\/de\/wp-json\/wp\/v2\/product_tag?post=11775"}],"curies":[{"name":"wp","href":"https:\/\/api.w.org\/{rel}","templated":true}]}}