
{"id":11776,"date":"2023-10-09T17:33:30","date_gmt":"2023-10-09T15:33:30","guid":{"rendered":"https:\/\/dev.tandemmadrid.com\/shop\/book-the-course-summer-junior-program-individuals-real-madrid-campus-experience-football-camp\/"},"modified":"2024-02-08T15:58:26","modified_gmt":"2024-02-08T14:58:26","slug":"campus-experience-real-madrid","status":"publish","type":"product","link":"https:\/\/dev.tandemmadrid.com\/de\/shop-2\/campus-experience-real-madrid\/","title":{"rendered":"Buchen Sie den Kurs: Sommer Junior Programm (Einzelne) + Campus Experience Real Madrid Stiftung Fu\u00dfball Camp"},"content":{"rendered":"<p>Erste Woche: Junior-Spanischprogramm bei TANDEM Madrid<br \/>\nDie Kultur- und Freizeitaktivit\u00e4ten beginnen jeden Tag nach dem Mittagessen. Entweder eine Nachmittags- oder eine Abendaktivit\u00e4t. Teilnehmende werden die ber\u00fchmtesten Sehensw\u00fcrdigkeiten Madrids besuchen, darunter die Plaza Mayor, die Puerta del Sol, den Retiro-Park, El Madrid de los Austrias (das Erbe der Habsburger), die Sporteinrichtungen der Stadt sowie Konzerte und Filme im Freien. Wir bieten zudem sportliche Aktivit\u00e4ten wie Schlittschuhlaufen, Schwimmen, Wandern in den Bergen au\u00dferhalb Madrids, einen Besuch des Real-Madrid-Fu\u00dfballstadions, Fu\u00dfball- oder Basketballspiele, Flamenco-Kurse und vieles mehr.<\/p>\n<p>Exkursionen<br \/>\nSamstags werden Ausfl\u00fcge zu Orten in der N\u00e4he von Madrid unternommen, z. B. nach Segovia mit seinem ber\u00fchmten r\u00f6mischen Aqu\u00e4dukt, nach Avila, das f\u00fcr seine Stadtmauern ber\u00fchmt ist, oder nach El Escorial mit seinem beeindruckenden Kloster, das w\u00e4hrend der Herrschaft von Philipp II. erbaut wurde.<\/p>\n<p>Zweite Woche: 1-w\u00f6chiges Fu\u00dfball-Wohncamp<br \/>\nVom Aufwachen bis zum Schlafengehen erleben unsere Teilnehmenden aus erster Hand, was es hei\u00dft, als Gruppe im Rahmen eines von Coaches sowie P\u00e4dagoginnen und P\u00e4dagogen der Real Madrid Sitftung geleiteten Lern- und Sportprogramms zu wachsen. Die Teilnehmenden sind in einem erstklassigen Wohnheim untergebracht und fahren t\u00e4glich nach Ciudad Real Madrid de Valdebebas, wo sie morgens und nachmittags 90 Minuten lang unter der Aufsicht von Trainern der Stiftung Real Madrid trainieren. All diese Aktivit\u00e4ten sind mit den Werten unseres Vereins verbunden.<\/p>\n","protected":false},"excerpt":{"rendered":"<p>Unser Spanisch &#038; Fu\u00dfball Camp bietet eine spannende Kombination aus professionellem Fu\u00dfballtraining, Spanischunterricht, Ausfl\u00fcgen und anderen Aktivit\u00e4ten.<\/p>\n<p>Das perfekte Programm f\u00fcr Ihre Kinder, sowohl M\u00e4dchen als auch Jungen, in Madrid! Hier erfahren die Teilnehmenden aus erster Hand, wie es ist, als Gruppe zu wachsen und eine fremde Sprache zu lernen. Die sportliche Entwicklung wird von Coaches sowie P\u00e4dagoginnen und P\u00e4dagogen der Real Madrid Stiftung geleitet.<\/p>\n<p style=\"text-align:center;\"><a href=\"\/de\/c\/spanisch-fusball-camp-real-madrid\/\" title=\"Mehr \u00fcber den Kurs: Sommer Junior Programm (Einzelne) + Campus Experience Real Madrid Stiftung Fu\u00dfball Camp\" class=\"buttonaction\">More about this course<\/a><\/p>\n","protected":false},"featured_media":6801,"template":"","meta":[],"product_cat":[175],"product_tag":[],"_links":{"self":[{"href":"https:\/\/dev.tandemmadrid.com\/de\/wp-json\/wp\/v2\/product\/11776"}],"collection":[{"href":"https:\/\/dev.tandemmadrid.com\/de\/wp-json\/wp\/v2\/product"}],"about":[{"href":"https:\/\/dev.tandemmadrid.com\/de\/wp-json\/wp\/v2\/types\/product"}],"version-history":[{"count":0,"href":"https:\/\/dev.tandemmadrid.com\/de\/wp-json\/wp\/v2\/product\/11776\/revisions"}],"wp:featuredmedia":[{"embeddable":true,"href":"https:\/\/dev.tandemmadrid.com\/de\/wp-json\/wp\/v2\/media\/6801"}],"wp:attachment":[{"href":"https:\/\/dev.tandemmadrid.com\/de\/wp-json\/wp\/v2\/media?parent=11776"}],"wp:term":[{"taxonomy":"product_cat","embeddable":true,"href":"https:\/\/dev.tandemmadrid.com\/de\/wp-json\/wp\/v2\/product_cat?post=11776"},{"taxonomy":"product_tag","embeddable":true,"href":"https:\/\/dev.tandemmadrid.com\/de\/wp-json\/wp\/v2\/product_tag?post=11776"}],"curies":[{"name":"wp","href":"https:\/\/api.w.org\/{rel}","templated":true}]}}