
{"id":11778,"date":"2023-10-10T16:13:58","date_gmt":"2023-10-10T14:13:58","guid":{"rendered":"https:\/\/dev.tandemmadrid.com\/shop\/apartment-b\/"},"modified":"2024-02-08T16:10:24","modified_gmt":"2024-02-08T15:10:24","slug":"apartment-b","status":"publish","type":"product","link":"https:\/\/dev.tandemmadrid.com\/de\/shop-2\/apartment-b\/","title":{"rendered":"Apartment B"},"content":{"rendered":"","protected":false},"excerpt":{"rendered":"<p>Wohnung f\u00fcr vier Personen. Mit zwei separaten Schlafzimmern mit Doppelbett oder zwei Einzelbetten wie gew\u00fcnscht, Wohnzimmer mit Schlafsofa f\u00fcr eine Person, Bad, K\u00fcche und Terrasse mit Blick auf Madrid.<\/p>\n<p style=\"text-align:center;\"><a href=\"\/de\/privates-apartment\/\" title=\"Mehr \u00fcber die Unterkunft: Apartment B\" class=\"buttonaction\">Mehr \u00fcber diese Unterkunft<\/a><\/p>\n","protected":false},"featured_media":7103,"template":"","meta":[],"product_cat":[143],"product_tag":[],"_links":{"self":[{"href":"https:\/\/dev.tandemmadrid.com\/de\/wp-json\/wp\/v2\/product\/11778"}],"collection":[{"href":"https:\/\/dev.tandemmadrid.com\/de\/wp-json\/wp\/v2\/product"}],"about":[{"href":"https:\/\/dev.tandemmadrid.com\/de\/wp-json\/wp\/v2\/types\/product"}],"version-history":[{"count":0,"href":"https:\/\/dev.tandemmadrid.com\/de\/wp-json\/wp\/v2\/product\/11778\/revisions"}],"wp:featuredmedia":[{"embeddable":true,"href":"https:\/\/dev.tandemmadrid.com\/de\/wp-json\/wp\/v2\/media\/7103"}],"wp:attachment":[{"href":"https:\/\/dev.tandemmadrid.com\/de\/wp-json\/wp\/v2\/media?parent=11778"}],"wp:term":[{"taxonomy":"product_cat","embeddable":true,"href":"https:\/\/dev.tandemmadrid.com\/de\/wp-json\/wp\/v2\/product_cat?post=11778"},{"taxonomy":"product_tag","embeddable":true,"href":"https:\/\/dev.tandemmadrid.com\/de\/wp-json\/wp\/v2\/product_tag?post=11778"}],"curies":[{"name":"wp","href":"https:\/\/api.w.org\/{rel}","templated":true}]}}