
{"id":11801,"date":"2023-10-09T20:27:27","date_gmt":"2023-10-09T18:27:27","guid":{"rendered":"https:\/\/dev.tandemmadrid.com\/shop\/studie-apartment\/"},"modified":"2024-02-08T16:16:27","modified_gmt":"2024-02-08T15:16:27","slug":"studie-apartment","status":"publish","type":"product","link":"https:\/\/dev.tandemmadrid.com\/de\/shop-2\/studie-apartment\/","title":{"rendered":"Studie Apartment"},"content":{"rendered":"","protected":false},"excerpt":{"rendered":"<p>Studie-Apartment f\u00fcr eine oder zwei Personen, falls Sie als Paar anreisen. Das Studio verf\u00fcgt \u00fcber ein Doppelbett, Wohnzimmer, Bad, K\u00fcche und Terrasse mit Blick auf Madrid.<\/p>\n<p style=\"text-align:center;\"><a href=\"\/de\/privates-apartment\/\" title=\"Mehr \u00fcber die Unterkunft: Privates Apartment\" class=\"buttonaction\">Mehr \u00fcber diese Unterkunft<\/a><\/p>\n","protected":false},"featured_media":7103,"template":"","meta":[],"product_cat":[143],"product_tag":[],"_links":{"self":[{"href":"https:\/\/dev.tandemmadrid.com\/de\/wp-json\/wp\/v2\/product\/11801"}],"collection":[{"href":"https:\/\/dev.tandemmadrid.com\/de\/wp-json\/wp\/v2\/product"}],"about":[{"href":"https:\/\/dev.tandemmadrid.com\/de\/wp-json\/wp\/v2\/types\/product"}],"version-history":[{"count":0,"href":"https:\/\/dev.tandemmadrid.com\/de\/wp-json\/wp\/v2\/product\/11801\/revisions"}],"wp:featuredmedia":[{"embeddable":true,"href":"https:\/\/dev.tandemmadrid.com\/de\/wp-json\/wp\/v2\/media\/7103"}],"wp:attachment":[{"href":"https:\/\/dev.tandemmadrid.com\/de\/wp-json\/wp\/v2\/media?parent=11801"}],"wp:term":[{"taxonomy":"product_cat","embeddable":true,"href":"https:\/\/dev.tandemmadrid.com\/de\/wp-json\/wp\/v2\/product_cat?post=11801"},{"taxonomy":"product_tag","embeddable":true,"href":"https:\/\/dev.tandemmadrid.com\/de\/wp-json\/wp\/v2\/product_tag?post=11801"}],"curies":[{"name":"wp","href":"https:\/\/api.w.org\/{rel}","templated":true}]}}