
{"id":11802,"date":"2023-10-09T19:10:51","date_gmt":"2023-10-09T17:10:51","guid":{"rendered":"https:\/\/dev.tandemmadrid.com\/shop\/tandem-studentenwohnheim-einzelzimmer\/"},"modified":"2024-02-08T16:23:08","modified_gmt":"2024-02-08T15:23:08","slug":"studentenwohnheim-einzelzimmer","status":"publish","type":"product","link":"https:\/\/dev.tandemmadrid.com\/de\/shop-2\/studentenwohnheim-einzelzimmer\/","title":{"rendered":"Tandem-Studentenwohnheim &#8211; Einzelzimmer"},"content":{"rendered":"","protected":false},"excerpt":{"rendered":"<p>Das Studentenwohnheim TANDEM Madrid liegt im Herzen des Zentrums von Madrid, in der N\u00e4he aller wichtigen Sehensw\u00fcrdigkeiten von Madrid. Mit dieser Option haben Sie ein Einzelzimmer mit eigenem Bad f\u00fcr die Anzahl der N\u00e4chte, die Sie w\u00e4hlen.<\/p>\n<p style=\"text-align:center;\"><a href=\"\/de\/wohnheim-tandem-madrid\/\" title=\"Mehr \u00fcber die Unterkunft: Tandem-Studentenwohnheim - Doppelzimmer\" class=\"buttonaction\">Mehr \u00fcber diese Unterkunft<\/a><\/p>\n","protected":false},"featured_media":7080,"template":"","meta":[],"product_cat":[143],"product_tag":[],"_links":{"self":[{"href":"https:\/\/dev.tandemmadrid.com\/de\/wp-json\/wp\/v2\/product\/11802"}],"collection":[{"href":"https:\/\/dev.tandemmadrid.com\/de\/wp-json\/wp\/v2\/product"}],"about":[{"href":"https:\/\/dev.tandemmadrid.com\/de\/wp-json\/wp\/v2\/types\/product"}],"version-history":[{"count":0,"href":"https:\/\/dev.tandemmadrid.com\/de\/wp-json\/wp\/v2\/product\/11802\/revisions"}],"wp:featuredmedia":[{"embeddable":true,"href":"https:\/\/dev.tandemmadrid.com\/de\/wp-json\/wp\/v2\/media\/7080"}],"wp:attachment":[{"href":"https:\/\/dev.tandemmadrid.com\/de\/wp-json\/wp\/v2\/media?parent=11802"}],"wp:term":[{"taxonomy":"product_cat","embeddable":true,"href":"https:\/\/dev.tandemmadrid.com\/de\/wp-json\/wp\/v2\/product_cat?post=11802"},{"taxonomy":"product_tag","embeddable":true,"href":"https:\/\/dev.tandemmadrid.com\/de\/wp-json\/wp\/v2\/product_tag?post=11802"}],"curies":[{"name":"wp","href":"https:\/\/api.w.org\/{rel}","templated":true}]}}