
{"id":11804,"date":"2023-10-09T20:13:34","date_gmt":"2023-10-09T18:13:34","guid":{"rendered":"https:\/\/dev.tandemmadrid.com\/shop\/tandem-studentenwohnheim-dreibettzimmer\/"},"modified":"2024-02-08T16:28:28","modified_gmt":"2024-02-08T15:28:28","slug":"studentenwohnheim-dreibettzimmer","status":"publish","type":"product","link":"https:\/\/dev.tandemmadrid.com\/de\/shop-2\/studentenwohnheim-dreibettzimmer\/","title":{"rendered":"Tandem-Studentenwohnheim &#8211; Dreibettzimmer"},"content":{"rendered":"","protected":false},"excerpt":{"rendered":"<p>Das Studierendenwohnheim TANDEM Madrid befindet sich im Herzen des Stadtzentrums von Madrid, in der N\u00e4he aller wichtigen Sehensw\u00fcrdigkeiten der Stadt. Bei dieser Option teilen Sie sich ein Doppelzimmer mit eigenem Bad mit einem anderen Studierenden f\u00fcr die von Ihnen gew\u00e4hlte Anzahl von N\u00e4chten.<\/p>\n<p style=\"text-align:center;\"><a href=\"\/de\/wohnheim-tandem-madrid\/\" title=\"Mehr \u00fcber die Unterkunft: Tandem-Studentenwohnheim - Doppelzimmer\" class=\"buttonaction\">Mehr \u00fcber diese Unterkunft<\/a><\/p>\n","protected":false},"featured_media":7095,"template":"","meta":[],"product_cat":[143],"product_tag":[],"_links":{"self":[{"href":"https:\/\/dev.tandemmadrid.com\/de\/wp-json\/wp\/v2\/product\/11804"}],"collection":[{"href":"https:\/\/dev.tandemmadrid.com\/de\/wp-json\/wp\/v2\/product"}],"about":[{"href":"https:\/\/dev.tandemmadrid.com\/de\/wp-json\/wp\/v2\/types\/product"}],"version-history":[{"count":0,"href":"https:\/\/dev.tandemmadrid.com\/de\/wp-json\/wp\/v2\/product\/11804\/revisions"}],"wp:featuredmedia":[{"embeddable":true,"href":"https:\/\/dev.tandemmadrid.com\/de\/wp-json\/wp\/v2\/media\/7095"}],"wp:attachment":[{"href":"https:\/\/dev.tandemmadrid.com\/de\/wp-json\/wp\/v2\/media?parent=11804"}],"wp:term":[{"taxonomy":"product_cat","embeddable":true,"href":"https:\/\/dev.tandemmadrid.com\/de\/wp-json\/wp\/v2\/product_cat?post=11804"},{"taxonomy":"product_tag","embeddable":true,"href":"https:\/\/dev.tandemmadrid.com\/de\/wp-json\/wp\/v2\/product_tag?post=11804"}],"curies":[{"name":"wp","href":"https:\/\/api.w.org\/{rel}","templated":true}]}}