
{"id":11807,"date":"2024-02-01T16:41:10","date_gmt":"2024-02-01T15:41:10","guid":{"rendered":"https:\/\/dev.tandemmadrid.com\/shop\/unterkunft-in-gastfamilien-doppelzimmer\/"},"modified":"2024-02-08T16:43:49","modified_gmt":"2024-02-08T15:43:49","slug":"unterkunft-gastfamilien-doppelzimmer","status":"publish","type":"product","link":"https:\/\/dev.tandemmadrid.com\/de\/shop-2\/unterkunft-gastfamilien-doppelzimmer\/","title":{"rendered":"Unterkunft in Gastfamilien &#8211; Doppelzimmer"},"content":{"rendered":"","protected":false},"excerpt":{"rendered":"<p>Doppelzimmer sind nur verf\u00fcgbar, wenn zwei G\u00e4ste gemeinsam anreisen. Bitte nehmen Sie f\u00fcr jeden Gast eine eigene Reservierung vor.<br \/>\nPreise \/ Woche in Euro. Die angegebenen Preise gelten f\u00fcr 7 N\u00e4chte.<\/p>\n<p style=\"text-align:center;\"><a href=\"\/de\/gastfamilie\/\" title=\"Mehr \u00fcber die Unterkunft: Gastfamilie\" class=\"buttonaction\">Mehr \u00fcber diese Unterkunft<\/a><\/p>\n","protected":false},"featured_media":6983,"template":"","meta":[],"product_cat":[143],"product_tag":[],"_links":{"self":[{"href":"https:\/\/dev.tandemmadrid.com\/de\/wp-json\/wp\/v2\/product\/11807"}],"collection":[{"href":"https:\/\/dev.tandemmadrid.com\/de\/wp-json\/wp\/v2\/product"}],"about":[{"href":"https:\/\/dev.tandemmadrid.com\/de\/wp-json\/wp\/v2\/types\/product"}],"version-history":[{"count":0,"href":"https:\/\/dev.tandemmadrid.com\/de\/wp-json\/wp\/v2\/product\/11807\/revisions"}],"wp:featuredmedia":[{"embeddable":true,"href":"https:\/\/dev.tandemmadrid.com\/de\/wp-json\/wp\/v2\/media\/6983"}],"wp:attachment":[{"href":"https:\/\/dev.tandemmadrid.com\/de\/wp-json\/wp\/v2\/media?parent=11807"}],"wp:term":[{"taxonomy":"product_cat","embeddable":true,"href":"https:\/\/dev.tandemmadrid.com\/de\/wp-json\/wp\/v2\/product_cat?post=11807"},{"taxonomy":"product_tag","embeddable":true,"href":"https:\/\/dev.tandemmadrid.com\/de\/wp-json\/wp\/v2\/product_tag?post=11807"}],"curies":[{"name":"wp","href":"https:\/\/api.w.org\/{rel}","templated":true}]}}