
{"id":11812,"date":"2023-10-09T17:26:47","date_gmt":"2023-10-09T15:26:47","guid":{"rendered":"https:\/\/dev.tandemmadrid.com\/shop\/abholung-vom-flughafen\/"},"modified":"2024-02-08T16:49:35","modified_gmt":"2024-02-08T15:49:35","slug":"abholung-flughafen","status":"publish","type":"product","link":"https:\/\/dev.tandemmadrid.com\/de\/shop-2\/abholung-flughafen\/","title":{"rendered":"Abholung vom Flughafen"},"content":{"rendered":"","protected":false},"excerpt":{"rendered":"<p>Nach einer langen Reise m\u00f6chten Sie in erster Linie so schnell wie m\u00f6glich zu Ihrem Aufenthaltsort gelangen. Hierbei sind wir Ihnen gern behilflich, indem wir Ihnen einen zus\u00e4tzlichen Service anbieten. Auf Wunsch holen wir Sie am Flughafen ab und bringen Sie unkompliziert zu Ihrem Ziel. Das ist sehr n\u00fctzlich. Vor allem dann, wenn Sie die Stadt nicht kennen und die Sprache noch nicht so gut beherrschen.<\/p>\n","protected":false},"featured_media":9268,"template":"","meta":[],"product_cat":[152],"product_tag":[],"_links":{"self":[{"href":"https:\/\/dev.tandemmadrid.com\/de\/wp-json\/wp\/v2\/product\/11812"}],"collection":[{"href":"https:\/\/dev.tandemmadrid.com\/de\/wp-json\/wp\/v2\/product"}],"about":[{"href":"https:\/\/dev.tandemmadrid.com\/de\/wp-json\/wp\/v2\/types\/product"}],"version-history":[{"count":0,"href":"https:\/\/dev.tandemmadrid.com\/de\/wp-json\/wp\/v2\/product\/11812\/revisions"}],"wp:featuredmedia":[{"embeddable":true,"href":"https:\/\/dev.tandemmadrid.com\/de\/wp-json\/wp\/v2\/media\/9268"}],"wp:attachment":[{"href":"https:\/\/dev.tandemmadrid.com\/de\/wp-json\/wp\/v2\/media?parent=11812"}],"wp:term":[{"taxonomy":"product_cat","embeddable":true,"href":"https:\/\/dev.tandemmadrid.com\/de\/wp-json\/wp\/v2\/product_cat?post=11812"},{"taxonomy":"product_tag","embeddable":true,"href":"https:\/\/dev.tandemmadrid.com\/de\/wp-json\/wp\/v2\/product_tag?post=11812"}],"curies":[{"name":"wp","href":"https:\/\/api.w.org\/{rel}","templated":true}]}}