
{"id":11816,"date":"2023-10-09T17:59:00","date_gmt":"2023-10-09T15:59:00","guid":{"rendered":"https:\/\/dev.tandemmadrid.com\/shop\/spanischer-gitarrenunterricht\/"},"modified":"2024-02-08T16:53:58","modified_gmt":"2024-02-08T15:53:58","slug":"spanischer-gitarrenunterricht","status":"publish","type":"product","link":"https:\/\/dev.tandemmadrid.com\/de\/shop-2\/spanischer-gitarrenunterricht\/","title":{"rendered":"Spanischer Gitarrenunterricht"},"content":{"rendered":"","protected":false},"excerpt":{"rendered":"<p>Wenn Sie Musik m\u00f6gen und ein typisch spanisches Instrument erlernen m\u00f6chten, sind Sie hier genau richtig. Dank des zus\u00e4tzlichen spanischen Gitarrenunterrichts lernen Sie, typische spanische Lieder zu spielen.<\/p>\n","protected":false},"featured_media":6976,"template":"","meta":[],"product_cat":[152],"product_tag":[],"_links":{"self":[{"href":"https:\/\/dev.tandemmadrid.com\/de\/wp-json\/wp\/v2\/product\/11816"}],"collection":[{"href":"https:\/\/dev.tandemmadrid.com\/de\/wp-json\/wp\/v2\/product"}],"about":[{"href":"https:\/\/dev.tandemmadrid.com\/de\/wp-json\/wp\/v2\/types\/product"}],"version-history":[{"count":0,"href":"https:\/\/dev.tandemmadrid.com\/de\/wp-json\/wp\/v2\/product\/11816\/revisions"}],"wp:featuredmedia":[{"embeddable":true,"href":"https:\/\/dev.tandemmadrid.com\/de\/wp-json\/wp\/v2\/media\/6976"}],"wp:attachment":[{"href":"https:\/\/dev.tandemmadrid.com\/de\/wp-json\/wp\/v2\/media?parent=11816"}],"wp:term":[{"taxonomy":"product_cat","embeddable":true,"href":"https:\/\/dev.tandemmadrid.com\/de\/wp-json\/wp\/v2\/product_cat?post=11816"},{"taxonomy":"product_tag","embeddable":true,"href":"https:\/\/dev.tandemmadrid.com\/de\/wp-json\/wp\/v2\/product_tag?post=11816"}],"curies":[{"name":"wp","href":"https:\/\/api.w.org\/{rel}","templated":true}]}}