
{"id":11818,"date":"2023-10-09T17:53:20","date_gmt":"2023-10-09T15:53:20","guid":{"rendered":"https:\/\/dev.tandemmadrid.com\/shop\/salsa-kurse\/"},"modified":"2024-02-08T16:59:32","modified_gmt":"2024-02-08T15:59:32","slug":"salsa-kurse","status":"publish","type":"product","link":"https:\/\/dev.tandemmadrid.com\/de\/shop-2\/salsa-kurse\/","title":{"rendered":"Salsa-Kurse"},"content":{"rendered":"","protected":false},"excerpt":{"rendered":"<p>Eine der besten M\u00f6glichkeiten, in einem anderen Land Leute kennenzulernen und Kontakte zu kn\u00fcpfen, ist die Anmeldung zu einem Tanzkurs. Und was gibt es Besseres als Salsa, ein sehr lebendiger Tanz voller Rhythmus. Z\u00f6gern Sie nicht und melden Sie sich f\u00fcr diese zus\u00e4tzlichen Tanzkurse an.<\/p>\n","protected":false},"featured_media":6968,"template":"","meta":[],"product_cat":[152],"product_tag":[],"_links":{"self":[{"href":"https:\/\/dev.tandemmadrid.com\/de\/wp-json\/wp\/v2\/product\/11818"}],"collection":[{"href":"https:\/\/dev.tandemmadrid.com\/de\/wp-json\/wp\/v2\/product"}],"about":[{"href":"https:\/\/dev.tandemmadrid.com\/de\/wp-json\/wp\/v2\/types\/product"}],"version-history":[{"count":0,"href":"https:\/\/dev.tandemmadrid.com\/de\/wp-json\/wp\/v2\/product\/11818\/revisions"}],"wp:featuredmedia":[{"embeddable":true,"href":"https:\/\/dev.tandemmadrid.com\/de\/wp-json\/wp\/v2\/media\/6968"}],"wp:attachment":[{"href":"https:\/\/dev.tandemmadrid.com\/de\/wp-json\/wp\/v2\/media?parent=11818"}],"wp:term":[{"taxonomy":"product_cat","embeddable":true,"href":"https:\/\/dev.tandemmadrid.com\/de\/wp-json\/wp\/v2\/product_cat?post=11818"},{"taxonomy":"product_tag","embeddable":true,"href":"https:\/\/dev.tandemmadrid.com\/de\/wp-json\/wp\/v2\/product_tag?post=11818"}],"curies":[{"name":"wp","href":"https:\/\/api.w.org\/{rel}","templated":true}]}}