
{"id":11820,"date":"2023-10-09T17:51:22","date_gmt":"2023-10-09T15:51:22","guid":{"rendered":"https:\/\/dev.tandemmadrid.com\/shop\/flamenco-kurse\/"},"modified":"2024-02-08T17:04:06","modified_gmt":"2024-02-08T16:04:06","slug":"flamenco-kurse","status":"publish","type":"product","link":"https:\/\/dev.tandemmadrid.com\/de\/shop-2\/flamenco-kurse\/","title":{"rendered":"Flamenco Kurse"},"content":{"rendered":"","protected":false},"excerpt":{"rendered":"<p>Flamenco ist ein traditioneller spanischer Tanz von erlesener Sch\u00f6nheit. Es gibt keine bessere M\u00f6glichkeit, in die spanische Kultur einzutauchen, als diese zus\u00e4tzlichen Flamenco-Kurse zu besuchen. So k\u00f6nnen Sie etwas Abwechslung in die spanische Kultur bringen.<\/p>\n","protected":false},"featured_media":6960,"template":"","meta":[],"product_cat":[152],"product_tag":[],"_links":{"self":[{"href":"https:\/\/dev.tandemmadrid.com\/de\/wp-json\/wp\/v2\/product\/11820"}],"collection":[{"href":"https:\/\/dev.tandemmadrid.com\/de\/wp-json\/wp\/v2\/product"}],"about":[{"href":"https:\/\/dev.tandemmadrid.com\/de\/wp-json\/wp\/v2\/types\/product"}],"version-history":[{"count":0,"href":"https:\/\/dev.tandemmadrid.com\/de\/wp-json\/wp\/v2\/product\/11820\/revisions"}],"wp:featuredmedia":[{"embeddable":true,"href":"https:\/\/dev.tandemmadrid.com\/de\/wp-json\/wp\/v2\/media\/6960"}],"wp:attachment":[{"href":"https:\/\/dev.tandemmadrid.com\/de\/wp-json\/wp\/v2\/media?parent=11820"}],"wp:term":[{"taxonomy":"product_cat","embeddable":true,"href":"https:\/\/dev.tandemmadrid.com\/de\/wp-json\/wp\/v2\/product_cat?post=11820"},{"taxonomy":"product_tag","embeddable":true,"href":"https:\/\/dev.tandemmadrid.com\/de\/wp-json\/wp\/v2\/product_tag?post=11820"}],"curies":[{"name":"wp","href":"https:\/\/api.w.org\/{rel}","templated":true}]}}