
{"id":11826,"date":"2023-10-09T17:37:16","date_gmt":"2023-10-09T15:37:16","guid":{"rendered":"https:\/\/dev.tandemmadrid.com\/shop\/personal-shopper-2-stunden\/"},"modified":"2024-02-08T17:11:38","modified_gmt":"2024-02-08T16:11:38","slug":"personal-shopper","status":"publish","type":"product","link":"https:\/\/dev.tandemmadrid.com\/de\/shop-2\/personal-shopper\/","title":{"rendered":"Personal shopper (2 Stunden)"},"content":{"rendered":"","protected":false},"excerpt":{"rendered":"<p>TANDEM Madrid kann Ihnen einen pers\u00f6nlichen Shopper zur Verf\u00fcgung stellen, der Sie zu den bedeutendsten Gesch\u00e4ften Madrids f\u00fchrt. Exklusive Marken, beste Angebote.<\/p>\n<p>Dank dieser zus\u00e4tzlichen Personal-Shopper-Option k\u00f6nnen Sie Ihrer Leidenschaft f\u00fcr Mode endlich einen Sinn geben. Dies ist ein perfektes Extra, bei dem Sie durch die angesagtesten Orte Madrids gef\u00fchrt werden. Ein perfektes Extra f\u00fcr Modebegeisterte, die in Madrid einkaufen und gleichzeitig einen Spanischkurs besuchen m\u00f6chten.<\/p>\n","protected":false},"featured_media":9255,"template":"","meta":[],"product_cat":[152],"product_tag":[],"_links":{"self":[{"href":"https:\/\/dev.tandemmadrid.com\/de\/wp-json\/wp\/v2\/product\/11826"}],"collection":[{"href":"https:\/\/dev.tandemmadrid.com\/de\/wp-json\/wp\/v2\/product"}],"about":[{"href":"https:\/\/dev.tandemmadrid.com\/de\/wp-json\/wp\/v2\/types\/product"}],"version-history":[{"count":0,"href":"https:\/\/dev.tandemmadrid.com\/de\/wp-json\/wp\/v2\/product\/11826\/revisions"}],"wp:featuredmedia":[{"embeddable":true,"href":"https:\/\/dev.tandemmadrid.com\/de\/wp-json\/wp\/v2\/media\/9255"}],"wp:attachment":[{"href":"https:\/\/dev.tandemmadrid.com\/de\/wp-json\/wp\/v2\/media?parent=11826"}],"wp:term":[{"taxonomy":"product_cat","embeddable":true,"href":"https:\/\/dev.tandemmadrid.com\/de\/wp-json\/wp\/v2\/product_cat?post=11826"},{"taxonomy":"product_tag","embeddable":true,"href":"https:\/\/dev.tandemmadrid.com\/de\/wp-json\/wp\/v2\/product_tag?post=11826"}],"curies":[{"name":"wp","href":"https:\/\/api.w.org\/{rel}","templated":true}]}}