
{"id":9691,"date":"2023-12-27T17:14:28","date_gmt":"2023-12-27T16:14:28","guid":{"rendered":"https:\/\/dev.tandemmadrid.com\/espanol-para-examenes\/"},"modified":"2024-02-03T15:05:37","modified_gmt":"2024-02-03T14:05:37","slug":"espanol-para-examenes","status":"publish","type":"page","link":"https:\/\/dev.tandemmadrid.com\/es\/espanol-para-examenes\/","title":{"rendered":"Espa\u00f1ol para ex\u00e1menes"},"content":{"rendered":"\t\t<div data-elementor-type=\"wp-page\" data-elementor-id=\"9691\" class=\"elementor elementor-9691 elementor-2295\" data-elementor-post-type=\"page\">\n\t\t\t\t\t\t\t<div class=\"elementor-element elementor-element-0bc6b12 e-flex e-con-boxed e-con e-parent\" data-id=\"0bc6b12\" data-element_type=\"container\" data-settings=\"{&quot;content_width&quot;:&quot;boxed&quot;}\" data-core-v316-plus=\"true\">\n\t\t\t\t\t<div class=\"e-con-inner\">\n\t\t\t\t<div class=\"elementor-element elementor-element-ed20419 cursocontent elementor-widget elementor-widget-text-editor\" data-id=\"ed20419\" data-element_type=\"widget\" data-widget_type=\"text-editor.default\">\n\t\t\t\t<div class=\"elementor-widget-container\">\n\t\t\t<style>\/*! elementor - v3.16.0 - 20-09-2023 *\/\n.elementor-widget-text-editor.elementor-drop-cap-view-stacked .elementor-drop-cap{background-color:#69727d;color:#fff}.elementor-widget-text-editor.elementor-drop-cap-view-framed .elementor-drop-cap{color:#69727d;border:3px solid;background-color:transparent}.elementor-widget-text-editor:not(.elementor-drop-cap-view-default) .elementor-drop-cap{margin-top:8px}.elementor-widget-text-editor:not(.elementor-drop-cap-view-default) .elementor-drop-cap-letter{width:1em;height:1em}.elementor-widget-text-editor .elementor-drop-cap{float:left;text-align:center;line-height:1;font-size:50px}.elementor-widget-text-editor .elementor-drop-cap-letter{display:inline-block}<\/style>\t\t\t\t<h2>Certificados de Espa\u00f1ol<\/h2>\n<p>El primer diploma que usted puede conseguir es el emitido por la escuela en la que realiza su curso de Espa\u00f1ol. Por este motivo es importante elegir una prestigiosa escuela y acreditada principalmente por el Instituto Cervantes, como es el caso de TANDEM.<\/p>\n<div id=\"trm1\" style=\"display: none;\">\n\n<p>El Instituto Cervantes es la \u00fanica instituci\u00f3n p\u00fablica que ofrece un diploma reconocido internacionalmente para demostrar el nivel de espa\u00f1ol como lengua extranjera (ELE) de estudiantes y profesores. Con el DELE (Diploma de Espa\u00f1ol como Lengua Extranjera), del Instituto Cervantes y FEDELE (Federaci\u00f3n Nacional de Escuelas de Espa\u00f1ol), podr\u00e1 demostrar oficialmente el nivel de Espa\u00f1ol que usted declara tener.<\/p>\n\n<p>Por este motivo, TANDEM Madrid pone especial inter\u00e9s en crear un <a title=\"curso de preparaci\u00f3n para el examen DELE\" href=\"\/es\/c\/preparacion-curso-dele\/\">curso de preparaci\u00f3n para el examen DELE<\/a>, el cual es realmente eficaz, motivando a los estudiantes en el reto de aprobar dichos ex\u00e1menes, y permiti\u00e9ndoles mejorar de forma gradual sus habilidades ling\u00fc\u00edsticas, hasta que puedan alcanzar el nivel C2, \u201cNivel Avanzado\u201d.<\/p>\n\n<p>Otro certificado muy demandado en Espa\u00f1a es el de la C\u00e1mara Oficial de Comercio e Industria de Madrid. Por este motivo, hemos creado el <a title=\"Curso de Espa\u00f1ol de los Negocios\" href=\"\/es\/c\/espanol-de-los-negocios\/\">Curso de Espa\u00f1ol de los Negocios<\/a>, para que profesionales procedentes de cualquier parte del mundo puedan recibir una buena preparaci\u00f3n para obtener dicho certificado. Adem\u00e1s de este curso, se llevan a cabo visitas organizadas a varias empresas importantes en Madrid, tales como el Corte Ingl\u00e9s, Bosch o Avon.<\/p>\n\n<p>Tanto con el DELE como con el certificado de la C\u00e1mara de Comercio, usted podr\u00e1 demostrar el nivel de Espa\u00f1ol que posee, ya sea para el trabajo, la Universidad o ex\u00e1menes gubernamentales. Pero el m\u00e1ximo t\u00edtulo oficial es la satisfacci\u00f3n personal de haber sido capaz de conseguirlo y dicha capacidad le ser\u00e1 \u00fatil en muchos aspectos de su vida.<\/p>\n\n<\/div>\n<p class=\"cent mtop15\"><a title=\"Leer m\u00e1s\" id=\"trmbt1\" class=\"togglebtn\" onclick=\"toggle_visibility('trm1');toggle_visibility('trmbt1');toggle_visibility('trmbt2');\" style=\"display:block;\">Leer [+]<\/a><a title=\"Leer menos\" id=\"trmbt2\" class=\"togglebtn\" onclick=\"toggle_visibility('trm1');toggle_visibility('trmbt1');toggle_visibility('trmbt2');\" style=\"display:none;\">Leer [-]<\/a> <\/p>\t\t\t\t\t\t<\/div>\n\t\t\t\t<\/div>\n\t\t\t\t\t<\/div>\n\t\t\t\t<\/div>\n\t\t<div class=\"elementor-element elementor-element-468c001 e-flex e-con-boxed e-con e-parent\" data-id=\"468c001\" data-element_type=\"container\" data-settings=\"{&quot;content_width&quot;:&quot;boxed&quot;}\" data-core-v316-plus=\"true\">\n\t\t\t\t\t<div class=\"e-con-inner\">\n\t\t\t\t<div class=\"elementor-element elementor-element-4e5c361 elementor-widget elementor-widget-template\" data-id=\"4e5c361\" data-element_type=\"widget\" data-widget_type=\"template.default\">\n\t\t\t\t<div class=\"elementor-widget-container\">\n\t\t\t\t\t<div class=\"elementor-template\">\n\t\t\t\t\t<div data-elementor-type=\"container\" data-elementor-id=\"9709\" class=\"elementor elementor-9709 elementor-6042\" data-elementor-post-type=\"elementor_library\">\n\t\t\t\t\t\t\t<div class=\"elementor-element elementor-element-1d891c72 e-flex e-con-boxed e-con e-parent\" data-id=\"1d891c72\" data-element_type=\"container\" data-settings=\"{&quot;content_width&quot;:&quot;boxed&quot;}\" data-core-v316-plus=\"true\">\n\t\t\t\t\t<div class=\"e-con-inner\">\n\t\t\t\t<div class=\"elementor-element elementor-element-25f62626 elementor-widget elementor-widget-heading\" data-id=\"25f62626\" data-element_type=\"widget\" data-widget_type=\"heading.default\">\n\t\t\t\t<div class=\"elementor-widget-container\">\n\t\t\t<style>\/*! elementor - v3.16.0 - 20-09-2023 *\/\n.elementor-heading-title{padding:0;margin:0;line-height:1}.elementor-widget-heading .elementor-heading-title[class*=elementor-size-]>a{color:inherit;font-size:inherit;line-height:inherit}.elementor-widget-heading .elementor-heading-title.elementor-size-small{font-size:15px}.elementor-widget-heading .elementor-heading-title.elementor-size-medium{font-size:19px}.elementor-widget-heading .elementor-heading-title.elementor-size-large{font-size:29px}.elementor-widget-heading .elementor-heading-title.elementor-size-xl{font-size:39px}.elementor-widget-heading .elementor-heading-title.elementor-size-xxl{font-size:59px}<\/style><h2 class=\"elementor-heading-title elementor-size-default\">Listado de cursos: Espa\u00f1ol para ex\u00e1menes<\/h2>\t\t<\/div>\n\t\t\t\t<\/div>\n\t\t\t\t<div class=\"elementor-element elementor-element-624bdfb5 elementor-widget-divider--view-line elementor-widget elementor-widget-divider\" data-id=\"624bdfb5\" data-element_type=\"widget\" data-widget_type=\"divider.default\">\n\t\t\t\t<div class=\"elementor-widget-container\">\n\t\t\t<style>\/*! elementor - v3.16.0 - 20-09-2023 *\/\n.elementor-widget-divider{--divider-border-style:none;--divider-border-width:1px;--divider-color:#0c0d0e;--divider-icon-size:20px;--divider-element-spacing:10px;--divider-pattern-height:24px;--divider-pattern-size:20px;--divider-pattern-url:none;--divider-pattern-repeat:repeat-x}.elementor-widget-divider .elementor-divider{display:flex}.elementor-widget-divider .elementor-divider__text{font-size:15px;line-height:1;max-width:95%}.elementor-widget-divider .elementor-divider__element{margin:0 var(--divider-element-spacing);flex-shrink:0}.elementor-widget-divider .elementor-icon{font-size:var(--divider-icon-size)}.elementor-widget-divider .elementor-divider-separator{display:flex;margin:0;direction:ltr}.elementor-widget-divider--view-line_icon .elementor-divider-separator,.elementor-widget-divider--view-line_text .elementor-divider-separator{align-items:center}.elementor-widget-divider--view-line_icon .elementor-divider-separator:after,.elementor-widget-divider--view-line_icon .elementor-divider-separator:before,.elementor-widget-divider--view-line_text .elementor-divider-separator:after,.elementor-widget-divider--view-line_text .elementor-divider-separator:before{display:block;content:\"\";border-bottom:0;flex-grow:1;border-top:var(--divider-border-width) var(--divider-border-style) var(--divider-color)}.elementor-widget-divider--element-align-left .elementor-divider .elementor-divider-separator>.elementor-divider__svg:first-of-type{flex-grow:0;flex-shrink:100}.elementor-widget-divider--element-align-left .elementor-divider-separator:before{content:none}.elementor-widget-divider--element-align-left .elementor-divider__element{margin-left:0}.elementor-widget-divider--element-align-right .elementor-divider .elementor-divider-separator>.elementor-divider__svg:last-of-type{flex-grow:0;flex-shrink:100}.elementor-widget-divider--element-align-right .elementor-divider-separator:after{content:none}.elementor-widget-divider--element-align-right .elementor-divider__element{margin-right:0}.elementor-widget-divider:not(.elementor-widget-divider--view-line_text):not(.elementor-widget-divider--view-line_icon) .elementor-divider-separator{border-top:var(--divider-border-width) var(--divider-border-style) var(--divider-color)}.elementor-widget-divider--separator-type-pattern{--divider-border-style:none}.elementor-widget-divider--separator-type-pattern.elementor-widget-divider--view-line .elementor-divider-separator,.elementor-widget-divider--separator-type-pattern:not(.elementor-widget-divider--view-line) .elementor-divider-separator:after,.elementor-widget-divider--separator-type-pattern:not(.elementor-widget-divider--view-line) .elementor-divider-separator:before,.elementor-widget-divider--separator-type-pattern:not([class*=elementor-widget-divider--view]) .elementor-divider-separator{width:100%;min-height:var(--divider-pattern-height);-webkit-mask-size:var(--divider-pattern-size) 100%;mask-size:var(--divider-pattern-size) 100%;-webkit-mask-repeat:var(--divider-pattern-repeat);mask-repeat:var(--divider-pattern-repeat);background-color:var(--divider-color);-webkit-mask-image:var(--divider-pattern-url);mask-image:var(--divider-pattern-url)}.elementor-widget-divider--no-spacing{--divider-pattern-size:auto}.elementor-widget-divider--bg-round{--divider-pattern-repeat:round}.rtl .elementor-widget-divider .elementor-divider__text{direction:rtl}.e-con-inner>.elementor-widget-divider,.e-con>.elementor-widget-divider{width:var(--container-widget-width,100%);--flex-grow:var(--container-widget-flex-grow)}<\/style>\t\t<div class=\"elementor-divider\">\n\t\t\t<span class=\"elementor-divider-separator\">\n\t\t\t\t\t\t<\/span>\n\t\t<\/div>\n\t\t\t\t<\/div>\n\t\t\t\t<\/div>\n\t\t\t\t\t<\/div>\n\t\t\t\t<\/div>\n\t\t\t\t\t\t\t<\/div>\n\t\t\t\t<\/div>\n\t\t\t\t<\/div>\n\t\t\t\t<\/div>\n\t\t\t\t\t<\/div>\n\t\t\t\t<\/div>\n\t\t<div class=\"elementor-element elementor-element-74be2a8 e-flex e-con-boxed e-con e-parent\" data-id=\"74be2a8\" data-element_type=\"container\" data-settings=\"{&quot;content_width&quot;:&quot;boxed&quot;}\" data-core-v316-plus=\"true\">\n\t\t\t\t\t<div class=\"e-con-inner\">\n\t\t\t\t<div class=\"elementor-element elementor-element-d8e8d15 elementor-widget elementor-widget-jet-listing-grid\" data-id=\"d8e8d15\" data-element_type=\"widget\" data-settings=\"{&quot;columns&quot;:3}\" data-widget_type=\"jet-listing-grid.default\">\n\t\t\t\t<div class=\"elementor-widget-container\">\n\t\t\t<div class=\"jet-listing-grid jet-listing\"><div class=\"jet-listing-grid__items grid-col-desk-3 grid-col-tablet-3 grid-col-mobile-3 jet-listing-grid--557\" data-queried-id=\"9691|WP_Post\" data-nav=\"{&quot;enabled&quot;:false,&quot;type&quot;:null,&quot;more_el&quot;:null,&quot;query&quot;:[],&quot;widget_settings&quot;:{&quot;lisitng_id&quot;:557,&quot;posts_num&quot;:6,&quot;columns&quot;:3,&quot;columns_tablet&quot;:3,&quot;columns_mobile&quot;:3,&quot;is_archive_template&quot;:&quot;&quot;,&quot;post_status&quot;:[&quot;publish&quot;],&quot;use_random_posts_num&quot;:&quot;&quot;,&quot;max_posts_num&quot;:9,&quot;not_found_message&quot;:&quot;No hay datos&quot;,&quot;is_masonry&quot;:false,&quot;equal_columns_height&quot;:&quot;&quot;,&quot;use_load_more&quot;:&quot;&quot;,&quot;load_more_id&quot;:&quot;&quot;,&quot;load_more_type&quot;:&quot;click&quot;,&quot;load_more_offset&quot;:{&quot;unit&quot;:&quot;px&quot;,&quot;size&quot;:0,&quot;sizes&quot;:[]},&quot;use_custom_post_types&quot;:&quot;&quot;,&quot;custom_post_types&quot;:[],&quot;hide_widget_if&quot;:&quot;&quot;,&quot;carousel_enabled&quot;:&quot;&quot;,&quot;slides_to_scroll&quot;:&quot;1&quot;,&quot;arrows&quot;:&quot;true&quot;,&quot;arrow_icon&quot;:&quot;fa fa-angle-left&quot;,&quot;dots&quot;:&quot;&quot;,&quot;autoplay&quot;:&quot;true&quot;,&quot;autoplay_speed&quot;:5000,&quot;infinite&quot;:&quot;true&quot;,&quot;center_mode&quot;:&quot;&quot;,&quot;effect&quot;:&quot;slide&quot;,&quot;speed&quot;:500,&quot;inject_alternative_items&quot;:&quot;&quot;,&quot;injection_items&quot;:[],&quot;scroll_slider_enabled&quot;:&quot;&quot;,&quot;scroll_slider_on&quot;:[&quot;desktop&quot;,&quot;tablet&quot;,&quot;mobile&quot;],&quot;custom_query&quot;:&quot;yes&quot;,&quot;custom_query_id&quot;:&quot;14&quot;,&quot;_element_id&quot;:&quot;&quot;}}\" data-page=\"1\" data-pages=\"1\" data-listing-source=\"query\" data-listing-id=\"557\" data-query-id=\"14\"><div class=\"jet-listing-grid__item jet-listing-dynamic-post-12001\" data-post-id=\"12001\" >\t\t<div data-elementor-type=\"jet-listing-items\" data-elementor-id=\"557\" class=\"elementor elementor-557\" data-elementor-post-type=\"jet-engine\">\n\t\t\t\t\t\t\t\t\t<section class=\"elementor-section elementor-top-section elementor-element elementor-element-d75c8e8 elementor-section-boxed elementor-section-height-default elementor-section-height-default\" data-id=\"d75c8e8\" data-element_type=\"section\">\n\t\t\t\t\t\t<div class=\"elementor-container elementor-column-gap-default\">\n\t\t\t\t\t<div class=\"elementor-column elementor-col-100 elementor-top-column elementor-element elementor-element-31b3d2a\" data-id=\"31b3d2a\" data-element_type=\"column\">\n\t\t\t<div class=\"elementor-widget-wrap elementor-element-populated\">\n\t\t\t\t\t\t\t\t<div class=\"elementor-element elementor-element-baf40b2 elementor-widget elementor-widget-jet-listing-dynamic-image\" data-id=\"baf40b2\" data-element_type=\"widget\" data-widget_type=\"jet-listing-dynamic-image.default\">\n\t\t\t\t<div class=\"elementor-widget-container\">\n\t\t\t<div class=\"jet-listing jet-listing-dynamic-image\"><a href=\"https:\/\/dev.tandemmadrid.com\/es\/c\/preparacion-curso-dele\/\" class=\"jet-listing-dynamic-image__link\" rel=\"alternate\" title=\"Curso de Preparaci\u00f3n para los Ex\u00e1menes DELE (todos los niveles)\"><img decoding=\"async\" width=\"1920\" height=\"900\" src=\"https:\/\/dev.tandemmadrid.com\/wp-content\/uploads\/2024\/01\/spanish-exam-dele.jpg\" class=\"jet-listing-dynamic-image__img attachment-full size-full\" alt=\"DELE examination centre\" srcset=\"https:\/\/dev.tandemmadrid.com\/wp-content\/uploads\/2024\/01\/spanish-exam-dele.jpg 1920w, https:\/\/dev.tandemmadrid.com\/wp-content\/uploads\/2024\/01\/spanish-exam-dele-300x141.jpg 300w, https:\/\/dev.tandemmadrid.com\/wp-content\/uploads\/2024\/01\/spanish-exam-dele-1024x480.jpg 1024w, https:\/\/dev.tandemmadrid.com\/wp-content\/uploads\/2024\/01\/spanish-exam-dele-768x360.jpg 768w, https:\/\/dev.tandemmadrid.com\/wp-content\/uploads\/2024\/01\/spanish-exam-dele-1536x720.jpg 1536w, https:\/\/dev.tandemmadrid.com\/wp-content\/uploads\/2024\/01\/spanish-exam-dele-600x281.jpg 600w\" sizes=\"(max-width: 1920px) 100vw, 1920px\" loading=\"lazy\" \/><\/a><\/div>\t\t<\/div>\n\t\t\t\t<\/div>\n\t\t\t\t<div class=\"elementor-element elementor-element-5f293e9 w100 elementor-widget elementor-widget-jet-listing-dynamic-link\" data-id=\"5f293e9\" data-element_type=\"widget\" data-widget_type=\"jet-listing-dynamic-link.default\">\n\t\t\t\t<div class=\"elementor-widget-container\">\n\t\t\t<a href=\"https:\/\/dev.tandemmadrid.com\/es\/c\/preparacion-curso-dele\/\" class=\"jet-listing-dynamic-link__link\" rel=\"title\" aria-label=\"Curso de Preparaci\u00f3n para los Ex\u00e1menes DELE (todos los niveles)\" title=\"Curso de Preparaci\u00f3n para los Ex\u00e1menes DELE (todos los niveles)\">Curso de Preparaci\u00f3n para los Ex\u00e1menes DELE (todos los niveles)<\/a>\t\t<\/div>\n\t\t\t\t<\/div>\n\t\t\t\t\t<\/div>\n\t\t<\/div>\n\t\t\t\t\t\t\t<\/div>\n\t\t<\/section>\n\t\t\t\t\t\t\t<\/div>\n\t\t<\/div><div class=\"jet-listing-grid__item jet-listing-dynamic-post-11973\" data-post-id=\"11973\" >\t\t<div data-elementor-type=\"jet-listing-items\" data-elementor-id=\"557\" class=\"elementor elementor-557\" data-elementor-post-type=\"jet-engine\">\n\t\t\t\t\t\t\t\t\t<section class=\"elementor-section elementor-top-section elementor-element elementor-element-d75c8e8 elementor-section-boxed elementor-section-height-default elementor-section-height-default\" data-id=\"d75c8e8\" data-element_type=\"section\">\n\t\t\t\t\t\t<div class=\"elementor-container elementor-column-gap-default\">\n\t\t\t\t\t<div class=\"elementor-column elementor-col-100 elementor-top-column elementor-element elementor-element-31b3d2a\" data-id=\"31b3d2a\" data-element_type=\"column\">\n\t\t\t<div class=\"elementor-widget-wrap elementor-element-populated\">\n\t\t\t\t\t\t\t\t<div class=\"elementor-element elementor-element-baf40b2 elementor-widget elementor-widget-jet-listing-dynamic-image\" data-id=\"baf40b2\" data-element_type=\"widget\" data-widget_type=\"jet-listing-dynamic-image.default\">\n\t\t\t\t<div class=\"elementor-widget-container\">\n\t\t\t<div class=\"jet-listing jet-listing-dynamic-image\"><a href=\"https:\/\/dev.tandemmadrid.com\/es\/c\/programa-acceso-universidad-espanola\/\" class=\"jet-listing-dynamic-image__link\" rel=\"alternate\" title=\"Programa de Acceso a la Universidad Espa\u00f1ola\"><img decoding=\"async\" width=\"1920\" height=\"1080\" src=\"https:\/\/dev.tandemmadrid.com\/wp-content\/uploads\/2024\/02\/spanish-university-program.jpg\" class=\"jet-listing-dynamic-image__img attachment-full size-full\" alt=\"Spanish University Access Program\" srcset=\"https:\/\/dev.tandemmadrid.com\/wp-content\/uploads\/2024\/02\/spanish-university-program.jpg 1920w, https:\/\/dev.tandemmadrid.com\/wp-content\/uploads\/2024\/02\/spanish-university-program-300x169.jpg 300w, https:\/\/dev.tandemmadrid.com\/wp-content\/uploads\/2024\/02\/spanish-university-program-1024x576.jpg 1024w, https:\/\/dev.tandemmadrid.com\/wp-content\/uploads\/2024\/02\/spanish-university-program-768x432.jpg 768w, https:\/\/dev.tandemmadrid.com\/wp-content\/uploads\/2024\/02\/spanish-university-program-1536x864.jpg 1536w, https:\/\/dev.tandemmadrid.com\/wp-content\/uploads\/2024\/02\/spanish-university-program-600x338.jpg 600w\" sizes=\"(max-width: 1920px) 100vw, 1920px\" loading=\"lazy\" \/><\/a><\/div>\t\t<\/div>\n\t\t\t\t<\/div>\n\t\t\t\t<div class=\"elementor-element elementor-element-5f293e9 w100 elementor-widget elementor-widget-jet-listing-dynamic-link\" data-id=\"5f293e9\" data-element_type=\"widget\" data-widget_type=\"jet-listing-dynamic-link.default\">\n\t\t\t\t<div class=\"elementor-widget-container\">\n\t\t\t<a href=\"https:\/\/dev.tandemmadrid.com\/es\/c\/programa-acceso-universidad-espanola\/\" class=\"jet-listing-dynamic-link__link\" rel=\"title\" aria-label=\"Programa de Acceso a la Universidad Espa\u00f1ola\" title=\"Programa de Acceso a la Universidad Espa\u00f1ola\">Programa de Acceso a la Universidad Espa\u00f1ola<\/a>\t\t<\/div>\n\t\t\t\t<\/div>\n\t\t\t\t\t<\/div>\n\t\t<\/div>\n\t\t\t\t\t\t\t<\/div>\n\t\t<\/section>\n\t\t\t\t\t\t\t<\/div>\n\t\t<\/div><\/div><\/div>\t\t<\/div>\n\t\t\t\t<\/div>\n\t\t\t\t\t<\/div>\n\t\t\t\t<\/div>\n\t\t\t\t\t\t\t<\/div>\n\t\t","protected":false},"excerpt":{"rendered":"<p>Certificados de Espa\u00f1ol El primer diploma que usted puede conseguir es el emitido por la escuela en la que realiza su curso de Espa\u00f1ol. Por este motivo es importante elegir una prestigiosa escuela y acreditada principalmente por el Instituto Cervantes, como es el caso de TANDEM. El Instituto Cervantes es la \u00fanica instituci\u00f3n p\u00fablica que [&hellip;]<\/p>\n","protected":false},"author":1,"featured_media":5848,"parent":0,"menu_order":0,"comment_status":"closed","ping_status":"closed","template":"","meta":{"footnotes":"","_elementor_data":"[{\"id\":\"0bc6b12\",\"elType\":\"container\",\"settings\":{\"flex_direction\":\"column\",\"jedv_conditions\":[{\"_id\":\"6d1df2f\"}]},\"elements\":[{\"id\":\"ed20419\",\"elType\":\"widget\",\"settings\":{\"editor\":\"<h2>Certificados de Espa\\u00f1ol<\\\/h2>\\n<p>El primer diploma que usted puede conseguir es el emitido por la escuela en la que realiza su curso de Espa\\u00f1ol. Por este motivo es importante elegir una prestigiosa escuela y acreditada principalmente por el Instituto Cervantes, como es el caso de TANDEM.<\\\/p>\\n<div id=\\\"trm1\\\" style=\\\"display: none;\\\">\\n\\n<p>El Instituto Cervantes es la \\u00fanica instituci\\u00f3n p\\u00fablica que ofrece un diploma reconocido internacionalmente para demostrar el nivel de espa\\u00f1ol como lengua extranjera (ELE) de estudiantes y profesores. Con el DELE (Diploma de Espa\\u00f1ol como Lengua Extranjera), del Instituto Cervantes y FEDELE (Federaci\\u00f3n Nacional de Escuelas de Espa\\u00f1ol), podr\\u00e1 demostrar oficialmente el nivel de Espa\\u00f1ol que usted declara tener.<\\\/p>\\n\\n<p>Por este motivo, TANDEM Madrid pone especial inter\\u00e9s en crear un <a title=\\\"curso de preparaci\\u00f3n para el examen DELE\\\" href=\\\"\\\/es\\\/c\\\/preparacion-curso-dele\\\/\\\">curso de preparaci\\u00f3n para el examen DELE<\\\/a>, el cual es realmente eficaz, motivando a los estudiantes en el reto de aprobar dichos ex\\u00e1menes, y permiti\\u00e9ndoles mejorar de forma gradual sus habilidades ling\\u00fc\\u00edsticas, hasta que puedan alcanzar el nivel C2, \\u201cNivel Avanzado\\u201d.<\\\/p>\\n\\n<p>Otro certificado muy demandado en Espa\\u00f1a es el de la C\\u00e1mara Oficial de Comercio e Industria de Madrid. Por este motivo, hemos creado el <a title=\\\"Curso de Espa\\u00f1ol de los Negocios\\\" href=\\\"\\\/es\\\/c\\\/espanol-de-los-negocios\\\/\\\">Curso de Espa\\u00f1ol de los Negocios<\\\/a>, para que profesionales procedentes de cualquier parte del mundo puedan recibir una buena preparaci\\u00f3n para obtener dicho certificado. Adem\\u00e1s de este curso, se llevan a cabo visitas organizadas a varias empresas importantes en Madrid, tales como el Corte Ingl\\u00e9s, Bosch o Avon.<\\\/p>\\n\\n<p>Tanto con el DELE como con el certificado de la C\\u00e1mara de Comercio, usted podr\\u00e1 demostrar el nivel de Espa\\u00f1ol que posee, ya sea para el trabajo, la Universidad o ex\\u00e1menes gubernamentales. Pero el m\\u00e1ximo t\\u00edtulo oficial es la satisfacci\\u00f3n personal de haber sido capaz de conseguirlo y dicha capacidad le ser\\u00e1 \\u00fatil en muchos aspectos de su vida.<\\\/p>\\n\\n<\\\/div>\\n<p class=\\\"cent mtop15\\\"><a title=\\\"Leer m\\u00e1s\\\" id=\\\"trmbt1\\\" class=\\\"togglebtn\\\" onclick=\\\"toggle_visibility('trm1');toggle_visibility('trmbt1');toggle_visibility('trmbt2');\\\" style=\\\"display:block;\\\">Leer [+]<\\\/a><a title=\\\"Leer menos\\\" id=\\\"trmbt2\\\" class=\\\"togglebtn\\\" onclick=\\\"toggle_visibility('trm1');toggle_visibility('trmbt1');toggle_visibility('trmbt2');\\\" style=\\\"display:none;\\\">Leer [-]<\\\/a> <\\\/p>\",\"_css_classes\":\"cursocontent\",\"jedv_conditions\":[{\"_id\":\"92d0802\"}]},\"elements\":[],\"widgetType\":\"text-editor\"}],\"isInner\":false},{\"id\":\"468c001\",\"elType\":\"container\",\"settings\":{\"flex_direction\":\"column\",\"jedv_conditions\":[{\"_id\":\"8cde23d\"}]},\"elements\":[{\"id\":\"4e5c361\",\"elType\":\"widget\",\"settings\":{\"template_id\":\"6042\",\"jedv_conditions\":[{\"_id\":\"8b0f10a\"}]},\"elements\":[],\"widgetType\":\"template\"}],\"isInner\":false},{\"id\":\"74be2a8\",\"elType\":\"container\",\"settings\":{\"jedv_conditions\":[{\"_id\":\"0379ac9\"}]},\"elements\":[{\"id\":\"d8e8d15\",\"elType\":\"widget\",\"settings\":{\"lisitng_id\":\"557\",\"not_found_message\":\"No hay datos\",\"injection_items\":[],\"custom_query\":\"yes\",\"custom_query_id\":\"14\",\"posts_query\":[],\"terms_meta_query\":[],\"users_meta_query\":[],\"jedv_conditions\":[{\"_id\":\"220191f\"}]},\"elements\":[],\"widgetType\":\"jet-listing-grid\"}],\"isInner\":false}]","_elementor_edit_mode":"builder","_elementor_template_type":"wp-page","_elementor_page_settings":""},"_links":{"self":[{"href":"https:\/\/dev.tandemmadrid.com\/es\/wp-json\/wp\/v2\/pages\/9691"}],"collection":[{"href":"https:\/\/dev.tandemmadrid.com\/es\/wp-json\/wp\/v2\/pages"}],"about":[{"href":"https:\/\/dev.tandemmadrid.com\/es\/wp-json\/wp\/v2\/types\/page"}],"author":[{"embeddable":true,"href":"https:\/\/dev.tandemmadrid.com\/es\/wp-json\/wp\/v2\/users\/1"}],"replies":[{"embeddable":true,"href":"https:\/\/dev.tandemmadrid.com\/es\/wp-json\/wp\/v2\/comments?post=9691"}],"version-history":[{"count":0,"href":"https:\/\/dev.tandemmadrid.com\/es\/wp-json\/wp\/v2\/pages\/9691\/revisions"}],"wp:featuredmedia":[{"embeddable":true,"href":"https:\/\/dev.tandemmadrid.com\/es\/wp-json\/wp\/v2\/media\/5848"}],"wp:attachment":[{"href":"https:\/\/dev.tandemmadrid.com\/es\/wp-json\/wp\/v2\/media?parent=9691"}],"curies":[{"name":"wp","href":"https:\/\/api.w.org\/{rel}","templated":true}]}}