
{"id":9728,"date":"2023-12-20T17:34:30","date_gmt":"2023-12-20T16:34:30","guid":{"rendered":"https:\/\/dev.tandemmadrid.com\/espanol-para-profesionales\/"},"modified":"2024-02-03T16:11:12","modified_gmt":"2024-02-03T15:11:12","slug":"espanol-para-profesionales","status":"publish","type":"page","link":"https:\/\/dev.tandemmadrid.com\/es\/espanol-para-profesionales\/","title":{"rendered":"Cursos de espa\u00f1ol para profesionales"},"content":{"rendered":"\t\t<div data-elementor-type=\"wp-page\" data-elementor-id=\"9728\" class=\"elementor elementor-9728 elementor-2111\" data-elementor-post-type=\"page\">\n\t\t\t\t\t\t\t<div class=\"elementor-element elementor-element-de4c3c1 e-flex e-con-boxed e-con e-parent\" data-id=\"de4c3c1\" data-element_type=\"container\" data-settings=\"{&quot;content_width&quot;:&quot;boxed&quot;}\" data-core-v316-plus=\"true\">\n\t\t\t\t\t<div class=\"e-con-inner\">\n\t\t\t\t<div class=\"elementor-element elementor-element-8bd2208 cursocontent elementor-widget elementor-widget-text-editor\" data-id=\"8bd2208\" data-element_type=\"widget\" data-widget_type=\"text-editor.default\">\n\t\t\t\t<div class=\"elementor-widget-container\">\n\t\t\t<style>\/*! elementor - v3.16.0 - 20-09-2023 *\/\n.elementor-widget-text-editor.elementor-drop-cap-view-stacked .elementor-drop-cap{background-color:#69727d;color:#fff}.elementor-widget-text-editor.elementor-drop-cap-view-framed .elementor-drop-cap{color:#69727d;border:3px solid;background-color:transparent}.elementor-widget-text-editor:not(.elementor-drop-cap-view-default) .elementor-drop-cap{margin-top:8px}.elementor-widget-text-editor:not(.elementor-drop-cap-view-default) .elementor-drop-cap-letter{width:1em;height:1em}.elementor-widget-text-editor .elementor-drop-cap{float:left;text-align:center;line-height:1;font-size:50px}.elementor-widget-text-editor .elementor-drop-cap-letter{display:inline-block}<\/style>\t\t\t\t<p>El Espa\u00f1ol es el segundo idioma m\u00e1s hablado en los Estados Unidos, donde m\u00e1s de 40 millones de personas hablan Espa\u00f1ol. Y entre todos los lugares del mundo donde puede aprender Espa\u00f1ol, Madrid es probablemente la ciudad m\u00e1s importante para los negocios (lea las razones para estudiar espa\u00f1ol en Madrid).<\/p>\n<div id=\"trm1\" style=\"display: none;\">\n\n<p>Conscientes de las necesidades especiales que, debido a su trabajo, pueden presentar los trabajadores que aprenden Espa\u00f1ol en Madrid, hemos creado algunos cursos de espa\u00f1ol para profesionales especialmente para ellos, dise\u00f1ados de forma flexible y centrados en el estudiante, como siempre los hacemos en TANDEM. Las personas m\u00e1s ocupadas y aqu\u00e9llas que necesitan aprender r\u00e1pidamente, pueden elegir las <a title=\"Clases Privadas de Espa\u00f1ol\" href=\"\/es\/c\/clases-privadas-de-espanol-para-profesionales\/\">Clases Privadas de Espa\u00f1ol<\/a>, en las que el estudiante dispondr\u00e1 de un profesor solo para \u00e9l en cada clase, y son los mismos estudiantes quienes determinan el contenido de las lecciones y el ritmo de aprendizaje. Los <a title=\"Curso de Espa\u00f1ol de los Negocios\" href=\"\/es\/espanol-de-los-negocios\/\">Cursos de Espa\u00f1ol de los Negocios<\/a> pueden dar a los profesionales una buena visi\u00f3n de la lengua espa\u00f1ola, sobre todo si est\u00e1n pensando en obtener un certificado oficial. Tambi\u00e9n pueden optar por el <a title=\"Curso de Inmersi\u00f3n en Espa\u00f1ol\" href=\"\/es\/c\/espanol-para-profesionales-seminario-de-inmersion\/\">Curso de Inmersi\u00f3n en Espa\u00f1ol<\/a>, el cual tambi\u00e9n se ofrece de forma personalizada, y puede ser combinado con el <a title=\"Programa Cultural TANDEM\" href=\"\/es\/programa-cultural-tandem\/\">Programa Cultural TANDEM<\/a>, en el que los estudiantes pueden elegir entre clases de cocina, degustaci\u00f3n de vinos o aceite de oliva, ver pel\u00edculas, etc.<\/p>\n\n<p>Adem\u00e1s de los cursos personalizados, los cursos Ampliados de Espa\u00f1ol tambi\u00e9n est\u00e1n dise\u00f1ados para los trabajadores, aunque est\u00e1n indicados para cualquier persona que no disponga de mucho tiempo para estudiar. En realidad, cualquier curso de TANDEM es \u00fatil para mejorar el curriculum vitae de cualquier profesional, pero dese\u00e1bamos diferenciar algunos de ellos con el fin de satisfacer todas las necesidades.<\/p>\n\n<p>Y por supuesto, tambi\u00e9n pensamos en los futuros profesionales cuando dise\u00f1amos nuestros cursos de Espa\u00f1ol. Con los <a title=\"Cursos de Espa\u00f1ol y Pr\u00e1cticas de Empresa en Madrid\" href=\"\/es\/c\/curso-y-practicas-en-madrid\/\">Cursos de Espa\u00f1ol y Pr\u00e1cticas de Empresa en Madrid<\/a>, estudiantes de todo el mundo tienen la oportunidad de aprender Espa\u00f1ol en TANDEM ,y posteriormente realizar un per\u00edodo de pr\u00e1cticas en cualquiera de las grandes empresas espa\u00f1olas. Madrid es la sede de algunas de las m\u00e1s importantes compa\u00f1\u00edas del mundo, de forma que realizar aqu\u00ed una formaci\u00f3n pr\u00e1ctica puede ser una excelente opci\u00f3n.<\/p>\n\n<\/div>\n<p class=\"cent mtop15\"><a title=\"Leer m\u00e1s\" id=\"trmbt1\" class=\"togglebtn\" onclick=\"toggle_visibility('trm1');toggle_visibility('trmbt1');toggle_visibility('trmbt2');\" style=\"display:block;\">Leer [+]<\/a><a title=\"Leer menos\" id=\"trmbt2\" class=\"togglebtn\" onclick=\"toggle_visibility('trm1');toggle_visibility('trmbt1');toggle_visibility('trmbt2');\" style=\"display:none;\">Leer [-]<\/a> <\/p>\t\t\t\t\t\t<\/div>\n\t\t\t\t<\/div>\n\t\t\t\t\t<\/div>\n\t\t\t\t<\/div>\n\t\t<div class=\"elementor-element elementor-element-87a540f e-flex e-con-boxed e-con e-parent\" data-id=\"87a540f\" data-element_type=\"container\" data-settings=\"{&quot;content_width&quot;:&quot;boxed&quot;}\" data-core-v316-plus=\"true\">\n\t\t\t\t\t<div class=\"e-con-inner\">\n\t\t\t\t<div class=\"elementor-element elementor-element-2113cdf elementor-widget elementor-widget-template\" data-id=\"2113cdf\" data-element_type=\"widget\" data-widget_type=\"template.default\">\n\t\t\t\t<div class=\"elementor-widget-container\">\n\t\t\t\t\t<div class=\"elementor-template\">\n\t\t\t\t\t<div data-elementor-type=\"container\" data-elementor-id=\"9709\" class=\"elementor elementor-9709 elementor-6042\" data-elementor-post-type=\"elementor_library\">\n\t\t\t\t\t\t\t<div class=\"elementor-element elementor-element-1d891c72 e-flex e-con-boxed e-con e-parent\" data-id=\"1d891c72\" data-element_type=\"container\" data-settings=\"{&quot;content_width&quot;:&quot;boxed&quot;}\" data-core-v316-plus=\"true\">\n\t\t\t\t\t<div class=\"e-con-inner\">\n\t\t\t\t<div class=\"elementor-element elementor-element-25f62626 elementor-widget elementor-widget-heading\" data-id=\"25f62626\" data-element_type=\"widget\" data-widget_type=\"heading.default\">\n\t\t\t\t<div class=\"elementor-widget-container\">\n\t\t\t<style>\/*! elementor - v3.16.0 - 20-09-2023 *\/\n.elementor-heading-title{padding:0;margin:0;line-height:1}.elementor-widget-heading .elementor-heading-title[class*=elementor-size-]>a{color:inherit;font-size:inherit;line-height:inherit}.elementor-widget-heading .elementor-heading-title.elementor-size-small{font-size:15px}.elementor-widget-heading .elementor-heading-title.elementor-size-medium{font-size:19px}.elementor-widget-heading .elementor-heading-title.elementor-size-large{font-size:29px}.elementor-widget-heading .elementor-heading-title.elementor-size-xl{font-size:39px}.elementor-widget-heading .elementor-heading-title.elementor-size-xxl{font-size:59px}<\/style><h2 class=\"elementor-heading-title elementor-size-default\">Listado de cursos: Cursos de espa\u00f1ol para profesionales<\/h2>\t\t<\/div>\n\t\t\t\t<\/div>\n\t\t\t\t<div class=\"elementor-element elementor-element-624bdfb5 elementor-widget-divider--view-line elementor-widget elementor-widget-divider\" data-id=\"624bdfb5\" data-element_type=\"widget\" data-widget_type=\"divider.default\">\n\t\t\t\t<div class=\"elementor-widget-container\">\n\t\t\t<style>\/*! elementor - v3.16.0 - 20-09-2023 *\/\n.elementor-widget-divider{--divider-border-style:none;--divider-border-width:1px;--divider-color:#0c0d0e;--divider-icon-size:20px;--divider-element-spacing:10px;--divider-pattern-height:24px;--divider-pattern-size:20px;--divider-pattern-url:none;--divider-pattern-repeat:repeat-x}.elementor-widget-divider .elementor-divider{display:flex}.elementor-widget-divider .elementor-divider__text{font-size:15px;line-height:1;max-width:95%}.elementor-widget-divider .elementor-divider__element{margin:0 var(--divider-element-spacing);flex-shrink:0}.elementor-widget-divider .elementor-icon{font-size:var(--divider-icon-size)}.elementor-widget-divider .elementor-divider-separator{display:flex;margin:0;direction:ltr}.elementor-widget-divider--view-line_icon .elementor-divider-separator,.elementor-widget-divider--view-line_text .elementor-divider-separator{align-items:center}.elementor-widget-divider--view-line_icon .elementor-divider-separator:after,.elementor-widget-divider--view-line_icon .elementor-divider-separator:before,.elementor-widget-divider--view-line_text .elementor-divider-separator:after,.elementor-widget-divider--view-line_text .elementor-divider-separator:before{display:block;content:\"\";border-bottom:0;flex-grow:1;border-top:var(--divider-border-width) var(--divider-border-style) var(--divider-color)}.elementor-widget-divider--element-align-left .elementor-divider .elementor-divider-separator>.elementor-divider__svg:first-of-type{flex-grow:0;flex-shrink:100}.elementor-widget-divider--element-align-left .elementor-divider-separator:before{content:none}.elementor-widget-divider--element-align-left .elementor-divider__element{margin-left:0}.elementor-widget-divider--element-align-right .elementor-divider .elementor-divider-separator>.elementor-divider__svg:last-of-type{flex-grow:0;flex-shrink:100}.elementor-widget-divider--element-align-right .elementor-divider-separator:after{content:none}.elementor-widget-divider--element-align-right .elementor-divider__element{margin-right:0}.elementor-widget-divider:not(.elementor-widget-divider--view-line_text):not(.elementor-widget-divider--view-line_icon) .elementor-divider-separator{border-top:var(--divider-border-width) var(--divider-border-style) var(--divider-color)}.elementor-widget-divider--separator-type-pattern{--divider-border-style:none}.elementor-widget-divider--separator-type-pattern.elementor-widget-divider--view-line .elementor-divider-separator,.elementor-widget-divider--separator-type-pattern:not(.elementor-widget-divider--view-line) .elementor-divider-separator:after,.elementor-widget-divider--separator-type-pattern:not(.elementor-widget-divider--view-line) .elementor-divider-separator:before,.elementor-widget-divider--separator-type-pattern:not([class*=elementor-widget-divider--view]) .elementor-divider-separator{width:100%;min-height:var(--divider-pattern-height);-webkit-mask-size:var(--divider-pattern-size) 100%;mask-size:var(--divider-pattern-size) 100%;-webkit-mask-repeat:var(--divider-pattern-repeat);mask-repeat:var(--divider-pattern-repeat);background-color:var(--divider-color);-webkit-mask-image:var(--divider-pattern-url);mask-image:var(--divider-pattern-url)}.elementor-widget-divider--no-spacing{--divider-pattern-size:auto}.elementor-widget-divider--bg-round{--divider-pattern-repeat:round}.rtl .elementor-widget-divider .elementor-divider__text{direction:rtl}.e-con-inner>.elementor-widget-divider,.e-con>.elementor-widget-divider{width:var(--container-widget-width,100%);--flex-grow:var(--container-widget-flex-grow)}<\/style>\t\t<div class=\"elementor-divider\">\n\t\t\t<span class=\"elementor-divider-separator\">\n\t\t\t\t\t\t<\/span>\n\t\t<\/div>\n\t\t\t\t<\/div>\n\t\t\t\t<\/div>\n\t\t\t\t\t<\/div>\n\t\t\t\t<\/div>\n\t\t\t\t\t\t\t<\/div>\n\t\t\t\t<\/div>\n\t\t\t\t<\/div>\n\t\t\t\t<\/div>\n\t\t\t\t\t<\/div>\n\t\t\t\t<\/div>\n\t\t<div class=\"elementor-element elementor-element-094a10a e-flex e-con-boxed e-con e-parent\" data-id=\"094a10a\" data-element_type=\"container\" data-settings=\"{&quot;content_width&quot;:&quot;boxed&quot;}\" data-core-v316-plus=\"true\">\n\t\t\t\t\t<div class=\"e-con-inner\">\n\t\t\t\t<div class=\"elementor-element elementor-element-4d9e1f2 elementor-widget elementor-widget-jet-listing-grid\" data-id=\"4d9e1f2\" data-element_type=\"widget\" data-settings=\"{&quot;columns&quot;:3}\" data-widget_type=\"jet-listing-grid.default\">\n\t\t\t\t<div class=\"elementor-widget-container\">\n\t\t\t<div class=\"jet-listing-grid jet-listing\"><div class=\"jet-listing-not-found jet-listing-grid__items\" data-nav=\"{&quot;enabled&quot;:false,&quot;type&quot;:null,&quot;more_el&quot;:null,&quot;query&quot;:[],&quot;widget_settings&quot;:{&quot;lisitng_id&quot;:557,&quot;posts_num&quot;:6,&quot;columns&quot;:3,&quot;columns_tablet&quot;:3,&quot;columns_mobile&quot;:3,&quot;is_archive_template&quot;:&quot;&quot;,&quot;post_status&quot;:[&quot;publish&quot;],&quot;use_random_posts_num&quot;:&quot;&quot;,&quot;max_posts_num&quot;:9,&quot;not_found_message&quot;:&quot;No hay datos&quot;,&quot;is_masonry&quot;:false,&quot;equal_columns_height&quot;:&quot;&quot;,&quot;use_load_more&quot;:&quot;&quot;,&quot;load_more_id&quot;:&quot;&quot;,&quot;load_more_type&quot;:&quot;click&quot;,&quot;load_more_offset&quot;:{&quot;unit&quot;:&quot;px&quot;,&quot;size&quot;:0,&quot;sizes&quot;:[]},&quot;use_custom_post_types&quot;:&quot;&quot;,&quot;custom_post_types&quot;:[],&quot;hide_widget_if&quot;:&quot;&quot;,&quot;carousel_enabled&quot;:&quot;&quot;,&quot;slides_to_scroll&quot;:&quot;1&quot;,&quot;arrows&quot;:&quot;true&quot;,&quot;arrow_icon&quot;:&quot;fa fa-angle-left&quot;,&quot;dots&quot;:&quot;&quot;,&quot;autoplay&quot;:&quot;true&quot;,&quot;autoplay_speed&quot;:5000,&quot;infinite&quot;:&quot;true&quot;,&quot;center_mode&quot;:&quot;&quot;,&quot;effect&quot;:&quot;slide&quot;,&quot;speed&quot;:500,&quot;inject_alternative_items&quot;:&quot;&quot;,&quot;injection_items&quot;:[],&quot;scroll_slider_enabled&quot;:&quot;&quot;,&quot;scroll_slider_on&quot;:[&quot;desktop&quot;,&quot;tablet&quot;,&quot;mobile&quot;],&quot;custom_query&quot;:&quot;yes&quot;,&quot;custom_query_id&quot;:&quot;12&quot;,&quot;_element_id&quot;:&quot;&quot;}}\" data-queried-id=\"9728|WP_Post\">No hay datos<\/div><\/div>\t\t<\/div>\n\t\t\t\t<\/div>\n\t\t\t\t\t<\/div>\n\t\t\t\t<\/div>\n\t\t\t\t\t\t\t<\/div>\n\t\t","protected":false},"excerpt":{"rendered":"<p>El Espa\u00f1ol es el segundo idioma m\u00e1s hablado en los Estados Unidos, donde m\u00e1s de 40 millones de personas hablan Espa\u00f1ol. Y entre todos los lugares del mundo donde puede aprender Espa\u00f1ol, Madrid es probablemente la ciudad m\u00e1s importante para los negocios (lea las razones para estudiar espa\u00f1ol en Madrid). Conscientes de las necesidades especiales [&hellip;]<\/p>\n","protected":false},"author":1,"featured_media":2364,"parent":0,"menu_order":0,"comment_status":"closed","ping_status":"closed","template":"","meta":{"footnotes":"","_elementor_data":"[{\"id\":\"de4c3c1\",\"elType\":\"container\",\"settings\":{\"flex_direction\":\"column\",\"jedv_conditions\":[{\"_id\":\"8c498ce\"}]},\"elements\":[{\"id\":\"8bd2208\",\"elType\":\"widget\",\"settings\":{\"editor\":\"<p>El Espa\\u00f1ol es el segundo idioma m\\u00e1s hablado en los Estados Unidos, donde m\\u00e1s de 40 millones de personas hablan Espa\\u00f1ol. Y entre todos los lugares del mundo donde puede aprender Espa\\u00f1ol, Madrid es probablemente la ciudad m\\u00e1s importante para los negocios (lea las razones para estudiar espa\\u00f1ol en Madrid).<\\\/p>\\n<div id=\\\"trm1\\\" style=\\\"display: none;\\\">\\n\\n<p>Conscientes de las necesidades especiales que, debido a su trabajo, pueden presentar los trabajadores que aprenden Espa\\u00f1ol en Madrid, hemos creado algunos cursos de espa\\u00f1ol para profesionales especialmente para ellos, dise\\u00f1ados de forma flexible y centrados en el estudiante, como siempre los hacemos en TANDEM. Las personas m\\u00e1s ocupadas y aqu\\u00e9llas que necesitan aprender r\\u00e1pidamente, pueden elegir las <a title=\\\"Clases Privadas de Espa\\u00f1ol\\\" href=\\\"\\\/es\\\/c\\\/clases-privadas-de-espanol-para-profesionales\\\/\\\">Clases Privadas de Espa\\u00f1ol<\\\/a>, en las que el estudiante dispondr\\u00e1 de un profesor solo para \\u00e9l en cada clase, y son los mismos estudiantes quienes determinan el contenido de las lecciones y el ritmo de aprendizaje. Los <a title=\\\"Curso de Espa\\u00f1ol de los Negocios\\\" href=\\\"\\\/es\\\/espanol-de-los-negocios\\\/\\\">Cursos de Espa\\u00f1ol de los Negocios<\\\/a> pueden dar a los profesionales una buena visi\\u00f3n de la lengua espa\\u00f1ola, sobre todo si est\\u00e1n pensando en obtener un certificado oficial. Tambi\\u00e9n pueden optar por el <a title=\\\"Curso de Inmersi\\u00f3n en Espa\\u00f1ol\\\" href=\\\"\\\/es\\\/c\\\/espanol-para-profesionales-seminario-de-inmersion\\\/\\\">Curso de Inmersi\\u00f3n en Espa\\u00f1ol<\\\/a>, el cual tambi\\u00e9n se ofrece de forma personalizada, y puede ser combinado con el <a title=\\\"Programa Cultural TANDEM\\\" href=\\\"\\\/es\\\/programa-cultural-tandem\\\/\\\">Programa Cultural TANDEM<\\\/a>, en el que los estudiantes pueden elegir entre clases de cocina, degustaci\\u00f3n de vinos o aceite de oliva, ver pel\\u00edculas, etc.<\\\/p>\\n\\n<p>Adem\\u00e1s de los cursos personalizados, los cursos Ampliados de Espa\\u00f1ol tambi\\u00e9n est\\u00e1n dise\\u00f1ados para los trabajadores, aunque est\\u00e1n indicados para cualquier persona que no disponga de mucho tiempo para estudiar. En realidad, cualquier curso de TANDEM es \\u00fatil para mejorar el curriculum vitae de cualquier profesional, pero dese\\u00e1bamos diferenciar algunos de ellos con el fin de satisfacer todas las necesidades.<\\\/p>\\n\\n<p>Y por supuesto, tambi\\u00e9n pensamos en los futuros profesionales cuando dise\\u00f1amos nuestros cursos de Espa\\u00f1ol. Con los <a title=\\\"Cursos de Espa\\u00f1ol y Pr\\u00e1cticas de Empresa en Madrid\\\" href=\\\"\\\/es\\\/c\\\/curso-y-practicas-en-madrid\\\/\\\">Cursos de Espa\\u00f1ol y Pr\\u00e1cticas de Empresa en Madrid<\\\/a>, estudiantes de todo el mundo tienen la oportunidad de aprender Espa\\u00f1ol en TANDEM ,y posteriormente realizar un per\\u00edodo de pr\\u00e1cticas en cualquiera de las grandes empresas espa\\u00f1olas. Madrid es la sede de algunas de las m\\u00e1s importantes compa\\u00f1\\u00edas del mundo, de forma que realizar aqu\\u00ed una formaci\\u00f3n pr\\u00e1ctica puede ser una excelente opci\\u00f3n.<\\\/p>\\n\\n<\\\/div>\\n<p class=\\\"cent mtop15\\\"><a title=\\\"Leer m\\u00e1s\\\" id=\\\"trmbt1\\\" class=\\\"togglebtn\\\" onclick=\\\"toggle_visibility('trm1');toggle_visibility('trmbt1');toggle_visibility('trmbt2');\\\" style=\\\"display:block;\\\">Leer [+]<\\\/a><a title=\\\"Leer menos\\\" id=\\\"trmbt2\\\" class=\\\"togglebtn\\\" onclick=\\\"toggle_visibility('trm1');toggle_visibility('trmbt1');toggle_visibility('trmbt2');\\\" style=\\\"display:none;\\\">Leer [-]<\\\/a> <\\\/p>\",\"_css_classes\":\"cursocontent\",\"jedv_conditions\":[{\"_id\":\"177574a\"}]},\"elements\":[],\"widgetType\":\"text-editor\"}],\"isInner\":false},{\"id\":\"87a540f\",\"elType\":\"container\",\"settings\":{\"flex_direction\":\"column\",\"jedv_conditions\":[{\"_id\":\"c3f19dd\"}]},\"elements\":[{\"id\":\"2113cdf\",\"elType\":\"widget\",\"settings\":{\"template_id\":\"6042\",\"jedv_conditions\":[{\"_id\":\"874b0b9\"}]},\"elements\":[],\"widgetType\":\"template\"}],\"isInner\":false},{\"id\":\"094a10a\",\"elType\":\"container\",\"settings\":{\"jedv_conditions\":[{\"_id\":\"d4a3e68\"}]},\"elements\":[{\"id\":\"4d9e1f2\",\"elType\":\"widget\",\"settings\":{\"lisitng_id\":\"557\",\"not_found_message\":\"No hay datos\",\"injection_items\":[],\"custom_query\":\"yes\",\"custom_query_id\":\"12\",\"posts_query\":[],\"terms_meta_query\":[],\"users_meta_query\":[],\"jedv_conditions\":[{\"_id\":\"9d89fc0\"}]},\"elements\":[],\"widgetType\":\"jet-listing-grid\"}],\"isInner\":false}]","_elementor_edit_mode":"builder","_elementor_template_type":"wp-page","_elementor_page_settings":""},"_links":{"self":[{"href":"https:\/\/dev.tandemmadrid.com\/es\/wp-json\/wp\/v2\/pages\/9728"}],"collection":[{"href":"https:\/\/dev.tandemmadrid.com\/es\/wp-json\/wp\/v2\/pages"}],"about":[{"href":"https:\/\/dev.tandemmadrid.com\/es\/wp-json\/wp\/v2\/types\/page"}],"author":[{"embeddable":true,"href":"https:\/\/dev.tandemmadrid.com\/es\/wp-json\/wp\/v2\/users\/1"}],"replies":[{"embeddable":true,"href":"https:\/\/dev.tandemmadrid.com\/es\/wp-json\/wp\/v2\/comments?post=9728"}],"version-history":[{"count":0,"href":"https:\/\/dev.tandemmadrid.com\/es\/wp-json\/wp\/v2\/pages\/9728\/revisions"}],"wp:featuredmedia":[{"embeddable":true,"href":"https:\/\/dev.tandemmadrid.com\/es\/wp-json\/wp\/v2\/media\/2364"}],"wp:attachment":[{"href":"https:\/\/dev.tandemmadrid.com\/es\/wp-json\/wp\/v2\/media?parent=9728"}],"curies":[{"name":"wp","href":"https:\/\/api.w.org\/{rel}","templated":true}]}}