
{"id":8477,"date":"2023-10-10T15:58:11","date_gmt":"2023-10-10T13:58:11","guid":{"rendered":"https:\/\/dev.tandemmadrid.com\/shop\/presupuesto-del-curso-formacion-para-empresas\/"},"modified":"2024-01-31T16:56:49","modified_gmt":"2024-01-31T15:56:49","slug":"formacion-empresas","status":"publish","type":"product","link":"https:\/\/dev.tandemmadrid.com\/es\/tienda\/formacion-empresas\/","title":{"rendered":"Presupuesto del curso: Formaci\u00f3n para empresas"},"content":{"rendered":"","protected":false},"excerpt":{"rendered":"<p>Este es un curso a medida. P\u00eddenos un presupuesto en el que se expliquen todos los detalles que debemos tener en cuenta, como la duraci\u00f3n, el n\u00famero de participantes, las fechas de inicio, etc. Nuestro equipo se pondr\u00e1 en contacto contigo con una propuesta y toda la informaci\u00f3n, para que puedas reservar el curso m\u00e1s adelante.<\/p>\n<p style=\"text-align:center;\"><a href=\"\/es\/c\/formacion-para-empresas\/\" title=\"M\u00e1s informaci\u00f3n sobre el curso: Formaci\u00f3n para empresas\" class=\"buttonaction\">M\u00e1s sobre este curso<\/a><\/p>\n","protected":false},"featured_media":6689,"template":"","meta":[],"product_cat":[112],"product_tag":[],"_links":{"self":[{"href":"https:\/\/dev.tandemmadrid.com\/es\/wp-json\/wp\/v2\/product\/8477"}],"collection":[{"href":"https:\/\/dev.tandemmadrid.com\/es\/wp-json\/wp\/v2\/product"}],"about":[{"href":"https:\/\/dev.tandemmadrid.com\/es\/wp-json\/wp\/v2\/types\/product"}],"version-history":[{"count":0,"href":"https:\/\/dev.tandemmadrid.com\/es\/wp-json\/wp\/v2\/product\/8477\/revisions"}],"wp:featuredmedia":[{"embeddable":true,"href":"https:\/\/dev.tandemmadrid.com\/es\/wp-json\/wp\/v2\/media\/6689"}],"wp:attachment":[{"href":"https:\/\/dev.tandemmadrid.com\/es\/wp-json\/wp\/v2\/media?parent=8477"}],"wp:term":[{"taxonomy":"product_cat","embeddable":true,"href":"https:\/\/dev.tandemmadrid.com\/es\/wp-json\/wp\/v2\/product_cat?post=8477"},{"taxonomy":"product_tag","embeddable":true,"href":"https:\/\/dev.tandemmadrid.com\/es\/wp-json\/wp\/v2\/product_tag?post=8477"}],"curies":[{"name":"wp","href":"https:\/\/api.w.org\/{rel}","templated":true}]}}