
{"id":9148,"date":"2023-10-10T13:43:30","date_gmt":"2023-10-10T11:43:30","guid":{"rendered":"https:\/\/dev.tandemmadrid.com\/shop\/book-the-course-private-spanish-classes\/"},"modified":"2024-01-31T17:09:37","modified_gmt":"2024-01-31T16:09:37","slug":"clases-particulares","status":"publish","type":"product","link":"https:\/\/dev.tandemmadrid.com\/es\/tienda\/clases-particulares\/","title":{"rendered":"Reserva el curso: Clases particulares de espa\u00f1ol"},"content":{"rendered":"<table class=\"tabla-cursos\">\n<tbody>\n<tr>\n<td class=\"celdas-izq\">Fecha de inicio<\/td>\n<td class=\"celdas-dcha\">Cualquier d\u00eda del a\u00f1o<\/td>\n<\/tr>\n<tr class=\"fondo-color\">\n<td class=\"celdas-izq\">N\u00famero de lecciones<\/td>\n<td class=\"celdas-dcha\">A partir de 1 lecci\u00f3n<\/td>\n<\/tr>\n<tr>\n<td class=\"celdas-izq\">Niveles<\/td>\n<td class=\"celdas-dcha\">Todos los niveles<\/td>\n<\/tr>\n<tr class=\"fondo-color\">\n<td class=\"celdas-izq\">OPCIONAL<\/td>\n<td class=\"celdas-dcha\">Comida con tu profesor\/programa cultural<\/td>\n<\/tr>\n<tr class=\"fondo-color\">\n<td class=\"celdas-izq\">Duraci\u00f3n de la lecci\u00f3n<\/td>\n<td class=\"celdas-dcha\">45 min<\/td>\n<\/tr>\n<tr>\n<td class=\"celdas-izq\"><strong>Tasa de inscripci\u00f3n<\/strong><\/td>\n<td class=\"celdas-dcha\">\n<p><strong>50\u20ac<\/strong>.<\/p>\n<\/p>\n<\/td>\n<\/tr>\n<\/tbody>\n<\/table>\n","protected":false},"excerpt":{"rendered":"<p>El curso ofrece una formaci\u00f3n individual a tu propio ritmo. Su profesor se adaptar\u00e1 a tus conocimientos de espa\u00f1ol y a tus necesidades personales y profesionales, y te acompa\u00f1ar\u00e1 y asistir\u00e1 en tu proceso de aprendizaje.El contenido de nuestras clases particulares de espa\u00f1ol lo determinan los propios estudiantes.<br \/>\nTambi\u00e9n son los estudiantes los que decidir\u00e1n el n\u00famero de clases de espa\u00f1ol a las que desean asistir y qu\u00e9 horarios les convienen m\u00e1s para los 45 minutos de clase privada de espa\u00f1ol.<\/p>\n<p style=\"text-align:center;\"><a href=\"\/es\/c\/clases-privadas-de-espanol-para-profesionales\/\" title=\"M\u00e1s informaci\u00f3n sobre el curso: Clases particulares de espa\u00f1ol (individuales)\" class=\"buttonaction\">M\u00e1s informaci\u00f3n sobre este curso<\/a><\/p>\n","protected":false},"featured_media":7373,"template":"","meta":[],"product_cat":[112],"product_tag":[],"_links":{"self":[{"href":"https:\/\/dev.tandemmadrid.com\/es\/wp-json\/wp\/v2\/product\/9148"}],"collection":[{"href":"https:\/\/dev.tandemmadrid.com\/es\/wp-json\/wp\/v2\/product"}],"about":[{"href":"https:\/\/dev.tandemmadrid.com\/es\/wp-json\/wp\/v2\/types\/product"}],"version-history":[{"count":0,"href":"https:\/\/dev.tandemmadrid.com\/es\/wp-json\/wp\/v2\/product\/9148\/revisions"}],"wp:featuredmedia":[{"embeddable":true,"href":"https:\/\/dev.tandemmadrid.com\/es\/wp-json\/wp\/v2\/media\/7373"}],"wp:attachment":[{"href":"https:\/\/dev.tandemmadrid.com\/es\/wp-json\/wp\/v2\/media?parent=9148"}],"wp:term":[{"taxonomy":"product_cat","embeddable":true,"href":"https:\/\/dev.tandemmadrid.com\/es\/wp-json\/wp\/v2\/product_cat?post=9148"},{"taxonomy":"product_tag","embeddable":true,"href":"https:\/\/dev.tandemmadrid.com\/es\/wp-json\/wp\/v2\/product_tag?post=9148"}],"curies":[{"name":"wp","href":"https:\/\/api.w.org\/{rel}","templated":true}]}}