
{"id":9149,"date":"2023-10-10T12:25:38","date_gmt":"2023-10-10T10:25:38","guid":{"rendered":"https:\/\/dev.tandemmadrid.com\/shop\/presupuesto-para-el-curso-curso-de-espanol-en-grupo-estandar\/"},"modified":"2024-02-01T11:45:13","modified_gmt":"2024-02-01T10:45:13","slug":"grupo-estandar","status":"publish","type":"product","link":"https:\/\/dev.tandemmadrid.com\/es\/tienda\/grupo-estandar\/","title":{"rendered":"Presupuesto para el curso: Curso de espa\u00f1ol en grupo est\u00e1ndar"},"content":{"rendered":"<p>Learning in a group is much more fun than learning on your own. You will participate in various Spanish cultural activities where you will have to apply what you have learned in class.<\/p>\n<p>The standard Spanish course for groups lasts a minimum of one week, and the group can take all the courses that are desired. Participants attend Spanish classes in our school in the morning to learn the basics of grammar, vocabulary and conversation. In the afternoons, theoretical Spanish classes are transformed into a variety of cultural group activities, such as walking tours of Madrid&#8217;s notable historical sites, classes in Spanish cuisine or flamenco dancing, or day trips to nearby cities such as Avila, Segovia or Toledo.<\/p>\n","protected":false},"excerpt":{"rendered":"<p>Este es un curso a medida. P\u00eddenos un presupuesto en el que se expliquen todos los detalles que debemos tener en cuenta, como la duraci\u00f3n, el n\u00famero de participantes, las fechas de inicio, etc. Nuestro equipo se pondr\u00e1 en contacto contigo con una propuesta y toda la informaci\u00f3n, para que puedas reservar el curso m\u00e1s adelante.<\/p>\n<p style=\"text-align:center;\"><a href=\"\/c\/standard-group-spanish-course\/\" title=\"More about the course: Standard Group Spanish Course\" class=\"buttonaction\">M\u00e1s sobre este curso<\/a><\/p>\n","protected":false},"featured_media":6715,"template":"","meta":[],"product_cat":[110,109],"product_tag":[],"_links":{"self":[{"href":"https:\/\/dev.tandemmadrid.com\/es\/wp-json\/wp\/v2\/product\/9149"}],"collection":[{"href":"https:\/\/dev.tandemmadrid.com\/es\/wp-json\/wp\/v2\/product"}],"about":[{"href":"https:\/\/dev.tandemmadrid.com\/es\/wp-json\/wp\/v2\/types\/product"}],"version-history":[{"count":0,"href":"https:\/\/dev.tandemmadrid.com\/es\/wp-json\/wp\/v2\/product\/9149\/revisions"}],"wp:featuredmedia":[{"embeddable":true,"href":"https:\/\/dev.tandemmadrid.com\/es\/wp-json\/wp\/v2\/media\/6715"}],"wp:attachment":[{"href":"https:\/\/dev.tandemmadrid.com\/es\/wp-json\/wp\/v2\/media?parent=9149"}],"wp:term":[{"taxonomy":"product_cat","embeddable":true,"href":"https:\/\/dev.tandemmadrid.com\/es\/wp-json\/wp\/v2\/product_cat?post=9149"},{"taxonomy":"product_tag","embeddable":true,"href":"https:\/\/dev.tandemmadrid.com\/es\/wp-json\/wp\/v2\/product_tag?post=9149"}],"curies":[{"name":"wp","href":"https:\/\/api.w.org\/{rel}","templated":true}]}}