
{"id":9193,"date":"2023-10-06T17:38:52","date_gmt":"2023-10-06T15:38:52","guid":{"rendered":"https:\/\/dev.tandemmadrid.com\/shop\/reserva-el-curso-curso-de-larga-duracion\/"},"modified":"2024-02-01T10:12:58","modified_gmt":"2024-02-01T09:12:58","slug":"larga-duracion","status":"publish","type":"product","link":"https:\/\/dev.tandemmadrid.com\/es\/tienda\/larga-duracion\/","title":{"rendered":"Reserva el curso: Curso de larga duraci\u00f3n"},"content":{"rendered":"<table class=\"tabla-cursos\">\n<tbody>\n<tr>\n<td class=\"celdas-izq\">Fecha de inicio<\/td>\n<td class=\"celdas-dcha\">Cualquier lunes del a\u00f1o<\/td>\n<\/tr>\n<tr class=\"fondo-color\">\n<td class=\"celdas-izq\">Lecciones por semana<\/td>\n<td class=\"celdas-dcha\">20 clases de espa\u00f1ol a la semana &#8211; 4 clases al d\u00eda + 2 clases a la semana de espa\u00f1ol y conversaci\u00f3n a partir del nivel A2.<\/td>\n<\/tr>\n<tr>\n<td class=\"celdas-izq\">Duraci\u00f3n<\/td>\n<td class=\"celdas-dcha\"><b>M\u00ednimo 24 semanas consecutivas.<\/b> Si deseas hacer una pausa durante el programa, debes avisar con al menos una semana de antelaci\u00f3n.\/td><br \/>\n<\/tr>\n<tr class=\"fondo-color\">\n<td class=\"celdas-izq\">Niveles<\/td>\n<td class=\"celdas-dcha\">Todos los niveles<\/td>\n<\/tr>\n<tr class=\"fondo-color\">\n<td class=\"celdas-izq\">Duraci\u00f3n de la lecci\u00f3n<\/td>\n<td class=\"celdas-dcha\">45 min<\/td>\n<\/tr>\n<tr class=\"fondo-color\">\n<td class=\"celdas-izq\">Edad m\u00ednima<\/td>\n<td class=\"celdas-dcha\">+16<\/td>\n<\/tr>\n<tr>\n<td class=\"celdas-izq\">Tasa de inscripci\u00f3n<\/td>\n<td class=\"celdas-dcha\"><strong>50\u20ac<\/strong><\/td>\n<\/tr>\n<\/tbody>\n<\/table>\n","protected":false},"excerpt":{"rendered":"<p>El curso de espa\u00f1ol ampliado de TANDEM Madrid ofrece las mismas caracter\u00edsticas que los otros cursos cortos intensivos de espa\u00f1ol, pero con la ventaja de permitir una formaci\u00f3n m\u00e1s profunda en la lengua y la cultura espa\u00f1olas; pasar\u00e1s mucho tiempo conviviendo con espa\u00f1oles y experimentando la vida cotidiana en la din\u00e1mica y atractiva ciudad de Madrid.<\/p>\n<p style=\"text-align:center;\"><a href=\"\/es\/c\/curso-de-larga-duracion\/\" title=\"M\u00e1s informaci\u00f3n sobre el curso: Curso de larga duraci\u00f3n\" class=\"buttonaction\">M\u00e1s informaci\u00f3n sobre este curso<\/a><\/p>\n","protected":false},"featured_media":6597,"template":"","meta":[],"product_cat":[110],"product_tag":[],"_links":{"self":[{"href":"https:\/\/dev.tandemmadrid.com\/es\/wp-json\/wp\/v2\/product\/9193"}],"collection":[{"href":"https:\/\/dev.tandemmadrid.com\/es\/wp-json\/wp\/v2\/product"}],"about":[{"href":"https:\/\/dev.tandemmadrid.com\/es\/wp-json\/wp\/v2\/types\/product"}],"version-history":[{"count":0,"href":"https:\/\/dev.tandemmadrid.com\/es\/wp-json\/wp\/v2\/product\/9193\/revisions"}],"wp:featuredmedia":[{"embeddable":true,"href":"https:\/\/dev.tandemmadrid.com\/es\/wp-json\/wp\/v2\/media\/6597"}],"wp:attachment":[{"href":"https:\/\/dev.tandemmadrid.com\/es\/wp-json\/wp\/v2\/media?parent=9193"}],"wp:term":[{"taxonomy":"product_cat","embeddable":true,"href":"https:\/\/dev.tandemmadrid.com\/es\/wp-json\/wp\/v2\/product_cat?post=9193"},{"taxonomy":"product_tag","embeddable":true,"href":"https:\/\/dev.tandemmadrid.com\/es\/wp-json\/wp\/v2\/product_tag?post=9193"}],"curies":[{"name":"wp","href":"https:\/\/api.w.org\/{rel}","templated":true}]}}