
{"id":9196,"date":"2023-10-09T18:01:43","date_gmt":"2023-10-09T16:01:43","guid":{"rendered":"https:\/\/dev.tandemmadrid.com\/shop\/reserva-el-curso-curso-de-espanol-y-practicas-en-madrid\/"},"modified":"2024-02-01T11:35:13","modified_gmt":"2024-02-01T10:35:13","slug":"practicas-madrid","status":"publish","type":"product","link":"https:\/\/dev.tandemmadrid.com\/es\/tienda\/practicas-madrid\/","title":{"rendered":"Reserva el curso: Curso de espa\u00f1ol y pr\u00e1cticas en Madrid"},"content":{"rendered":"<table class=\"tabla-cursos\" border=\"1px\">\n<tbody>\n<tr>\n<td class=\"celdas-izq\">Fechas de comienzo<\/td>\n<td class=\"celdas-dcha\">TODOS LOS LUNES DEL A\u00d1O.<\/td>\n<\/tr>\n<tr class=\"fondo-color\">\n<td class=\"celdas-izq\">Curso espa\u00f1ol<\/td>\n<td class=\"celdas-dcha\">\n<p>20 clases de espa\u00f1ol a la semana \u2013 4 clases al d\u00eda + 2 clases a la semana de espa\u00f1ol y conversaci\u00f3n a partir de nivel A2.<\/p>\n<\/td>\n<\/tr>\n<tr>\n<td class=\"celdas-izq\">Programa Pr\u00e1cticas<\/td>\n<td class=\"celdas-dcha\">M\u00ednimo 3 meses de pr\u00e1cticas en una empresa<\/td>\n<\/tr>\n<tr class=\"fondo-color\">\n<td class=\"celdas-izq\">Niveles<\/td>\n<td class=\"celdas-dcha\">A partir de B1<\/td>\n<\/tr>\n<tr>\n<td class=\"celdas-izq\">Horario Pr\u00e1cticas<\/td>\n<td class=\"celdas-dcha\">El horario lo determina cada empresa, puede ser media jornada o jornada completa 8h diarias de lunes a viernes.<\/td>\n<\/tr>\n<tr class=\"fondo-color\">\n<td class=\"celdas-izq\">Edad M\u00ednima y M\u00e1xima<\/td>\n<td class=\"celdas-dcha\">18 \/ 30 a\u00f1os<\/td>\n<\/tr>\n<tr class=\"fondo-color\">\n<td class=\"celdas-izq\">Disponibilidad<\/td>\n<td class=\"celdas-dcha\">Todo el a\u00f1o<\/td>\n<\/tr>\n<tr>\n<td class=\"celdas-izq\">Gastos de Inscripci\u00f3n<\/td>\n<td class=\"celdas-dcha\"><strong>50\u20ac<\/strong><\/td>\n<\/tr>\n<\/tbody>\n<\/table>\n","protected":false},"excerpt":{"rendered":"<p>Durante el curso de espa\u00f1ol y pr\u00e1cticas en empresas los estudiantes realizan pr\u00e1cticas en compa\u00f1\u00edas acordes a sus intereses, habilidades, estudios y metas profesionales, de tal manera que no solo van adquiriendo soltura con el espa\u00f1ol, sino que tambi\u00e9n tienen la oportunidad de poner en pr\u00e1ctica parte de los conocimientos acad\u00e9micos que han ido adquiriendo a lo largo de los a\u00f1os.<\/p>\n<p style=\"text-align:center;\"><a href=\"\/es\/c\/curso-y-practicas-en-madrid\/\" title=\"M\u00e1s informaci\u00f3n sobre el curso: Curso de espa\u00f1ol y pr\u00e1cticas en Madrid\" class=\"buttonaction\">M\u00e1s informaci\u00f3n sobre este curso<\/a><\/p>\n","protected":false},"featured_media":5712,"template":"","meta":[],"product_cat":[112],"product_tag":[],"_links":{"self":[{"href":"https:\/\/dev.tandemmadrid.com\/es\/wp-json\/wp\/v2\/product\/9196"}],"collection":[{"href":"https:\/\/dev.tandemmadrid.com\/es\/wp-json\/wp\/v2\/product"}],"about":[{"href":"https:\/\/dev.tandemmadrid.com\/es\/wp-json\/wp\/v2\/types\/product"}],"version-history":[{"count":0,"href":"https:\/\/dev.tandemmadrid.com\/es\/wp-json\/wp\/v2\/product\/9196\/revisions"}],"wp:featuredmedia":[{"embeddable":true,"href":"https:\/\/dev.tandemmadrid.com\/es\/wp-json\/wp\/v2\/media\/5712"}],"wp:attachment":[{"href":"https:\/\/dev.tandemmadrid.com\/es\/wp-json\/wp\/v2\/media?parent=9196"}],"wp:term":[{"taxonomy":"product_cat","embeddable":true,"href":"https:\/\/dev.tandemmadrid.com\/es\/wp-json\/wp\/v2\/product_cat?post=9196"},{"taxonomy":"product_tag","embeddable":true,"href":"https:\/\/dev.tandemmadrid.com\/es\/wp-json\/wp\/v2\/product_tag?post=9196"}],"curies":[{"name":"wp","href":"https:\/\/api.w.org\/{rel}","templated":true}]}}