
{"id":9198,"date":"2023-10-10T18:18:48","date_gmt":"2023-10-10T16:18:48","guid":{"rendered":"https:\/\/dev.tandemmadrid.com\/shop\/reservar-el-curso-espanol-y-pasion-por-la-cocina-gourmet\/"},"modified":"2024-02-01T11:27:37","modified_gmt":"2024-02-01T10:27:37","slug":"cocina-gourmet","status":"publish","type":"product","link":"https:\/\/dev.tandemmadrid.com\/es\/tienda\/cocina-gourmet\/","title":{"rendered":"Reservar el curso: Espa\u00f1ol y pasi\u00f3n por la cocina gourmet"},"content":{"rendered":"<table class=\"tabla-cursos\">\n<tbody>\n<tr>\n<td class=\"celdas-izq\">Fechas de inicio del curso de espa\u00f1ol<\/td>\n<td class=\"celdas-dcha\">CUALQUIER LUNES DEL A\u00d1O<\/td>\n<\/tr>\n<tr class=\"fondo-color\">\n<td class=\"celdas-izq\">Lecciones por semana<\/td>\n<td class=\"celdas-dcha\">20 clases de espa\u00f1ol a la semana &#8211; 4 clases al d\u00eda + 2 clases a la semana de espa\u00f1ol y conversaci\u00f3n a partir del nivel A2.<\/td>\n<\/tr>\n<tr>\n<td class=\"celdas-izq\">Duraci\u00f3n<\/td>\n<td class=\"celdas-dcha\">Desde 1 semana<\/td>\n<\/tr>\n<tr class=\"fondo-color\">\n<td class=\"celdas-izq\">Niveles<\/td>\n<td class=\"celdas-dcha\">Todos los niveles<\/td>\n<\/tr>\n<tr>\n<td class=\"celdas-izq\">Horario<\/td>\n<td class=\"celdas-dcha\">\n<p style=\"display: block; text-align: center;\" id=\"txtelink2\"><a target=\"_self\" class=\"dt-sc-button small\" style=\"background-color: #1e73be; border-color: #1e73be; color: #ffffff;\" onclick=\"JavaScript:toggle_visibility('txtexp2');JavaScript:toggle_visibility('txtelink2');\" rel=\"noopener\">Show Timetable<\/a><\/p>\n<p>[Horarios]<\/td>\n<\/tr>\n<tr class=\"fondo-color\">\n<td class=\"celdas-izq\">Duraci\u00f3n de la lecci\u00f3n<\/td>\n<td class=\"celdas-dcha\">45 min<\/td>\n<\/tr>\n<tr>\n<td class=\"celdas-izq\">Edad m\u00ednima<\/td>\n<td class=\"celdas-dcha\">+18<\/td>\n<\/tr>\n<tr>\n<td class=\"celdas-izq\">Disponibilidad<\/td>\n<td class=\"celdas-dcha\">Todo el a\u00f1o<\/td>\n<\/tr>\n<tr>\n<td class=\"celdas-izq\"><strong>Tasa de inscripci\u00f3n<\/strong><\/td>\n<td class=\"celdas-dcha\">\n<p><strong>50\u20ac<\/strong>.<\/p>\n<\/td>\n<\/tr>\n<\/tbody>\n<\/table>\n","protected":false},"excerpt":{"rendered":"<p>Madrid no s\u00f3lo se abrir\u00e1 paso en tu coraz\u00f3n a trav\u00e9s de su gente y su cultura, sino tambi\u00e9n a trav\u00e9s de tu paladar. TANDEM Madrid quiere ayudarte a descubrir Madrid y su gastronom\u00eda. Por esto, ofrecemos un programa especial que combina el aprendizaje de espa\u00f1ol (20 clases de espa\u00f1ol a la semana, 4 clases diarias de 45 minutos cada una) y actividades gourmet.<\/p>\n<p style=\"text-align:center;\"><a href=\"\/es\/c\/espanol-y-pasion-gourmet\/\" title=\"M\u00e1s informaci\u00f3n sobre el curso: Espa\u00f1ol y pasi\u00f3n por la cocina gourmet\" class=\"buttonaction\">M\u00e1s informaci\u00f3n sobre este curso<\/a><\/p>\n","protected":false},"featured_media":6674,"template":"","meta":[],"product_cat":[113,114],"product_tag":[],"_links":{"self":[{"href":"https:\/\/dev.tandemmadrid.com\/es\/wp-json\/wp\/v2\/product\/9198"}],"collection":[{"href":"https:\/\/dev.tandemmadrid.com\/es\/wp-json\/wp\/v2\/product"}],"about":[{"href":"https:\/\/dev.tandemmadrid.com\/es\/wp-json\/wp\/v2\/types\/product"}],"version-history":[{"count":0,"href":"https:\/\/dev.tandemmadrid.com\/es\/wp-json\/wp\/v2\/product\/9198\/revisions"}],"wp:featuredmedia":[{"embeddable":true,"href":"https:\/\/dev.tandemmadrid.com\/es\/wp-json\/wp\/v2\/media\/6674"}],"wp:attachment":[{"href":"https:\/\/dev.tandemmadrid.com\/es\/wp-json\/wp\/v2\/media?parent=9198"}],"wp:term":[{"taxonomy":"product_cat","embeddable":true,"href":"https:\/\/dev.tandemmadrid.com\/es\/wp-json\/wp\/v2\/product_cat?post=9198"},{"taxonomy":"product_tag","embeddable":true,"href":"https:\/\/dev.tandemmadrid.com\/es\/wp-json\/wp\/v2\/product_tag?post=9198"}],"curies":[{"name":"wp","href":"https:\/\/api.w.org\/{rel}","templated":true}]}}