
{"id":9200,"date":"2023-10-10T17:19:50","date_gmt":"2023-10-10T15:19:50","guid":{"rendered":"https:\/\/dev.tandemmadrid.com\/shop\/book-the-course-spanish-and-a-passion-for-art\/"},"modified":"2024-02-01T11:31:19","modified_gmt":"2024-02-01T10:31:19","slug":"pasion-arte","status":"publish","type":"product","link":"https:\/\/dev.tandemmadrid.com\/es\/tienda\/pasion-arte\/","title":{"rendered":"Reserva el curso: El espa\u00f1ol y la pasi\u00f3n por el arte"},"content":{"rendered":"<table class=\"tabla-cursos\">\n<tbody>\n<tr>\n<td class=\"celdas-izq\">Fechas de inicio del curso de espa\u00f1ol<\/td>\n<td class=\"celdas-dcha\">CUALQUIER LUNES DEL A\u00d1O<\/td>\n<\/tr>\n<tr class=\"fondo-color\">\n<td class=\"celdas-izq\">Lecciones por semana<\/td>\n<td class=\"celdas-dcha\">20 clases de espa\u00f1ol a la semana &#8211; 4 clases al d\u00eda + 2 clases a la semana de espa\u00f1ol y conversaci\u00f3n a partir del nivel A2.<\/td>\n<\/tr>\n<tr>\n<td class=\"celdas-izq\">Duraci\u00f3n<\/td>\n<td class=\"celdas-dcha\">M\u00ednimo 1 semana de curso de espa\u00f1ol + 2 visitas a museos acompa\u00f1ados por un profesor de arte.<\/td>\n<\/tr>\n<tr class=\"fondo-color\">\n<td class=\"celdas-izq\">Niveles<\/td>\n<td class=\"celdas-dcha\">Todos los niveles<\/td>\n<\/tr>\n<tr class=\"fondo-color\">\n<td class=\"celdas-izq\">Duraci\u00f3n de la lecci\u00f3n<\/td>\n<td class=\"celdas-dcha\">45 min<\/td>\n<\/tr>\n<tr>\n<td class=\"celdas-izq\">Edad m\u00ednima<\/td>\n<td class=\"celdas-dcha\">+18<\/td>\n<\/tr>\n<tr class=\"fondo-color\">\n<td class=\"celdas-izq\">Actividades culturales<\/td>\n<td class=\"celdas-dcha\">\n<p>1 visita al Museo del Prado + 1 visita al Museo Thyssen-Bornemisza o al Museo Reina Sof\u00eda<\/td>\n<\/tr>\n<tr>\n<td class=\"celdas-izq\">Disponibilidad<\/td>\n<td class=\"celdas-dcha\">Todo el a\u00f1o<\/td>\n<\/tr>\n<tr>\n<td class=\"celdas-izq\"><strong>Cuota de inscripci\u00f3n<\/strong><\/td>\n<td class=\"celdas-dcha\"><strong>50\u20ac<\/strong>.<\/td>\n<\/tr>\n<\/tbody>\n<\/table>\n","protected":false},"excerpt":{"rendered":"<p>Para que sepas d\u00f3nde vivir y experimentar la cultura espa\u00f1ola, TANDEM Madrid te invita a disfrutar de estos tres grandes museos mientras aprendes espa\u00f1ol: el Thyssen, el Prado y el Reina Sof\u00eda, que se encuentran cerca de nuestra escuela. Incluye 2 visitas a museos por semana. Selecciona los servicios adicionales para visitas adicionales.<\/p>\n<p style=\"text-align:center;\"><a href=\"\/es\/c\/espanol-y-pasion-por-el-arte\/\" title=\"M\u00e1s informaci\u00f3n sobre el curso: El espa\u00f1ol y la pasi\u00f3n por el arte\" class=\"buttonaction\">M\u00e1s informaci\u00f3n sobre este curso<\/a><\/p>\n","protected":false},"featured_media":6659,"template":"","meta":[],"product_cat":[113,114],"product_tag":[],"_links":{"self":[{"href":"https:\/\/dev.tandemmadrid.com\/es\/wp-json\/wp\/v2\/product\/9200"}],"collection":[{"href":"https:\/\/dev.tandemmadrid.com\/es\/wp-json\/wp\/v2\/product"}],"about":[{"href":"https:\/\/dev.tandemmadrid.com\/es\/wp-json\/wp\/v2\/types\/product"}],"version-history":[{"count":0,"href":"https:\/\/dev.tandemmadrid.com\/es\/wp-json\/wp\/v2\/product\/9200\/revisions"}],"wp:featuredmedia":[{"embeddable":true,"href":"https:\/\/dev.tandemmadrid.com\/es\/wp-json\/wp\/v2\/media\/6659"}],"wp:attachment":[{"href":"https:\/\/dev.tandemmadrid.com\/es\/wp-json\/wp\/v2\/media?parent=9200"}],"wp:term":[{"taxonomy":"product_cat","embeddable":true,"href":"https:\/\/dev.tandemmadrid.com\/es\/wp-json\/wp\/v2\/product_cat?post=9200"},{"taxonomy":"product_tag","embeddable":true,"href":"https:\/\/dev.tandemmadrid.com\/es\/wp-json\/wp\/v2\/product_tag?post=9200"}],"curies":[{"name":"wp","href":"https:\/\/api.w.org\/{rel}","templated":true}]}}