
{"id":9202,"date":"2023-10-10T18:49:00","date_gmt":"2023-10-10T16:49:00","guid":{"rendered":"https:\/\/dev.tandemmadrid.com\/shop\/reserva-el-curso-espanol-y-pasion-por-la-noche-madrilena\/"},"modified":"2024-02-01T11:24:58","modified_gmt":"2024-02-01T10:24:58","slug":"noche-madrilena","status":"publish","type":"product","link":"https:\/\/dev.tandemmadrid.com\/es\/tienda\/noche-madrilena\/","title":{"rendered":"Reserva el curso: Espa\u00f1ol y pasi\u00f3n por la noche madrile\u00f1a"},"content":{"rendered":"<table class=\"tabla-cursos\" width=\"100%\">\n<tbody>\n<tr>\n<td class=\"celdas-izq\"><strong>Fechas de inicio<\/strong><\/td>\n<td class=\"celdas-dcha\">Todos los lunes del a\u00f1o<\/td>\n<\/tr>\n<tr>\n<td class=\"celdas-izq\"><strong>Lecciones semanales<\/strong><\/td>\n<td class=\"celdas-dcha\">20 lecciones\/semana &#8211; 4 lecciones\/d\u00eda + 2 lecciones\/semana de espa\u00f1ol y conversaci\u00f3n a partir del nivel A2<\/td>\n<\/tr>\n<tr>\n<td class=\"celdas-izq\"><strong>Duraci\u00f3n<\/strong><\/td>\n<td class=\"celdas-dcha\">M\u00ednimo 1 semana de curso de espa\u00f1ol + 2 actividades acompa\u00f1adas por Insiders<\/em><\/td>\n<\/tr>\n<tr>\n<td class=\"celdas-izq\"><strong>Niveles<\/strong><\/td>\n<td class=\"celdas-dcha\">Todos los niveles<\/td>\n<\/tr>\n<tr>\n<tr>\n<td class=\"celdas-izq\"><strong>Duraci\u00f3n de una lecci\u00f3n<\/strong><\/td>\n<td class=\"celdas-dcha\">45 min<\/td>\n<\/tr>\n<tr>\n<td class=\"celdas-izq\"><strong>Edad m\u00ednima<\/strong><\/td>\n<td class=\"celdas-dcha\">18 a\u00f1os<\/td>\n<\/tr>\n<tr>\n<td class=\"celdas-izq\"><strong>Actividades culturales<\/strong><\/td>\n<td class=\"celdas-dcha\">\n<p>Tour por Malasa\u00f1a + Tour por Chueca<\/td>\n<\/tr>\n<tr>\n<td class=\"celdas-izq\"><strong>Disponibilidad<\/strong><\/td>\n<td class=\"celdas-dcha\">Todo el a\u00f1o<\/td>\n<\/tr>\n<tr>\n<td class=\"celdas-izq\"><strong>Tasas de matriculaci\u00f3n<\/strong><\/td>\n<td class=\"celdas-dcha\">50\u20ac.<\/td>\n<\/tr>\n<\/tbody>\n<\/table>\n","protected":false},"excerpt":{"rendered":"<p>El Curso de Espa\u00f1ol y Pasi\u00f3n por la Vida Nocturna Madrile\u00f1a incluye 20 lecciones por semana (4 lecciones de 45 minutos por d\u00eda) y dos acompa\u00f1adas por un profesor-gu\u00eda especializado. Para inscribirse en este programa, debes tener al menos 18 a\u00f1os. No importa si tienes conocimientos previos de espa\u00f1ol o no porque el curso se adapta a todos los niveles.<\/p>\n<p style=\"text-align:center;\"><a href=\"\/es\/c\/espanol-madrid-vida-nocturna\/\" title=\"M\u00e1s informaci\u00f3n sobre el curso: Espa\u00f1ol y pasi\u00f3n por la noche madrile\u00f1a\" class=\"buttonaction\">M\u00e1s informaci\u00f3n sobre este curso<\/a><\/p>\n","protected":false},"featured_media":7386,"template":"","meta":[],"product_cat":[113,114],"product_tag":[],"_links":{"self":[{"href":"https:\/\/dev.tandemmadrid.com\/es\/wp-json\/wp\/v2\/product\/9202"}],"collection":[{"href":"https:\/\/dev.tandemmadrid.com\/es\/wp-json\/wp\/v2\/product"}],"about":[{"href":"https:\/\/dev.tandemmadrid.com\/es\/wp-json\/wp\/v2\/types\/product"}],"version-history":[{"count":0,"href":"https:\/\/dev.tandemmadrid.com\/es\/wp-json\/wp\/v2\/product\/9202\/revisions"}],"wp:featuredmedia":[{"embeddable":true,"href":"https:\/\/dev.tandemmadrid.com\/es\/wp-json\/wp\/v2\/media\/7386"}],"wp:attachment":[{"href":"https:\/\/dev.tandemmadrid.com\/es\/wp-json\/wp\/v2\/media?parent=9202"}],"wp:term":[{"taxonomy":"product_cat","embeddable":true,"href":"https:\/\/dev.tandemmadrid.com\/es\/wp-json\/wp\/v2\/product_cat?post=9202"},{"taxonomy":"product_tag","embeddable":true,"href":"https:\/\/dev.tandemmadrid.com\/es\/wp-json\/wp\/v2\/product_tag?post=9202"}],"curies":[{"name":"wp","href":"https:\/\/api.w.org\/{rel}","templated":true}]}}