
{"id":9205,"date":"2023-10-10T18:06:31","date_gmt":"2023-10-10T16:06:31","guid":{"rendered":"https:\/\/dev.tandemmadrid.com\/shop\/reserva-el-curso-espanol-y-pasion-por-la-moda\/"},"modified":"2024-02-01T11:30:35","modified_gmt":"2024-02-01T10:30:35","slug":"pasion-moda","status":"publish","type":"product","link":"https:\/\/dev.tandemmadrid.com\/es\/tienda\/pasion-moda\/","title":{"rendered":"Reserva el curso: Espa\u00f1ol y pasi\u00f3n por la moda"},"content":{"rendered":"<table class=\"tabla-cursos\">\n<tbody>\n<tr>\n<td class=\"celdas-izq\"><strong>Fechas de inicio<\/strong><\/td>\n<td class=\"celdas-dcha\">Todos los lunes del a\u00f1o<\/td>\n<\/tr>\n<tr>\n<td class=\"celdas-izq\"><strong>Lecciones semanales<\/strong><\/td>\n<td class=\"celdas-dcha\">20 lecciones\/semana &#8211; 4 lecciones\/d\u00eda + 2 lecciones\/semana de espa\u00f1ol y conversaci\u00f3n a partir del nivel A2<\/td>\n<\/tr>\n<tr>\n<td class=\"celdas-izq\"><strong>Duraci\u00f3n<\/strong><\/td>\n<td class=\"celdas-dcha\">M\u00ednimo 1 semana de curso de espa\u00f1ol + 2 visitas a museos acompa\u00f1ados por un gu\u00eda experto<\/td>\n<\/tr>\n<tr>\n<td class=\"celdas-izq\"><strong>Niveles<\/strong><\/td>\n<td class=\"celdas-dcha\">Todos los niveles<\/td>\n<\/tr>\n<tr>\n<\/tr>\n<tr>\n<td class=\"celdas-izq\"><strong>Duraci\u00f3n de una lecci\u00f3n<\/strong><\/td>\n<td class=\"celdas-dcha\">45 min<\/td>\n<\/tr>\n<tr>\n<td class=\"celdas-izq\"><strong>Edad m\u00ednima<\/strong><\/td>\n<td class=\"celdas-dcha\">18 a\u00f1os<\/td>\n<\/tr>\n<tr>\n<td class=\"celdas-izq\"><strong>Actividades culturales<\/strong><\/td>\n<td class=\"celdas-dcha\">\n<p>1 visita al Museo del Traje + 1 paseo y compras en Milla de Oro o en la Villa de Rozas<\/td>\n<\/tr>\n<tr>\n<td class=\"celdas-izq\"><strong>Disponibilidad<\/strong><\/td>\n<td class=\"celdas-dcha\">Todo el a\u00f1o<\/td>\n<\/tr>\n<tr>\n<td class=\"celdas-izq\"><strong>Tasas de inscripci\u00f3n<\/strong><\/td>\n<td class=\"celdas-dcha\">50\u20ac.<\/td>\n<\/tr>\n<\/tbody>\n<\/table>\n","protected":false},"excerpt":{"rendered":"<p>Madrid tiene en la moda una de las mejores formas de descubrir la ciudad. Espa\u00f1a ha dejado su huella en empresas de moda de renombre internacional que tienen sus buques insignia en la capital.<br \/>\nEl Curso de Espa\u00f1ol y Pasi\u00f3n por la Moda incluye 20 lecciones por semana (4 lecciones de 45 minutos al d\u00eda) y 2 lecciones acompa\u00f1adas por un profesor-gu\u00eda experto. <\/p>\n<p>El Curso de Espa\u00f1ol y Pasi\u00f3n por la Moda\u00bb\u00bb de TANDEM Madrid ha sido dise\u00f1ado para personas mayores de 18 a\u00f1os con cualquier nivel de espa\u00f1ol. <\/p>\n<p style=\"text-align:center;\"><a href=\"\/es\/c\/espanol-moda\/\" title=\"M\u00e1s informaci\u00f3n sobre el curso: Espa\u00f1ol y pasi\u00f3n por la moda\" class=\"buttonaction\">M\u00e1s informaci\u00f3n sobre este curso<\/a><\/p>\n","protected":false},"featured_media":7393,"template":"","meta":[],"product_cat":[113,114],"product_tag":[],"_links":{"self":[{"href":"https:\/\/dev.tandemmadrid.com\/es\/wp-json\/wp\/v2\/product\/9205"}],"collection":[{"href":"https:\/\/dev.tandemmadrid.com\/es\/wp-json\/wp\/v2\/product"}],"about":[{"href":"https:\/\/dev.tandemmadrid.com\/es\/wp-json\/wp\/v2\/types\/product"}],"version-history":[{"count":0,"href":"https:\/\/dev.tandemmadrid.com\/es\/wp-json\/wp\/v2\/product\/9205\/revisions"}],"wp:featuredmedia":[{"embeddable":true,"href":"https:\/\/dev.tandemmadrid.com\/es\/wp-json\/wp\/v2\/media\/7393"}],"wp:attachment":[{"href":"https:\/\/dev.tandemmadrid.com\/es\/wp-json\/wp\/v2\/media?parent=9205"}],"wp:term":[{"taxonomy":"product_cat","embeddable":true,"href":"https:\/\/dev.tandemmadrid.com\/es\/wp-json\/wp\/v2\/product_cat?post=9205"},{"taxonomy":"product_tag","embeddable":true,"href":"https:\/\/dev.tandemmadrid.com\/es\/wp-json\/wp\/v2\/product_tag?post=9205"}],"curies":[{"name":"wp","href":"https:\/\/api.w.org\/{rel}","templated":true}]}}