
{"id":9206,"date":"2023-10-10T16:50:08","date_gmt":"2023-10-10T14:50:08","guid":{"rendered":"https:\/\/dev.tandemmadrid.com\/shop\/book-the-course-spanish-and-a-passion-for-cool-madrid-neighbourhoods\/"},"modified":"2024-02-01T11:32:32","modified_gmt":"2024-02-01T10:32:32","slug":"barrios-madrid","status":"publish","type":"product","link":"https:\/\/dev.tandemmadrid.com\/es\/tienda\/barrios-madrid\/","title":{"rendered":"Reserva el curso: Espa\u00f1ol y pasi\u00f3n por los barrios de Madrid"},"content":{"rendered":"<table class=\"tabla-cursos\">\n<tbody>\n<tr>\n<td class=\"celdas-izq\">Fechas de inicio del curso de espa\u00f1ol<\/td>\n<td class=\"celdas-dcha\">Cualquier lunes del a\u00f1o<\/td>\n<\/tr>\n<tr class=\"fondo-color\">\n<td class=\"celdas-izq\">Lecciones\/semana<\/td>\n<td class=\"celdas-dcha\">20 lecciones\/semana &#8211; 4 lecciones\/d\u00eda + 2 lecciones\/semana de espa\u00f1ol y conversaci\u00f3n a partir del nivel A2<\/td>\n<\/tr>\n<tr>\n<td class=\"celdas-izq\">Duraci\u00f3n<\/td>\n<td class=\"celdas-dcha\">M\u00ednimo 1 semana de curso de espa\u00f1ol<\/td>\n<\/tr>\n<tr class=\"fondo-color\">\n<td class=\"celdas-izq\">Niveles<\/td>\n<td class=\"celdas-dcha\">Todos los niveles<\/td>\n<\/tr>\n<tr class=\"fondo-color\">\n<td class=\"celdas-izq\">Duraci\u00f3n de la lecci\u00f3n<\/td>\n<td class=\"celdas-dcha\">45 min<\/td>\n<\/tr>\n<tr>\n<td class=\"celdas-izq\">Minimum age<\/td>\n<td class=\"celdas-dcha\">18<\/td>\n<\/tr>\n<tr class=\"fondo-color\">\n<td class=\"celdas-izq\">Actividades culturales<\/td>\n<td class=\"celdas-dcha\">\n<p>Ejemplos de actividades: visita a Chueca, visita al barrio de Salamanca, visita al <i>Madrid de los Austrias<\/i> y al <i>Madrid de los Borbones<\/i> (los legados de los Austrias y los Borbones).<\/td>\n<\/tr>\n<tr>\n<td class=\"celdas-izq\">Disponibilidad<\/td>\n<td class=\"celdas-dcha\">Todo el a\u00f1o<\/td>\n<\/tr>\n<tr>\n<td class=\"celdas-izq\"><strong>Tasa de inscripci\u00f3n<\/strong><\/td>\n<td class=\"celdas-dcha\">\n<p><strong>50\u20ac<\/strong>.<\/p>\n<\/td>\n<\/tr>\n<\/tbody>\n<\/table>\n","protected":false},"excerpt":{"rendered":"<p>Los barrios de Madrid representan la esencia de la vida en esta vibrante ciudad. En Madrid, encontrar\u00e1s una vida callejera alegre, especial y \u00fanica, donde todo el mundo es bienvenido.<br \/>\nEl curso consta de 20 clases semanales, 4 clases de espa\u00f1ol de 45 minutos cada ma\u00f1ana, y actividades culturales por la tarde como la visita al barrio de Chueca, el barrio de Salamanca, el Madrid de los Austrias y los Borbones y otros lugares interesantes.<\/p>\n<p style=\"text-align:center;\"><a href=\"\/es\/c\/espanol-y-pasion-por-madrid-y-sus-barrios\/\" title=\"M\u00e1s informaci\u00f3n sobre el curso: Espa\u00f1ol y pasi\u00f3n por los barrios de Madrid\" class=\"buttonaction\">M\u00e1s informaci\u00f3n sobre este curso<\/a><\/p>\n","protected":false},"featured_media":7401,"template":"","meta":[],"product_cat":[113,114],"product_tag":[],"_links":{"self":[{"href":"https:\/\/dev.tandemmadrid.com\/es\/wp-json\/wp\/v2\/product\/9206"}],"collection":[{"href":"https:\/\/dev.tandemmadrid.com\/es\/wp-json\/wp\/v2\/product"}],"about":[{"href":"https:\/\/dev.tandemmadrid.com\/es\/wp-json\/wp\/v2\/types\/product"}],"version-history":[{"count":0,"href":"https:\/\/dev.tandemmadrid.com\/es\/wp-json\/wp\/v2\/product\/9206\/revisions"}],"wp:featuredmedia":[{"embeddable":true,"href":"https:\/\/dev.tandemmadrid.com\/es\/wp-json\/wp\/v2\/media\/7401"}],"wp:attachment":[{"href":"https:\/\/dev.tandemmadrid.com\/es\/wp-json\/wp\/v2\/media?parent=9206"}],"wp:term":[{"taxonomy":"product_cat","embeddable":true,"href":"https:\/\/dev.tandemmadrid.com\/es\/wp-json\/wp\/v2\/product_cat?post=9206"},{"taxonomy":"product_tag","embeddable":true,"href":"https:\/\/dev.tandemmadrid.com\/es\/wp-json\/wp\/v2\/product_tag?post=9206"}],"curies":[{"name":"wp","href":"https:\/\/api.w.org\/{rel}","templated":true}]}}