
{"id":9208,"date":"2023-10-10T16:47:05","date_gmt":"2023-10-10T14:47:05","guid":{"rendered":"https:\/\/dev.tandemmadrid.com\/shop\/reserva-el-curso-espanol-y-pasion-por-el-cine-de-almodovar\/"},"modified":"2024-02-01T11:33:25","modified_gmt":"2024-02-01T10:33:25","slug":"cine-almodovar","status":"publish","type":"product","link":"https:\/\/dev.tandemmadrid.com\/es\/tienda\/cine-almodovar\/","title":{"rendered":"Reserva el curso: Espa\u00f1ol y pasi\u00f3n por el cine de Almod\u00f3var"},"content":{"rendered":"<table class=\"tabla-cursos\">\n<tbody>\n<tr>\n<td class=\"celdas-izq\">Fechas de inicio del curso de espa\u00f1ol<\/td>\n<td class=\"celdas-dcha\">Cualquier lunes del a\u00f1o<\/td>\n<\/tr>\n<tr class=\"fondo-color\">\n<td class=\"celdas-izq\">Lecciones\/semana<\/td>\n<td class=\"celdas-dcha\">20 lecciones\/semana &#8211; 4 lecciones\/d\u00eda + 2 lecciones\/semana de espa\u00f1ol y conversaci\u00f3n a partir del nivel A2<\/td>\n<\/tr>\n<tr>\n<td class=\"celdas-izq\">Duraci\u00f3n<\/td>\n<td class=\"celdas-dcha\">M\u00ednimo 1 semana de curso de espa\u00f1ol<\/td>\n<\/tr>\n<tr class=\"fondo-color\">\n<td class=\"celdas-izq\">Niveles<\/td>\n<td class=\"celdas-dcha\">Todos los niveles<\/td>\n<\/tr>\n<tr class=\"fondo-color\">\n<td class=\"celdas-izq\">Duraci\u00f3n de la lecci\u00f3n<\/td>\n<td class=\"celdas-dcha\">45 min<\/td>\n<\/tr>\n<tr>\n<td class=\"celdas-izq\">Edad m\u00ednima<\/td>\n<td class=\"celdas-dcha\">18<\/td>\n<\/tr>\n<tr class=\"fondo-color\">\n<td class=\"celdas-izq\">Actividades culturales<\/td>\n<td class=\"celdas-dcha\">\n<p>1 recorrido por los lugares m\u00e1s emblem\u00e1ticos de Madrid que aparecen en las pel\u00edculas de Almod\u00f3var + 1 clase de cine de Almod\u00f3var + 1 sesi\u00f3n de cine de Almod\u00f3var.<\/td>\n<\/tr>\n<tr>\n<td class=\"celdas-izq\">Disponibilidad<\/td>\n<td class=\"celdas-dcha\">Todo el a\u00f1o<\/td>\n<\/tr>\n<tr>\n<td class=\"celdas-izq\"><strong>Cuota de inscripci\u00f3n<\/strong><\/td>\n<td class=\"celdas-dcha\"><strong>50\u20ac<\/strong><\/td>\n<\/tr>\n<\/tbody>\n<\/table>\n","protected":false},"excerpt":{"rendered":"<p>En el curso &#8216;Espa\u00f1ol y pasi\u00f3n por Almod\u00f3var&#8217; de TANDEM Madrid, no s\u00f3lo tendr\u00e1s la oportunidad de aprender espa\u00f1ol en una de las mejores escuelas de idiomas de Madrid, sino tambi\u00e9n de conocer la ciudad de Madrid a trav\u00e9s de las pel\u00edculas de este maravilloso cineasta.<br \/>\nEste programa, que s\u00f3lo est\u00e1 disponible para mayores de 18 a\u00f1os, consta de 20 clases matinales a la semana, 4 clases al d\u00eda de 45 minutos cada una. Por las tardes, se programan actividades culturales que incluyen un recorrido por los lugares m\u00e1s emblem\u00e1ticos de Madrid que aparecen en las pel\u00edculas de Almod\u00f3var, una clase de cine y una noche de cine por el Madrid de Almod\u00f3var y la &#8216;Movida Madrile\u00f1a&#8217;.<\/p>\n<p style=\"text-align:center;\"><a href=\"\/es\/c\/espanol-y-pasion-por-almodovar\/\" title=\"M\u00e1s informaci\u00f3n sobre el curso: El espa\u00f1ol y la pasi\u00f3n por el cine de Almod\u00f3var\" class=\"buttonaction\">M\u00e1s informaci\u00f3n sobre este curso<\/a><\/p>\n","protected":false},"featured_media":7408,"template":"","meta":[],"product_cat":[113,114],"product_tag":[],"_links":{"self":[{"href":"https:\/\/dev.tandemmadrid.com\/es\/wp-json\/wp\/v2\/product\/9208"}],"collection":[{"href":"https:\/\/dev.tandemmadrid.com\/es\/wp-json\/wp\/v2\/product"}],"about":[{"href":"https:\/\/dev.tandemmadrid.com\/es\/wp-json\/wp\/v2\/types\/product"}],"version-history":[{"count":0,"href":"https:\/\/dev.tandemmadrid.com\/es\/wp-json\/wp\/v2\/product\/9208\/revisions"}],"wp:featuredmedia":[{"embeddable":true,"href":"https:\/\/dev.tandemmadrid.com\/es\/wp-json\/wp\/v2\/media\/7408"}],"wp:attachment":[{"href":"https:\/\/dev.tandemmadrid.com\/es\/wp-json\/wp\/v2\/media?parent=9208"}],"wp:term":[{"taxonomy":"product_cat","embeddable":true,"href":"https:\/\/dev.tandemmadrid.com\/es\/wp-json\/wp\/v2\/product_cat?post=9208"},{"taxonomy":"product_tag","embeddable":true,"href":"https:\/\/dev.tandemmadrid.com\/es\/wp-json\/wp\/v2\/product_tag?post=9208"}],"curies":[{"name":"wp","href":"https:\/\/api.w.org\/{rel}","templated":true}]}}