
{"id":9210,"date":"2023-10-10T16:44:13","date_gmt":"2023-10-10T14:44:13","guid":{"rendered":"https:\/\/dev.tandemmadrid.com\/shop\/reserva-el-curso-espanol-y-pasion-por-el-vino\/"},"modified":"2024-02-01T11:23:02","modified_gmt":"2024-02-01T10:23:02","slug":"pasion-vino","status":"publish","type":"product","link":"https:\/\/dev.tandemmadrid.com\/es\/tienda\/pasion-vino\/","title":{"rendered":"Reserva el curso: Espa\u00f1ol y pasi\u00f3n por el vino"},"content":{"rendered":"<table class=\"tabla-cursos\" border=\"1px\">\n<tbody>\n<tr>\n<td class=\"celdas-izq\">Fechas de inicio del curso de espa\u00f1ol<\/td>\n<td class=\"celdas-dcha\">Cualquier lunes del a\u00f1o<\/td>\n<\/tr>\n<tr class=\"fondo-color\">\n<td class=\"celdas-izq\">Lecciones\/semana<\/td>\n<td class=\"celdas-dcha\">20 lecciones\/semana &#8211; 4 lecciones\/d\u00eda + 2 lecciones\/semana de espa\u00f1ol y conversaci\u00f3n a partir del nivel A2<\/td>\n<\/tr>\n<tr>\n<td class=\"celdas-izq\">Duraci\u00f3n<\/td>\n<td class=\"celdas-dcha\">M\u00ednimo 1 semana de curso de espa\u00f1ol<\/td>\n<\/tr>\n<tr class=\"fondo-color\">\n<td class=\"celdas-izq\">Niveles<\/td>\n<td class=\"celdas-dcha\">Todos los niveles<\/td>\n<\/tr>\n<tr class=\"fondo-color\">\n<td class=\"celdas-izq\">Duraci\u00f3n de la lecci\u00f3n<\/td>\n<td class=\"celdas-dcha\">45 min<\/td>\n<\/tr>\n<tr>\n<td class=\"celdas-izq\">Edad m\u00ednima<\/td>\n<td class=\"celdas-dcha\">18<\/td>\n<\/tr>\n<tr class=\"fondo-color\">\n<td class=\"celdas-izq\">Actividades culturales<\/td>\n<td class=\"celdas-dcha\">\n<p>Ejemplos: cata de vinos, visita a una bodega, clase de iniciaci\u00f3n al arte y al vino en el Museo del Prado<\/td>\n<\/tr>\n<tr>\n<td class=\"celdas-izq\">Disponibilidad<\/td>\n<td class=\"celdas-dcha\">Todo el a\u00f1o<\/td>\n<\/tr>\n<tr>\n<td class=\"celdas-izq\"><strong>Tasa de inscripci\u00f3n<\/strong><\/td>\n<td class=\"celdas-dcha\">\n<p><strong>50\u20ac<\/strong>.<\/p>\n<\/td>\n<\/tr>\n<\/tbody>\n<\/table>\n","protected":false},"excerpt":{"rendered":"<p>En este programa especial, el estudio de espa\u00f1ol se combinar\u00e1 con estudios relacionados con la cultura espa\u00f1ola del vino. Por las ma\u00f1anas se imparten 4 lecciones diarias de espa\u00f1ol y las tardes se dedicar\u00e1n a actividades culturales relacionadas con la enolog\u00eda: catas de vino, visita a una bodega o una clase de introducci\u00f3n al arte y al vino en el Museo del Prado.<\/p>\n<p style=\"text-align:center;\"><a href=\"\/es\/c\/espanol-y-pasion-por-el-vino\/\" title=\"M\u00e1s informaci\u00f3n sobre el curso: Espa\u00f1ol y pasi\u00f3n por el vino\" class=\"buttonaction\">M\u00e1s informaci\u00f3n sobre este curso<\/a><\/p>\n","protected":false},"featured_media":6620,"template":"","meta":[],"product_cat":[113,114],"product_tag":[],"_links":{"self":[{"href":"https:\/\/dev.tandemmadrid.com\/es\/wp-json\/wp\/v2\/product\/9210"}],"collection":[{"href":"https:\/\/dev.tandemmadrid.com\/es\/wp-json\/wp\/v2\/product"}],"about":[{"href":"https:\/\/dev.tandemmadrid.com\/es\/wp-json\/wp\/v2\/types\/product"}],"version-history":[{"count":0,"href":"https:\/\/dev.tandemmadrid.com\/es\/wp-json\/wp\/v2\/product\/9210\/revisions"}],"wp:featuredmedia":[{"embeddable":true,"href":"https:\/\/dev.tandemmadrid.com\/es\/wp-json\/wp\/v2\/media\/6620"}],"wp:attachment":[{"href":"https:\/\/dev.tandemmadrid.com\/es\/wp-json\/wp\/v2\/media?parent=9210"}],"wp:term":[{"taxonomy":"product_cat","embeddable":true,"href":"https:\/\/dev.tandemmadrid.com\/es\/wp-json\/wp\/v2\/product_cat?post=9210"},{"taxonomy":"product_tag","embeddable":true,"href":"https:\/\/dev.tandemmadrid.com\/es\/wp-json\/wp\/v2\/product_tag?post=9210"}],"curies":[{"name":"wp","href":"https:\/\/api.w.org\/{rel}","templated":true}]}}