
{"id":9213,"date":"2023-10-10T16:52:12","date_gmt":"2023-10-10T14:52:12","guid":{"rendered":"https:\/\/dev.tandemmadrid.com\/shop\/reserve-el-curso-espanol-y-pasion-por-los-pequenos-museos\/"},"modified":"2024-02-01T11:39:33","modified_gmt":"2024-02-01T10:39:33","slug":"pequenos-museos","status":"publish","type":"product","link":"https:\/\/dev.tandemmadrid.com\/es\/tienda\/pequenos-museos\/","title":{"rendered":"Reserve el curso: Espa\u00f1ol y pasi\u00f3n por los peque\u00f1os museos"},"content":{"rendered":"<table class=\"tabla-cursos\">\n<tbody>\n<tr>\n<td class=\"celdas-izq\">Fechas de inicio del curso de espa\u00f1ol<\/td>\n<td class=\"celdas-dcha\">\n<p>Cualquier lunes del a\u00f1o<\/p>\n<p>Los principiantes absolutos deben empezar el primer o tercer lunes de cada mes<\/td>\n<\/tr>\n<tr class=\"fondo-color\">\n<td class=\"celdas-izq\">Lecciones\/semana<\/td>\n<td class=\"celdas-dcha\">20 lecciones\/semana &#8211; 4 lecciones\/d\u00eda + 2 lecciones\/semana de espa\u00f1ol y conversaci\u00f3n a partir del nivel A2<\/td>\n<\/tr>\n<tr>\n<td class=\"celdas-izq\">Duraci\u00f3n<\/td>\n<td class=\"celdas-dcha\">M\u00ednimo 1 semana de curso de espa\u00f1ol<\/td>\n<\/tr>\n<tr class=\"fondo-color\">\n<td class=\"celdas-izq\">Niveles<\/td>\n<td class=\"celdas-dcha\">Todos los niveles<\/td>\n<\/tr>\n<tr class=\"fondo-color\">\n<td class=\"celdas-izq\">Duraci\u00f3n de la lecci\u00f3n<\/td>\n<td class=\"celdas-dcha\">45 min<\/td>\n<\/tr>\n<tr>\n<td class=\"celdas-izq\">Edad m\u00ednima<\/td>\n<td class=\"celdas-dcha\">18<\/td>\n<\/tr>\n<tr class=\"fondo-color\">\n<td class=\"celdas-izq\">Actividades culturales<\/td>\n<td class=\"celdas-dcha\">\n<p>1 visita al Museo Sorolla + 1 visita al Museo del Romanticismo + 1 visita a la Fundaci\u00f3n L\u00e1zaro Galdiano<\/td>\n<\/tr>\n<tr>\n<td class=\"celdas-izq\">Disponibilidad<\/td>\n<td class=\"celdas-dcha\">Todo el a\u00f1o<\/td>\n<\/tr>\n<tr>\n<td class=\"celdas-izq\"><strong>Tasa de inscripci\u00f3n<\/strong><\/td>\n<td class=\"celdas-dcha\"><strong>50\u20ac<\/strong><\/td>\n<\/tr>\n<\/tbody>\n<\/table>\n","protected":false},"excerpt":{"rendered":"<p>Madrid es mucho m\u00e1s que el \u00abTri\u00e1ngulo de Oro del Arte\u00bb. Adem\u00e1s del Museo del Prado, el Museo Reina Sof\u00eda y el Museo Thyssen, la ciudad esconde entre sus paredes otros peque\u00f1os museos con tesoros culturales que te encantar\u00e1n. El curso incluye un paquete que combina 20 lecciones de espa\u00f1ol a la semana (4 lecciones al d\u00eda de 45 minutos cada una) m\u00e1s una visita a estos tres peque\u00f1os museos de Madrid: Museo Sorolla, Museo del Romanticismo y Museo L\u00e1zaro Galdiano.<\/p>\n<p style=\"text-align:center;\"><a href=\"\/es\/c\/espanol-y-pasion-por-pequenos-museos\/\" title=\"M\u00e1s informaci\u00f3n sobre el curso: Espa\u00f1ol y pasi\u00f3n por los peque\u00f1os museos\" class=\"buttonaction\">M\u00e1s informaci\u00f3n sobre este curso<\/a><\/p>\n","protected":false},"featured_media":6643,"template":"","meta":[],"product_cat":[113,114],"product_tag":[],"_links":{"self":[{"href":"https:\/\/dev.tandemmadrid.com\/es\/wp-json\/wp\/v2\/product\/9213"}],"collection":[{"href":"https:\/\/dev.tandemmadrid.com\/es\/wp-json\/wp\/v2\/product"}],"about":[{"href":"https:\/\/dev.tandemmadrid.com\/es\/wp-json\/wp\/v2\/types\/product"}],"version-history":[{"count":0,"href":"https:\/\/dev.tandemmadrid.com\/es\/wp-json\/wp\/v2\/product\/9213\/revisions"}],"wp:featuredmedia":[{"embeddable":true,"href":"https:\/\/dev.tandemmadrid.com\/es\/wp-json\/wp\/v2\/media\/6643"}],"wp:attachment":[{"href":"https:\/\/dev.tandemmadrid.com\/es\/wp-json\/wp\/v2\/media?parent=9213"}],"wp:term":[{"taxonomy":"product_cat","embeddable":true,"href":"https:\/\/dev.tandemmadrid.com\/es\/wp-json\/wp\/v2\/product_cat?post=9213"},{"taxonomy":"product_tag","embeddable":true,"href":"https:\/\/dev.tandemmadrid.com\/es\/wp-json\/wp\/v2\/product_tag?post=9213"}],"curies":[{"name":"wp","href":"https:\/\/api.w.org\/{rel}","templated":true}]}}