
{"id":9214,"date":"2023-10-10T17:00:29","date_gmt":"2023-10-10T15:00:29","guid":{"rendered":"https:\/\/dev.tandemmadrid.com\/shop\/reservar-el-curso-espanol-y-pasion-por-el-flamenco\/"},"modified":"2024-02-01T11:51:49","modified_gmt":"2024-02-01T10:51:49","slug":"pasion-flamenco","status":"publish","type":"product","link":"https:\/\/dev.tandemmadrid.com\/es\/tienda\/pasion-flamenco\/","title":{"rendered":"Reservar el curso: Espa\u00f1ol y pasi\u00f3n por el flamenco"},"content":{"rendered":"<table class=\"tabla-cursos\">\n<tbody>\n<tr>\n<td class=\"celdas-izq\">Fechas de inicio del curso de espa\u00f1ol<\/td>\n<td class=\"celdas-dcha\">Cualquier lunes del a\u00f1o<\/td>\n<\/tr>\n<tr class=\"fondo-color\">\n<td class=\"celdas-izq\">Lecciones\/semana<\/td>\n<td class=\"celdas-dcha\">20 lecciones de espa\u00f1ol\/semana &#8211; 4 lecciones\/d\u00eda + 2 lecciones\/semana de espa\u00f1ol y conversaci\u00f3n a partir del nivel A2. + 1 clase individual de flamenco de 1 hora + 1 espect\u00e1culo de flamenco<\/td>\n<\/tr>\n<tr>\n<td class=\"celdas-izq\">Duraci\u00f3n<\/td>\n<td class=\"celdas-dcha\">M\u00ednimo 1 semana de curso de espa\u00f1ol<\/td>\n<\/tr>\n<tr class=\"fondo-color\">\n<td class=\"celdas-izq\">Niveles<\/td>\n<td class=\"celdas-dcha\">Todos los niveles<\/td>\n<\/tr>\n<tr class=\"fondo-color\">\n<td class=\"celdas-izq\">Duraci\u00f3n de la lecci\u00f3n<\/td>\n<td class=\"celdas-dcha\">45 min<\/td>\n<\/tr>\n<tr>\n<td class=\"celdas-izq\">Edad m\u00ednima<\/td>\n<td class=\"celdas-dcha\">18<\/td>\n<\/tr>\n<tr class=\"fondo-color\">\n<td class=\"celdas-izq\">Actividades culturales<\/td>\n<td class=\"celdas-dcha\">\n<p>1 clase individual de flamenco de 1 hora + 1 espect\u00e1culo de flamenco por semana.<\/td>\n<\/tr>\n<tr>\n<td class=\"celdas-izq\">Disponibilidad<\/td>\n<td class=\"celdas-dcha\">Todo el a\u00f1o<\/td>\n<\/tr>\n<tr>\n<td class=\"celdas-izq\"><strong>Cuota de inscripci\u00f3n<\/strong><\/td>\n<td class=\"celdas-dcha\"><strong>50\u20ac<\/strong><\/td>\n<\/tr>\n<\/tbody>\n<\/table>\n","protected":false},"excerpt":{"rendered":"<p>En este curso no s\u00f3lo aprender\u00e1s a comunicarte en espa\u00f1ol, sea cual sea tu nivel de competencia, sino que tambi\u00e9n dominar\u00e1s los fundamentos del flamenco, nuestra danza y m\u00fasica universal m\u00e1s querida.<br \/>\nEste programa consta de 20 clases de idiomas a la semana: 4 clases de espa\u00f1ol por la ma\u00f1ana de 45 minutos cada una, y 5 clases de flamenco por la tarde de 1 hora cada una.<\/p>\n<p style=\"text-align:center;\"><a href=\"\/es\/c\/espanol-y-pasion-flamenca\/\" title=\"M\u00e1s informaci\u00f3n sobre el curso: Espa\u00f1ol y pasi\u00f3n por el flamenco\" class=\"buttonaction\">M\u00e1s informaci\u00f3n sobre este curso<\/a><\/p>\n","protected":false},"featured_media":7620,"template":"","meta":[],"product_cat":[113,114],"product_tag":[],"_links":{"self":[{"href":"https:\/\/dev.tandemmadrid.com\/es\/wp-json\/wp\/v2\/product\/9214"}],"collection":[{"href":"https:\/\/dev.tandemmadrid.com\/es\/wp-json\/wp\/v2\/product"}],"about":[{"href":"https:\/\/dev.tandemmadrid.com\/es\/wp-json\/wp\/v2\/types\/product"}],"version-history":[{"count":0,"href":"https:\/\/dev.tandemmadrid.com\/es\/wp-json\/wp\/v2\/product\/9214\/revisions"}],"wp:featuredmedia":[{"embeddable":true,"href":"https:\/\/dev.tandemmadrid.com\/es\/wp-json\/wp\/v2\/media\/7620"}],"wp:attachment":[{"href":"https:\/\/dev.tandemmadrid.com\/es\/wp-json\/wp\/v2\/media?parent=9214"}],"wp:term":[{"taxonomy":"product_cat","embeddable":true,"href":"https:\/\/dev.tandemmadrid.com\/es\/wp-json\/wp\/v2\/product_cat?post=9214"},{"taxonomy":"product_tag","embeddable":true,"href":"https:\/\/dev.tandemmadrid.com\/es\/wp-json\/wp\/v2\/product_tag?post=9214"}],"curies":[{"name":"wp","href":"https:\/\/api.w.org\/{rel}","templated":true}]}}