
{"id":9215,"date":"2023-10-10T15:12:40","date_gmt":"2023-10-10T13:12:40","guid":{"rendered":"https:\/\/dev.tandemmadrid.com\/shop\/book-the-course-combined-spanish-courses\/"},"modified":"2024-02-01T12:00:36","modified_gmt":"2024-02-01T11:00:36","slug":"combinado","status":"publish","type":"product","link":"https:\/\/dev.tandemmadrid.com\/es\/tienda\/combinado\/","title":{"rendered":"Reserva el curso: Cursos combinados de espa\u00f1ol"},"content":{"rendered":"<table class=\"tabla-cursos\">\n<tbody>\n<tr>\n<td class=\"celdas-izq\">Fecha de inicio<\/td>\n<td class=\"celdas-dcha\">CUALQUIER LUNES DEL A\u00d1O<\/td>\n<\/tr>\n<tr class=\"fondo-color\">\n<td class=\"celdas-izq\">Lecciones por semana<\/td>\n<td class=\"celdas-dcha\"><strong>Clases en grupo<\/strong>: 20 clases de espa\u00f1ol a la semana (4 clases al d\u00eda) + 2 clases a la semana de espa\u00f1ol y conversaci\u00f3n a partir del nivel A2. Total: 22 lecciones\/semana.<\/br><strong>Clases particulares<\/strong>: 10 lecciones\/semana<\/td>\n<\/tr>\n<tr>\n<td class=\"celdas-izq\">Duraci\u00f3n<\/td>\n<td class=\"celdas-dcha\">M\u00ednimo: 1 semana<\/td>\n<\/tr>\n<tr class=\"fondo-color\">\n<td class=\"celdas-izq\">Niveles<\/td>\n<td class=\"celdas-dcha\">Todos los niveles<\/td>\n<\/tr>\n<tr class=\"fondo-color\">\n<td class=\"celdas-izq\">Duraci\u00f3n de la lecci\u00f3n<\/td>\n<td class=\"celdas-dcha\">45 min<\/td>\n<\/tr>\n<tr>\n<td class=\"celdas-izq\"><strong>Tasa de inscripci\u00f3n<\/strong><\/td>\n<td class=\"celdas-dcha\">\n<p><strong>50\u20ac<\/strong>.<\/p>\n<\/td>\n<\/tr>\n<\/tbody>\n<\/table>\n","protected":false},"excerpt":{"rendered":"<p>TANDEM Madrid ofrece un curso especialmente dise\u00f1ado para aquellos que desean estudiar en grupos reducidos y tener la oportunidad de conocer gente con intereses similares.<br \/>\nLos cursos combinados de espa\u00f1ol de TANDEM est\u00e1n abiertos a todos los niveles y constan de 20 clases en grupo por semana m\u00e1s 10 clases particulares por semana, que podr\u00e1s adaptar a tus necesidades espec\u00edficas con la ayuda de tu profesor.<\/p>\n<p style=\"text-align:center;\"><a href=\"\/es\/c\/cursos-de-espanol-combinados\/\" title=\"M\u00e1s informaci\u00f3n sobre el curso: Cursos combinados de espa\u00f1ol\" class=\"buttonaction\">M\u00e1s informaci\u00f3n sobre este curso<\/a><\/p>\n","protected":false},"featured_media":6612,"template":"","meta":[],"product_cat":[110],"product_tag":[],"_links":{"self":[{"href":"https:\/\/dev.tandemmadrid.com\/es\/wp-json\/wp\/v2\/product\/9215"}],"collection":[{"href":"https:\/\/dev.tandemmadrid.com\/es\/wp-json\/wp\/v2\/product"}],"about":[{"href":"https:\/\/dev.tandemmadrid.com\/es\/wp-json\/wp\/v2\/types\/product"}],"version-history":[{"count":0,"href":"https:\/\/dev.tandemmadrid.com\/es\/wp-json\/wp\/v2\/product\/9215\/revisions"}],"wp:featuredmedia":[{"embeddable":true,"href":"https:\/\/dev.tandemmadrid.com\/es\/wp-json\/wp\/v2\/media\/6612"}],"wp:attachment":[{"href":"https:\/\/dev.tandemmadrid.com\/es\/wp-json\/wp\/v2\/media?parent=9215"}],"wp:term":[{"taxonomy":"product_cat","embeddable":true,"href":"https:\/\/dev.tandemmadrid.com\/es\/wp-json\/wp\/v2\/product_cat?post=9215"},{"taxonomy":"product_tag","embeddable":true,"href":"https:\/\/dev.tandemmadrid.com\/es\/wp-json\/wp\/v2\/product_tag?post=9215"}],"curies":[{"name":"wp","href":"https:\/\/api.w.org\/{rel}","templated":true}]}}