
{"id":9218,"date":"2023-10-09T16:30:20","date_gmt":"2023-10-09T14:30:20","guid":{"rendered":"https:\/\/dev.tandemmadrid.com\/shop\/reserva-el-curso-espanol-por-videoconferencia\/"},"modified":"2024-02-01T12:14:17","modified_gmt":"2024-02-01T11:14:17","slug":"espanol-videoconferencia","status":"publish","type":"product","link":"https:\/\/dev.tandemmadrid.com\/es\/tienda\/espanol-videoconferencia\/","title":{"rendered":"Reserva el curso: Espa\u00f1ol por Videoconferencia"},"content":{"rendered":"<p>Fecha de inicio: todos los lunes del a\u00f1o<br \/>\nLecciones por semana: 20 lecciones de espa\u00f1ol por semana &#8211; 4 lecciones por d\u00eda. 1 lecci\u00f3n, 45 minutos.<br \/>\nDuraci\u00f3n: a partir de una semana.<br \/>\nNiveles: todos los niveles.<br \/>\nM\u00e1ximo 10 alumnos por grupo.<\/p>\n","protected":false},"excerpt":{"rendered":"<p>TANDEM Madrid ofrece clases de espa\u00f1ol por videoconferencia desde Espa\u00f1a, con lecciones impartidas directamente desde nuestra escuela en Madrid. Esto te permitir\u00e1 aprender espa\u00f1ol f\u00e1cilmente a distancia.<\/p>\n<p style=\"text-align:center;\"><a href=\"\/es\/espanol-online\/cursos-videoconferencia\/\" title=\"M\u00e1s informaci\u00f3n sobre el curso: Curso intensivo de espa\u00f1ol online est\u00e1ndar en grupo (Zoom)\" class=\"buttonaction\">M\u00e1s informaci\u00f3n sobre este curso<\/a><\/p>\n","protected":false},"featured_media":6458,"template":"","meta":[],"product_cat":[110,111],"product_tag":[],"_links":{"self":[{"href":"https:\/\/dev.tandemmadrid.com\/es\/wp-json\/wp\/v2\/product\/9218"}],"collection":[{"href":"https:\/\/dev.tandemmadrid.com\/es\/wp-json\/wp\/v2\/product"}],"about":[{"href":"https:\/\/dev.tandemmadrid.com\/es\/wp-json\/wp\/v2\/types\/product"}],"version-history":[{"count":0,"href":"https:\/\/dev.tandemmadrid.com\/es\/wp-json\/wp\/v2\/product\/9218\/revisions"}],"wp:featuredmedia":[{"embeddable":true,"href":"https:\/\/dev.tandemmadrid.com\/es\/wp-json\/wp\/v2\/media\/6458"}],"wp:attachment":[{"href":"https:\/\/dev.tandemmadrid.com\/es\/wp-json\/wp\/v2\/media?parent=9218"}],"wp:term":[{"taxonomy":"product_cat","embeddable":true,"href":"https:\/\/dev.tandemmadrid.com\/es\/wp-json\/wp\/v2\/product_cat?post=9218"},{"taxonomy":"product_tag","embeddable":true,"href":"https:\/\/dev.tandemmadrid.com\/es\/wp-json\/wp\/v2\/product_tag?post=9218"}],"curies":[{"name":"wp","href":"https:\/\/api.w.org\/{rel}","templated":true}]}}