
{"id":9219,"date":"2023-10-09T17:20:57","date_gmt":"2023-10-09T15:20:57","guid":{"rendered":"https:\/\/dev.tandemmadrid.com\/shop\/reserva-el-curso-curso-de-preparacion-para-el-examen-ccse\/"},"modified":"2024-02-01T12:19:09","modified_gmt":"2024-02-01T11:19:09","slug":"examen-ccse","status":"publish","type":"product","link":"https:\/\/dev.tandemmadrid.com\/es\/tienda\/examen-ccse\/","title":{"rendered":"Reserva el curso: Curso de preparaci\u00f3n para el examen CCSE"},"content":{"rendered":"<table class=\"tabla-cursos\">\n<tbody>\n<tr>\n<td class=\"celdas-izq\">Fechas de inicio de nuestros cursos<\/td>\n<td class=\"celdas-dcha\">\n<p><strong>Te recomendamos que empieces el curso al menos 4 semanas antes de la fecha del examen que has solicitado.<\/strong><\/p>\n<\/td>\n<\/tr>\n<tr class=\"fondo-color\">\n<td class=\"celdas-izq\">Lecciones<\/td>\n<td class=\"celdas-dcha\">\n<p>1 d\u00eda a la semana (3 lecciones en el mismo d\u00eda)<\/p>\n<p>4 semanas &#8211; 12 lecciones en total<\/p>\n<p>45 minutos\/lecci\u00f3n<\/p>\n<\/td>\n<\/tr>\n<tr class=\"fondo-color\">\n<td class=\"celdas-izq\">Duraci\u00f3n<\/td>\n<td class=\"celdas-dcha\">A partir de 4 semanas<\/td>\n<\/tr>\n<tr>\n<td class=\"celdas-izq\">Tasa de inscripci\u00f3n<\/td>\n<td class=\"celdas-dcha\"><strong>30\u20ac<\/strong>, incluye: servicio de inscripci\u00f3n para el examen CCSE, material del curso, paquete de bienvenida, acceso a Internet y Wi-Fi, certificado de asistencia al curso y nivel alcanzado<\/td>\n<\/tr>\n<\/tbody>\n<\/table>\n","protected":false},"excerpt":{"rendered":"<p>TANDEM Madrid te ayuda a preparar y matricularte para el examen CCSE. (Puedes hacer el examen directamente en nuestra escuela). El examen CCSE certifica tu conocimiento de la Constituci\u00f3n Espa\u00f1ola as\u00ed como la actualidad social y cultural de Espa\u00f1a, lo que constituye un requisito obligatorio para obtener la ciudadan\u00eda\/nacionalidad espa\u00f1ola, tal y como estipula la ley.<\/p>\n<p style=\"text-align:center;\"><a href=\"\/es\/c\/curso-preparacion-prueba-ccse\/\" title=\"M\u00e1s informaci\u00f3n sobre el curso: Curso de preparaci\u00f3n para el examen CCSE\" class=\"buttonaction\">M\u00e1s informaci\u00f3n sobre este curso<\/a><\/p>\n","protected":false},"featured_media":6796,"template":"","meta":[],"product_cat":[106],"product_tag":[],"_links":{"self":[{"href":"https:\/\/dev.tandemmadrid.com\/es\/wp-json\/wp\/v2\/product\/9219"}],"collection":[{"href":"https:\/\/dev.tandemmadrid.com\/es\/wp-json\/wp\/v2\/product"}],"about":[{"href":"https:\/\/dev.tandemmadrid.com\/es\/wp-json\/wp\/v2\/types\/product"}],"version-history":[{"count":0,"href":"https:\/\/dev.tandemmadrid.com\/es\/wp-json\/wp\/v2\/product\/9219\/revisions"}],"wp:featuredmedia":[{"embeddable":true,"href":"https:\/\/dev.tandemmadrid.com\/es\/wp-json\/wp\/v2\/media\/6796"}],"wp:attachment":[{"href":"https:\/\/dev.tandemmadrid.com\/es\/wp-json\/wp\/v2\/media?parent=9219"}],"wp:term":[{"taxonomy":"product_cat","embeddable":true,"href":"https:\/\/dev.tandemmadrid.com\/es\/wp-json\/wp\/v2\/product_cat?post=9219"},{"taxonomy":"product_tag","embeddable":true,"href":"https:\/\/dev.tandemmadrid.com\/es\/wp-json\/wp\/v2\/product_tag?post=9219"}],"curies":[{"name":"wp","href":"https:\/\/api.w.org\/{rel}","templated":true}]}}